{"id":8169,"date":"2022-02-08T23:05:23","date_gmt":"2022-02-08T23:05:23","guid":{"rendered":"https:\/\/www.lignebleue.biz\/?page_id=8169"},"modified":"2022-03-10T23:10:48","modified_gmt":"2022-03-10T23:10:48","slug":"doc-10a-souscription-directe-arbitrages","status":"publish","type":"page","link":"https:\/\/www.lignebleue.biz\/index.php\/doc-10a-souscription-directe-arbitrages\/","title":{"rendered":"Doc 10a &#8211; souscription directe &#8211; arbitrages"},"content":{"rendered":"\t\t<div data-elementor-type=\"wp-page\" data-elementor-id=\"8169\" class=\"elementor elementor-8169\" data-elementor-post-type=\"page\">\n\t\t\t\t\t\t<section class=\"elementor-section elementor-top-section elementor-element elementor-element-6e66f51 elementor-section-full_width elementor-section-height-default elementor-section-height-default\" data-id=\"6e66f51\" data-element_type=\"section\" data-e-type=\"section\">\n\t\t\t\t\t\t<div class=\"elementor-container elementor-column-gap-default\">\n\t\t\t\t\t<div class=\"elementor-column elementor-col-100 elementor-top-column elementor-element elementor-element-7f782a5\" data-id=\"7f782a5\" data-element_type=\"column\" data-e-type=\"column\">\n\t\t\t<div class=\"elementor-widget-wrap elementor-element-populated\">\n\t\t\t\t\t\t<div class=\"elementor-element elementor-element-52646a8 elementor-widget elementor-widget-heading\" data-id=\"52646a8\" data-element_type=\"widget\" data-e-type=\"widget\" data-widget_type=\"heading.default\">\n\t\t\t\t<div class=\"elementor-widget-container\">\n\t\t\t\t\t<h2 class=\"elementor-heading-title elementor-size-default\">Doc 10A : souscription directe - arbitrages<\/h2>\t\t\t\t<\/div>\n\t\t\t\t<\/div>\n\t\t\t\t<div class=\"elementor-element elementor-element-fb763b1 elementor-widget-divider--view-line elementor-widget elementor-widget-divider\" data-id=\"fb763b1\" data-element_type=\"widget\" data-e-type=\"widget\" data-widget_type=\"divider.default\">\n\t\t\t\t<div class=\"elementor-widget-container\">\n\t\t\t\t\t\t\t<div class=\"elementor-divider\">\n\t\t\t<span class=\"elementor-divider-separator\">\n\t\t\t\t\t\t<\/span>\n\t\t<\/div>\n\t\t\t\t\t\t<\/div>\n\t\t\t\t<\/div>\n\t\t\t\t<div class=\"elementor-element elementor-element-9d0040b elementor-widget elementor-widget-text-editor\" data-id=\"9d0040b\" data-element_type=\"widget\" data-e-type=\"widget\" data-widget_type=\"text-editor.default\">\n\t\t\t\t<div class=\"elementor-widget-container\">\n\t\t\t\t\t\t\t\t\t<p>Pour toutes les assurances d\u2019\u00e9pargne et placement \u00e9voqu\u00e9es dans ce document, notre bureau travaille avec des partenaires s\u00e9lectionn\u00e9s dont la liste et les caract\u00e9ristiques sont publi\u00e9es sur notre site internet.<\/p>\t\t\t\t\t\t\t\t<\/div>\n\t\t\t\t<\/div>\n\t\t\t\t\t<\/div>\n\t\t<\/div>\n\t\t\t\t\t<\/div>\n\t\t<\/section>\n\t\t\t\t<section class=\"elementor-section elementor-top-section elementor-element elementor-element-b91aca1 elementor-section-height-min-height elementor-section-items-top stax-condition-yes stax-user_role_enabled-yes elementor-section-boxed elementor-section-height-default\" data-id=\"b91aca1\" data-element_type=\"section\" data-e-type=\"section\">\n\t\t\t\t\t\t<div class=\"elementor-container elementor-column-gap-default\">\n\t\t\t\t\t<div class=\"elementor-column elementor-col-100 elementor-top-column elementor-element elementor-element-4b3ce03\" data-id=\"4b3ce03\" data-element_type=\"column\" data-e-type=\"column\" data-settings=\"{&quot;background_background&quot;:&quot;classic&quot;}\">\n\t\t\t<div class=\"elementor-widget-wrap elementor-element-populated\">\n\t\t\t\t\t\t<div class=\"elementor-element elementor-element-2d32c1b elementor-widget elementor-widget-text-editor\" data-id=\"2d32c1b\" data-element_type=\"widget\" data-e-type=\"widget\" data-widget_type=\"text-editor.default\">\n\t\t\t\t<div class=\"elementor-widget-container\">\n\t\t\t\t\t\t\t\t\t<p>Avant toute chose, vous devez \u00eatre client chez Ligne Bleue.<\/p><p>Pour ce faire, veuillez remplir une fiche client ou vous connecter<\/p>\t\t\t\t\t\t\t\t<\/div>\n\t\t\t\t<\/div>\n\t\t\t\t<section class=\"elementor-section elementor-inner-section elementor-element elementor-element-a2789f8 stax-condition-yes stax-user_role_enabled-yes elementor-section-boxed elementor-section-height-default elementor-section-height-default\" data-id=\"a2789f8\" data-element_type=\"section\" data-e-type=\"section\">\n\t\t\t\t\t\t<div class=\"elementor-container elementor-column-gap-default\">\n\t\t\t\t\t<div class=\"elementor-column elementor-col-50 elementor-inner-column elementor-element elementor-element-08557b0\" data-id=\"08557b0\" data-element_type=\"column\" data-e-type=\"column\">\n\t\t\t<div class=\"elementor-widget-wrap elementor-element-populated\">\n\t\t\t\t\t\t<div class=\"elementor-element elementor-element-4f9dd5c elementor-align-right elementor-invisible elementor-widget elementor-widget-button\" data-id=\"4f9dd5c\" data-element_type=\"widget\" data-e-type=\"widget\" data-settings=\"{&quot;_animation&quot;:&quot;fadeIn&quot;,&quot;_animation_delay&quot;:&quot;200&quot;}\" data-widget_type=\"button.default\">\n\t\t\t\t<div class=\"elementor-widget-container\">\n\t\t\t\t\t\t\t\t\t<div class=\"elementor-button-wrapper\">\n\t\t\t\t\t<a class=\"elementor-button elementor-button-link elementor-size-sm\" href=\"#elementor-action%3Aaction%3Dpopup%3Aopen%26settings%3DeyJpZCI6IjgzMTYiLCJ0b2dnbGUiOmZhbHNlfQ%3D%3D\">\n\t\t\t\t\t\t<span class=\"elementor-button-content-wrapper\">\n\t\t\t\t\t\t\t\t\t<span class=\"elementor-button-text\">Connectez-vous<\/span>\n\t\t\t\t\t<\/span>\n\t\t\t\t\t<\/a>\n\t\t\t\t<\/div>\n\t\t\t\t\t\t\t\t<\/div>\n\t\t\t\t<\/div>\n\t\t\t\t\t<\/div>\n\t\t<\/div>\n\t\t\t\t<div class=\"elementor-column elementor-col-50 elementor-inner-column elementor-element elementor-element-abf63dd\" data-id=\"abf63dd\" data-element_type=\"column\" data-e-type=\"column\">\n\t\t\t<div class=\"elementor-widget-wrap elementor-element-populated\">\n\t\t\t\t\t\t<div class=\"elementor-element elementor-element-e3a0ca0 elementor-align-left elementor-invisible elementor-widget elementor-widget-button\" data-id=\"e3a0ca0\" data-element_type=\"widget\" data-e-type=\"widget\" data-settings=\"{&quot;_animation&quot;:&quot;fadeIn&quot;,&quot;_animation_delay&quot;:&quot;200&quot;}\" data-widget_type=\"button.default\">\n\t\t\t\t<div class=\"elementor-widget-container\">\n\t\t\t\t\t\t\t\t\t<div class=\"elementor-button-wrapper\">\n\t\t\t\t\t<a class=\"elementor-button elementor-button-link elementor-size-sm\" href=\"https:\/\/www.lignebleue.biz\/index.php\/doc1_fiche_client\/\">\n\t\t\t\t\t\t<span class=\"elementor-button-content-wrapper\">\n\t\t\t\t\t\t\t\t\t<span class=\"elementor-button-text\">Inscrivez-vous<\/span>\n\t\t\t\t\t<\/span>\n\t\t\t\t\t<\/a>\n\t\t\t\t<\/div>\n\t\t\t\t\t\t\t\t<\/div>\n\t\t\t\t<\/div>\n\t\t\t\t\t<\/div>\n\t\t<\/div>\n\t\t\t\t\t<\/div>\n\t\t<\/section>\n\t\t\t\t\t<\/div>\n\t\t<\/div>\n\t\t\t\t\t<\/div>\n\t\t<\/section>\n\t\t\t\t<\/div>\n\t\t","protected":false},"excerpt":{"rendered":"<p>Doc 10A : souscription directe &#8211; arbitrages Pour toutes les assurances d&rsquo;\u00e9pargne et placement \u00e9voqu\u00e9es dans ce document, notre bureau travaille avec des partenaires s\u00e9lectionn\u00e9s dont la liste et les caract\u00e9ristiques sont publi\u00e9es sur notre site internet. Avant toute chose, vous devez \u00eatre client chez Ligne Bleue. Pour ce faire, veuillez remplir une fiche client&hellip; <a class=\"more-link\" href=\"https:\/\/www.lignebleue.biz\/index.php\/doc-10a-souscription-directe-arbitrages\/\">Continue reading <span class=\"screen-reader-text\">Doc 10a &#8211; souscription directe &#8211; arbitrages<\/span><\/a><\/p>\n","protected":false},"author":1,"featured_media":0,"parent":0,"menu_order":0,"comment_status":"closed","ping_status":"closed","template":"elementor_header_footer","meta":{"_eb_attr":"","footnotes":""},"class_list":["post-8169","page","type-page","status-publish","hentry","entry"],"_links":{"self":[{"href":"https:\/\/www.lignebleue.biz\/index.php\/wp-json\/wp\/v2\/pages\/8169","targetHints":{"allow":["GET"]}}],"collection":[{"href":"https:\/\/www.lignebleue.biz\/index.php\/wp-json\/wp\/v2\/pages"}],"about":[{"href":"https:\/\/www.lignebleue.biz\/index.php\/wp-json\/wp\/v2\/types\/page"}],"author":[{"embeddable":true,"href":"https:\/\/www.lignebleue.biz\/index.php\/wp-json\/wp\/v2\/users\/1"}],"replies":[{"embeddable":true,"href":"https:\/\/www.lignebleue.biz\/index.php\/wp-json\/wp\/v2\/comments?post=8169"}],"version-history":[{"count":13,"href":"https:\/\/www.lignebleue.biz\/index.php\/wp-json\/wp\/v2\/pages\/8169\/revisions"}],"predecessor-version":[{"id":8539,"href":"https:\/\/www.lignebleue.biz\/index.php\/wp-json\/wp\/v2\/pages\/8169\/revisions\/8539"}],"wp:attachment":[{"href":"https:\/\/www.lignebleue.biz\/index.php\/wp-json\/wp\/v2\/media?parent=8169"}],"curies":[{"name":"wp","href":"https:\/\/api.w.org\/{rel}","templated":true}]}}