{"id":8115,"date":"2022-02-06T13:21:55","date_gmt":"2022-02-06T13:21:55","guid":{"rendered":"https:\/\/www.lignebleue.biz\/?page_id=8115"},"modified":"2025-11-17T11:49:56","modified_gmt":"2025-11-17T09:49:56","slug":"doc-6-epargne-fiscalement-deductible","status":"publish","type":"page","link":"https:\/\/www.lignebleue.biz\/index.php\/doc-6-epargne-fiscalement-deductible\/","title":{"rendered":"Doc 6 &#8211; \u00c9pargne fiscalement d\u00e9ductible"},"content":{"rendered":"\t\t<div data-elementor-type=\"wp-page\" data-elementor-id=\"8115\" class=\"elementor elementor-8115\" data-elementor-post-type=\"page\">\n\t\t\t\t\t\t<section class=\"elementor-section elementor-top-section elementor-element elementor-element-6e66f51 elementor-section-full_width elementor-section-height-default elementor-section-height-default\" data-id=\"6e66f51\" data-element_type=\"section\" data-e-type=\"section\">\n\t\t\t\t\t\t<div class=\"elementor-container elementor-column-gap-default\">\n\t\t\t\t\t<div class=\"elementor-column elementor-col-100 elementor-top-column elementor-element elementor-element-7f782a5\" data-id=\"7f782a5\" data-element_type=\"column\" data-e-type=\"column\">\n\t\t\t<div class=\"elementor-widget-wrap elementor-element-populated\">\n\t\t\t\t\t\t<div class=\"elementor-element elementor-element-52646a8 elementor-widget elementor-widget-heading\" data-id=\"52646a8\" data-element_type=\"widget\" data-e-type=\"widget\" data-widget_type=\"heading.default\">\n\t\t\t\t<div class=\"elementor-widget-container\">\n\t\t\t\t\t<h2 class=\"elementor-heading-title elementor-size-default\">Doc 6 : \u00c9pargne fiscalement d\u00e9ductible\n<\/h2>\t\t\t\t<\/div>\n\t\t\t\t<\/div>\n\t\t\t\t<div class=\"elementor-element elementor-element-fb763b1 elementor-widget-divider--view-line elementor-widget elementor-widget-divider\" data-id=\"fb763b1\" data-element_type=\"widget\" data-e-type=\"widget\" data-widget_type=\"divider.default\">\n\t\t\t\t<div class=\"elementor-widget-container\">\n\t\t\t\t\t\t\t<div class=\"elementor-divider\">\n\t\t\t<span class=\"elementor-divider-separator\">\n\t\t\t\t\t\t<\/span>\n\t\t<\/div>\n\t\t\t\t\t\t<\/div>\n\t\t\t\t<\/div>\n\t\t\t\t<div class=\"elementor-element elementor-element-9d0040b elementor-widget elementor-widget-text-editor\" data-id=\"9d0040b\" data-element_type=\"widget\" data-e-type=\"widget\" data-widget_type=\"text-editor.default\">\n\t\t\t\t<div class=\"elementor-widget-container\">\n\t\t\t\t\t\t\t\t\t<p>Remplissez le formulaire ci-dessous pour introduire votre demande d&rsquo;\u00e9pargne fiscalement d\u00e9ductible.\u00a0<\/p>\t\t\t\t\t\t\t\t<\/div>\n\t\t\t\t<\/div>\n\t\t\t\t\t<\/div>\n\t\t<\/div>\n\t\t\t\t\t<\/div>\n\t\t<\/section>\n\t\t\t\t<section class=\"elementor-section elementor-top-section elementor-element elementor-element-fb40f5f elementor-section-height-min-height elementor-section-items-top stax-condition-yes stax-user_role_enabled-yes elementor-section-boxed elementor-section-height-default\" data-id=\"fb40f5f\" data-element_type=\"section\" data-e-type=\"section\">\n\t\t\t\t\t\t<div class=\"elementor-container elementor-column-gap-default\">\n\t\t\t\t\t<div class=\"elementor-column elementor-col-100 elementor-top-column elementor-element elementor-element-e5b74dc\" data-id=\"e5b74dc\" data-element_type=\"column\" data-e-type=\"column\" data-settings=\"{&quot;background_background&quot;:&quot;classic&quot;}\">\n\t\t\t<div class=\"elementor-widget-wrap elementor-element-populated\">\n\t\t\t\t\t\t<div class=\"elementor-element elementor-element-b6d2975 elementor-widget elementor-widget-text-editor\" data-id=\"b6d2975\" data-element_type=\"widget\" data-e-type=\"widget\" data-widget_type=\"text-editor.default\">\n\t\t\t\t<div class=\"elementor-widget-container\">\n\t\t\t\t\t\t\t\t\t<p>Avant toute chose, vous devez \u00eatre client chez Ligne Bleue.<\/p><p>Pour ce faire, veuillez remplir une fiche client ou vous connecter<\/p>\t\t\t\t\t\t\t\t<\/div>\n\t\t\t\t<\/div>\n\t\t\t\t<section class=\"elementor-section elementor-inner-section elementor-element elementor-element-25f976e stax-condition-yes stax-user_role_enabled-yes elementor-section-boxed elementor-section-height-default elementor-section-height-default\" data-id=\"25f976e\" data-element_type=\"section\" data-e-type=\"section\">\n\t\t\t\t\t\t<div class=\"elementor-container elementor-column-gap-default\">\n\t\t\t\t\t<div class=\"elementor-column elementor-col-50 elementor-inner-column elementor-element elementor-element-33a4ab4\" data-id=\"33a4ab4\" data-element_type=\"column\" data-e-type=\"column\">\n\t\t\t<div class=\"elementor-widget-wrap elementor-element-populated\">\n\t\t\t\t\t\t<div class=\"elementor-element elementor-element-66c326e elementor-align-right elementor-invisible elementor-widget elementor-widget-button\" data-id=\"66c326e\" data-element_type=\"widget\" data-e-type=\"widget\" data-settings=\"{&quot;_animation&quot;:&quot;fadeIn&quot;,&quot;_animation_delay&quot;:&quot;200&quot;}\" data-widget_type=\"button.default\">\n\t\t\t\t<div class=\"elementor-widget-container\">\n\t\t\t\t\t\t\t\t\t<div class=\"elementor-button-wrapper\">\n\t\t\t\t\t<a class=\"elementor-button elementor-button-link elementor-size-sm\" href=\"#elementor-action%3Aaction%3Dpopup%3Aopen%26settings%3DeyJpZCI6IjgzMTYiLCJ0b2dnbGUiOmZhbHNlfQ%3D%3D\">\n\t\t\t\t\t\t<span class=\"elementor-button-content-wrapper\">\n\t\t\t\t\t\t\t\t\t<span class=\"elementor-button-text\">Connectez-vous<\/span>\n\t\t\t\t\t<\/span>\n\t\t\t\t\t<\/a>\n\t\t\t\t<\/div>\n\t\t\t\t\t\t\t\t<\/div>\n\t\t\t\t<\/div>\n\t\t\t\t\t<\/div>\n\t\t<\/div>\n\t\t\t\t<div class=\"elementor-column elementor-col-50 elementor-inner-column elementor-element elementor-element-71aeb24\" data-id=\"71aeb24\" data-element_type=\"column\" data-e-type=\"column\">\n\t\t\t<div class=\"elementor-widget-wrap elementor-element-populated\">\n\t\t\t\t\t\t<div class=\"elementor-element elementor-element-65e8ace elementor-align-left elementor-invisible elementor-widget elementor-widget-button\" data-id=\"65e8ace\" data-element_type=\"widget\" data-e-type=\"widget\" data-settings=\"{&quot;_animation&quot;:&quot;fadeIn&quot;,&quot;_animation_delay&quot;:&quot;200&quot;}\" data-widget_type=\"button.default\">\n\t\t\t\t<div class=\"elementor-widget-container\">\n\t\t\t\t\t\t\t\t\t<div class=\"elementor-button-wrapper\">\n\t\t\t\t\t<a class=\"elementor-button elementor-button-link elementor-size-sm\" href=\"https:\/\/www.lignebleue.biz\/index.php\/doc1_fiche_client\/\">\n\t\t\t\t\t\t<span class=\"elementor-button-content-wrapper\">\n\t\t\t\t\t\t\t\t\t<span class=\"elementor-button-text\">Inscrivez-vous<\/span>\n\t\t\t\t\t<\/span>\n\t\t\t\t\t<\/a>\n\t\t\t\t<\/div>\n\t\t\t\t\t\t\t\t<\/div>\n\t\t\t\t<\/div>\n\t\t\t\t\t<\/div>\n\t\t<\/div>\n\t\t\t\t\t<\/div>\n\t\t<\/section>\n\t\t\t\t\t<\/div>\n\t\t<\/div>\n\t\t\t\t\t<\/div>\n\t\t<\/section>\n\t\t\t\t<\/div>\n\t\t","protected":false},"excerpt":{"rendered":"<p>Doc 6 : \u00e0\u2030pargne fiscalement d\u00e9ductible Remplissez le formulaire ci-dessous pour introduire votre demande d&rsquo;\u00e9pargne fiscalement d\u00e9ductible.\u00a0 Avant toute chose, vous devez \u00eatre client chez Ligne Bleue. Pour ce faire, veuillez remplir une fiche client ou vous connecter Connectez-vous Inscrivez-vous<\/p>\n","protected":false},"author":1,"featured_media":0,"parent":0,"menu_order":0,"comment_status":"closed","ping_status":"closed","template":"elementor_header_footer","meta":{"_eb_attr":"","footnotes":""},"class_list":["post-8115","page","type-page","status-publish","hentry","entry"],"_links":{"self":[{"href":"https:\/\/www.lignebleue.biz\/index.php\/wp-json\/wp\/v2\/pages\/8115","targetHints":{"allow":["GET"]}}],"collection":[{"href":"https:\/\/www.lignebleue.biz\/index.php\/wp-json\/wp\/v2\/pages"}],"about":[{"href":"https:\/\/www.lignebleue.biz\/index.php\/wp-json\/wp\/v2\/types\/page"}],"author":[{"embeddable":true,"href":"https:\/\/www.lignebleue.biz\/index.php\/wp-json\/wp\/v2\/users\/1"}],"replies":[{"embeddable":true,"href":"https:\/\/www.lignebleue.biz\/index.php\/wp-json\/wp\/v2\/comments?post=8115"}],"version-history":[{"count":23,"href":"https:\/\/www.lignebleue.biz\/index.php\/wp-json\/wp\/v2\/pages\/8115\/revisions"}],"predecessor-version":[{"id":11639,"href":"https:\/\/www.lignebleue.biz\/index.php\/wp-json\/wp\/v2\/pages\/8115\/revisions\/11639"}],"wp:attachment":[{"href":"https:\/\/www.lignebleue.biz\/index.php\/wp-json\/wp\/v2\/media?parent=8115"}],"curies":[{"name":"wp","href":"https:\/\/api.w.org\/{rel}","templated":true}]}}