{"id":6626,"date":"2021-08-09T19:33:06","date_gmt":"2021-08-09T19:33:06","guid":{"rendered":"https:\/\/www.lignebleue.biz\/?page_id=6626"},"modified":"2022-11-21T01:34:08","modified_gmt":"2022-11-20T23:34:08","slug":"asrd-informer","status":"publish","type":"page","link":"https:\/\/www.lignebleue.biz\/index.php\/asrd-informer\/","title":{"rendered":"Assurance solde restant d\u00fb : s&rsquo;informer"},"content":{"rendered":"\t\t<div data-elementor-type=\"wp-page\" data-elementor-id=\"6626\" class=\"elementor elementor-6626\" data-elementor-post-type=\"page\">\n\t\t\t\t\t\t<section class=\"elementor-section elementor-top-section elementor-element elementor-element-4499045c elementor-section-full_width elementor-section-height-default elementor-section-height-default\" data-id=\"4499045c\" data-element_type=\"section\" data-e-type=\"section\">\n\t\t\t\t\t\t<div class=\"elementor-container elementor-column-gap-default\">\n\t\t\t\t\t<div class=\"elementor-column elementor-col-33 elementor-top-column elementor-element elementor-element-b1a45f0\" data-id=\"b1a45f0\" data-element_type=\"column\" data-e-type=\"column\">\n\t\t\t<div class=\"elementor-widget-wrap elementor-element-populated\">\n\t\t\t\t\t\t<section class=\"elementor-section elementor-inner-section elementor-element elementor-element-4260095e elementor-section-height-min-height elementor-section-boxed elementor-section-height-default\" data-id=\"4260095e\" data-element_type=\"section\" data-e-type=\"section\" data-settings=\"{&quot;motion_fx_motion_fx_scrolling&quot;:&quot;yes&quot;,&quot;motion_fx_translateY_effect&quot;:&quot;yes&quot;,&quot;motion_fx_translateY_direction&quot;:&quot;negative&quot;,&quot;motion_fx_translateY_speed&quot;:{&quot;unit&quot;:&quot;px&quot;,&quot;size&quot;:&quot;1&quot;,&quot;sizes&quot;:[]},&quot;motion_fx_devices&quot;:[&quot;desktop&quot;],&quot;motion_fx_translateY_affectedRange&quot;:{&quot;unit&quot;:&quot;%&quot;,&quot;size&quot;:&quot;&quot;,&quot;sizes&quot;:{&quot;start&quot;:0,&quot;end&quot;:100}}}\">\n\t\t\t\t\t\t<div class=\"elementor-container elementor-column-gap-default\">\n\t\t\t\t\t<div class=\"elementor-column elementor-col-100 elementor-inner-column elementor-element elementor-element-62b2fb36\" data-id=\"62b2fb36\" data-element_type=\"column\" data-e-type=\"column\">\n\t\t\t<div class=\"elementor-widget-wrap elementor-element-populated\">\n\t\t\t\t\t\t<div class=\"elementor-element elementor-element-8afa350 elementor-widget elementor-widget-heading\" data-id=\"8afa350\" data-element_type=\"widget\" data-e-type=\"widget\" data-widget_type=\"heading.default\">\n\t\t\t\t<div class=\"elementor-widget-container\">\n\t\t\t\t\t<h2 class=\"elementor-heading-title elementor-size-default\"><b>1. <\/b>S'informer<\/h2>\t\t\t\t<\/div>\n\t\t\t\t<\/div>\n\t\t\t\t<div class=\"elementor-element elementor-element-5cfa14ab elementor-widget elementor-widget-text-editor\" data-id=\"5cfa14ab\" data-element_type=\"widget\" data-e-type=\"widget\" data-widget_type=\"text-editor.default\">\n\t\t\t\t<div class=\"elementor-widget-container\">\n\t\t\t\t\t\t\t\t\tSi vous avez contract\u00e9 un pr\u00eat hypoth\u00e9caire, vous devrez la plupart du temps souscrire \u00e0 une assurance solde restant d\u00fb (ou asrd) qui garantit le remboursement (d\u2019une partie) de votre pr\u00eat en cas de d\u00e9c\u00e8s.\t\t\t\t\t\t\t\t<\/div>\n\t\t\t\t<\/div>\n\t\t\t\t\t<\/div>\n\t\t<\/div>\n\t\t\t\t\t<\/div>\n\t\t<\/section>\n\t\t\t\t\t<\/div>\n\t\t<\/div>\n\t\t\t\t<div class=\"elementor-column elementor-col-33 elementor-top-column elementor-element elementor-element-78ab5a44\" data-id=\"78ab5a44\" data-element_type=\"column\" data-e-type=\"column\">\n\t\t\t<div class=\"elementor-widget-wrap elementor-element-populated\">\n\t\t\t\t\t\t<div class=\"elementor-element elementor-element-5916acf4 elementor-widget elementor-widget-image\" data-id=\"5916acf4\" data-element_type=\"widget\" data-e-type=\"widget\" data-widget_type=\"image.default\">\n\t\t\t\t<div class=\"elementor-widget-container\">\n\t\t\t\t\t\t\t\t\t\t\t\t\t\t\t<img fetchpriority=\"high\" decoding=\"async\" width=\"330\" height=\"455\" src=\"https:\/\/www.lignebleue.biz\/wp-content\/uploads\/2021\/03\/plante.jpg\" class=\"attachment-full size-full wp-image-2088\" alt=\"\" srcset=\"https:\/\/www.lignebleue.biz\/wp-content\/uploads\/2021\/03\/plante.jpg 330w, https:\/\/www.lignebleue.biz\/wp-content\/uploads\/2021\/03\/plante-218x300.jpg 218w\" sizes=\"(max-width: 330px) 100vw, 330px\" style=\"width:100%;height:137.88%;max-width:330px\" \/>\t\t\t\t\t\t\t\t\t\t\t\t\t\t\t<\/div>\n\t\t\t\t<\/div>\n\t\t\t\t<div class=\"elementor-element elementor-element-f7b4864 elementor-widget elementor-widget-image\" data-id=\"f7b4864\" data-element_type=\"widget\" data-e-type=\"widget\" data-widget_type=\"image.default\">\n\t\t\t\t<div class=\"elementor-widget-container\">\n\t\t\t\t\t\t\t\t\t\t\t\t\t\t\t<img decoding=\"async\" width=\"327\" height=\"256\" src=\"https:\/\/www.lignebleue.biz\/wp-content\/uploads\/2021\/03\/plante_bas_gauche.jpg\" class=\"attachment-full size-full wp-image-2090\" alt=\"\" srcset=\"https:\/\/www.lignebleue.biz\/wp-content\/uploads\/2021\/03\/plante_bas_gauche.jpg 327w, https:\/\/www.lignebleue.biz\/wp-content\/uploads\/2021\/03\/plante_bas_gauche-300x235.jpg 300w\" sizes=\"(max-width: 327px) 100vw, 327px\" style=\"width:100%;height:78.29%;max-width:327px\" \/>\t\t\t\t\t\t\t\t\t\t\t\t\t\t\t<\/div>\n\t\t\t\t<\/div>\n\t\t\t\t\t<\/div>\n\t\t<\/div>\n\t\t\t\t<div class=\"elementor-column elementor-col-33 elementor-top-column elementor-element elementor-element-7c870102\" data-id=\"7c870102\" data-element_type=\"column\" data-e-type=\"column\">\n\t\t\t<div class=\"elementor-widget-wrap elementor-element-populated\">\n\t\t\t\t\t\t<div class=\"elementor-element elementor-element-c86e736 elementor-widget elementor-widget-image\" data-id=\"c86e736\" data-element_type=\"widget\" data-e-type=\"widget\" data-widget_type=\"image.default\">\n\t\t\t\t<div class=\"elementor-widget-container\">\n\t\t\t\t\t\t\t\t\t\t\t\t\t\t\t<img decoding=\"async\" width=\"327\" height=\"258\" src=\"https:\/\/www.lignebleue.biz\/wp-content\/uploads\/2021\/03\/plante_haut_droit.jpg\" class=\"attachment-full size-full wp-image-2091\" alt=\"\" srcset=\"https:\/\/www.lignebleue.biz\/wp-content\/uploads\/2021\/03\/plante_haut_droit.jpg 327w, https:\/\/www.lignebleue.biz\/wp-content\/uploads\/2021\/03\/plante_haut_droit-300x237.jpg 300w\" sizes=\"(max-width: 327px) 100vw, 327px\" style=\"width:100%;height:78.9%;max-width:327px\" \/>\t\t\t\t\t\t\t\t\t\t\t\t\t\t\t<\/div>\n\t\t\t\t<\/div>\n\t\t\t\t<div class=\"elementor-element elementor-element-774893fa elementor-widget elementor-widget-image\" data-id=\"774893fa\" data-element_type=\"widget\" data-e-type=\"widget\" data-widget_type=\"image.default\">\n\t\t\t\t<div class=\"elementor-widget-container\">\n\t\t\t\t\t\t\t\t\t\t\t\t\t\t\t<img loading=\"lazy\" decoding=\"async\" width=\"326\" height=\"450\" src=\"https:\/\/www.lignebleue.biz\/wp-content\/uploads\/2021\/03\/plante_bas_droite.jpg\" class=\"attachment-full size-full wp-image-2089\" alt=\"\" srcset=\"https:\/\/www.lignebleue.biz\/wp-content\/uploads\/2021\/03\/plante_bas_droite.jpg 326w, https:\/\/www.lignebleue.biz\/wp-content\/uploads\/2021\/03\/plante_bas_droite-217x300.jpg 217w\" sizes=\"(max-width: 326px) 100vw, 326px\" style=\"width:100%;height:138.04%;max-width:326px\" \/>\t\t\t\t\t\t\t\t\t\t\t\t\t\t\t<\/div>\n\t\t\t\t<\/div>\n\t\t\t\t\t<\/div>\n\t\t<\/div>\n\t\t\t\t\t<\/div>\n\t\t<\/section>\n\t\t\t\t<section class=\"elementor-section elementor-top-section elementor-element elementor-element-3a3c717a elementor-section-full_width elementor-section-height-default elementor-section-height-default\" data-id=\"3a3c717a\" data-element_type=\"section\" data-e-type=\"section\">\n\t\t\t\t\t\t<div class=\"elementor-container elementor-column-gap-default\">\n\t\t\t\t\t<div class=\"elementor-column elementor-col-33 elementor-top-column elementor-element elementor-element-12ff7e5a\" data-id=\"12ff7e5a\" data-element_type=\"column\" data-e-type=\"column\">\n\t\t\t<div class=\"elementor-widget-wrap elementor-element-populated\">\n\t\t\t\t\t\t<div class=\"elementor-element elementor-element-1bc9181a elementor-widget elementor-widget-text-editor\" data-id=\"1bc9181a\" data-element_type=\"widget\" data-e-type=\"widget\" data-widget_type=\"text-editor.default\">\n\t\t\t\t<div class=\"elementor-widget-container\">\n\t\t\t\t\t\t\t\t\t<p>Probl\u00e8me : en contrepartie d\u2019un taux de pr\u00eat r\u00e9duit, la plupart des pr\u00eateurs imposent entre autre de souscrire cette assurance par leur interm\u00e9diaire. Ce qui va bien souvent de pair avec un tarif \u00e9lev\u00e9. Sans compter l\u2019effet de fid\u00e9lisation forc\u00e9e puisque la plupart du temps, il est indiqu\u00e9 dans le contrat de pr\u00eat que votre r\u00e9duction sur le taux ne restera valable que tant que les conditions connexes sont respect\u00e9es.<\/p><p>\u00a0<\/p>\t\t\t\t\t\t\t\t<\/div>\n\t\t\t\t<\/div>\n\t\t\t\t\t<\/div>\n\t\t<\/div>\n\t\t\t\t<div class=\"elementor-column elementor-col-33 elementor-top-column elementor-element elementor-element-2a48f6d4\" data-id=\"2a48f6d4\" data-element_type=\"column\" data-e-type=\"column\">\n\t\t\t<div class=\"elementor-widget-wrap elementor-element-populated\">\n\t\t\t\t\t\t<div class=\"elementor-element elementor-element-7c06e415 elementor-widget elementor-widget-text-editor\" data-id=\"7c06e415\" data-element_type=\"widget\" data-e-type=\"widget\" data-widget_type=\"text-editor.default\">\n\t\t\t\t<div class=\"elementor-widget-container\">\n\t\t\t\t\t\t\t\t\t<p><span style=\"background-color: var( --e-global-color-bbb0c65 ); font-size: inherit; letter-spacing: -0.015em; text-align: inherit;\">Pourtant, vous \u00eates l\u00e9galement libre de choisir le contrat qui vous convient, notamment en terme de prix ! Il est donc int\u00e9ressant d\u2019\u00e9tablir un comparatif, ne fut-ce que pour pouvoir mieux n\u00e9gocier avec votre interm\u00e9diaire de pr\u00eat. Notre bureau vous aide en ce sens.<\/span><\/p><p>\u00a0<\/p>\t\t\t\t\t\t\t\t<\/div>\n\t\t\t\t<\/div>\n\t\t\t\t\t<\/div>\n\t\t<\/div>\n\t\t\t\t<div class=\"elementor-column elementor-col-33 elementor-top-column elementor-element elementor-element-1be19ad4\" data-id=\"1be19ad4\" data-element_type=\"column\" data-e-type=\"column\">\n\t\t\t<div class=\"elementor-widget-wrap elementor-element-populated\">\n\t\t\t\t\t\t<div class=\"elementor-element elementor-element-3fdbdc7e elementor-widget elementor-widget-text-editor\" data-id=\"3fdbdc7e\" data-element_type=\"widget\" data-e-type=\"widget\" data-widget_type=\"text-editor.default\">\n\t\t\t\t<div class=\"elementor-widget-container\">\n\t\t\t\t\t\t\t\t\t<p><span style=\"font-size: inherit; text-align: inherit; background-color: var( --e-global-color-bbb0c65 ); letter-spacing: -0.015em;\">Mais avant de comparer, il faut comprendre. Car l\u2019asrd n\u2019est pas un bout de papier qu\u2019on signe en vitesse sur un coin de table. Pour la ma\u00eetriser, pour savoir quel produit et quelle formule vous convient le mieux, et au final, le plus souvent, pour faire des \u00e9conomies, il faut s\u2019informer. mais la t\u00e2che est parfois ardue.<\/span><\/p><p>\u00a0<\/p>\t\t\t\t\t\t\t\t<\/div>\n\t\t\t\t<\/div>\n\t\t\t\t\t<\/div>\n\t\t<\/div>\n\t\t\t\t\t<\/div>\n\t\t<\/section>\n\t\t\t\t<section class=\"elementor-section elementor-top-section elementor-element elementor-element-645002cc elementor-section-full_width elementor-section-height-default elementor-section-height-default\" data-id=\"645002cc\" data-element_type=\"section\" data-e-type=\"section\" data-settings=\"{&quot;background_background&quot;:&quot;classic&quot;}\">\n\t\t\t\t\t\t<div class=\"elementor-container elementor-column-gap-default\">\n\t\t\t\t\t<div class=\"elementor-column elementor-col-100 elementor-top-column elementor-element elementor-element-7df739c1\" data-id=\"7df739c1\" data-element_type=\"column\" data-e-type=\"column\">\n\t\t\t<div class=\"elementor-widget-wrap elementor-element-populated\">\n\t\t\t\t\t\t<div class=\"elementor-element elementor-element-6ee5d747 elementor-widget elementor-widget-text-editor\" data-id=\"6ee5d747\" data-element_type=\"widget\" data-e-type=\"widget\" data-widget_type=\"text-editor.default\">\n\t\t\t\t<div class=\"elementor-widget-container\">\n\t\t\t\t\t\t\t\t\t<p>C\u2019est pourquoi nous mettons gratuitement \u00e0 votre disposition<br>notre ouvrage \u00ab\u00a0\u00c0 la vie, \u00e0 la mort\u00a0\u00bb.<\/p>\t\t\t\t\t\t\t\t<\/div>\n\t\t\t\t<\/div>\n\t\t\t\t<div class=\"elementor-element elementor-element-7f730551 elementor-widget elementor-widget-text-editor\" data-id=\"7f730551\" data-element_type=\"widget\" data-e-type=\"widget\" data-widget_type=\"text-editor.default\">\n\t\t\t\t<div class=\"elementor-widget-container\">\n\t\t\t\t\t\t\t\t\t<p>Ce livret didactique d\u00e9cortique l\u2019asrd dans un langage clair.<br>Il r\u00e9pond notamment aux questions suivantes :<\/p>\t\t\t\t\t\t\t\t<\/div>\n\t\t\t\t<\/div>\n\t\t\t\t\t<\/div>\n\t\t<\/div>\n\t\t\t\t\t<\/div>\n\t\t<\/section>\n\t\t\t\t<section class=\"elementor-section elementor-top-section elementor-element elementor-element-43b7064b elementor-reverse-tablet elementor-reverse-mobile elementor-section-boxed elementor-section-height-default elementor-section-height-default\" data-id=\"43b7064b\" data-element_type=\"section\" data-e-type=\"section\">\n\t\t\t\t\t\t<div class=\"elementor-container elementor-column-gap-default\">\n\t\t\t\t\t<div class=\"elementor-column elementor-col-50 elementor-top-column elementor-element elementor-element-7117a9b\" data-id=\"7117a9b\" data-element_type=\"column\" data-e-type=\"column\" data-settings=\"{&quot;background_background&quot;:&quot;classic&quot;}\">\n\t\t\t<div class=\"elementor-widget-wrap elementor-element-populated\">\n\t\t\t\t\t<div class=\"elementor-background-overlay\"><\/div>\n\t\t\t\t\t\t<div class=\"elementor-element elementor-element-5c048a8a elementor-cta--skin-cover elementor-widget elementor-widget-call-to-action\" data-id=\"5c048a8a\" data-element_type=\"widget\" data-e-type=\"widget\" data-widget_type=\"call-to-action.default\">\n\t\t\t\t<div class=\"elementor-widget-container\">\n\t\t\t\t\t\t\t<div class=\"elementor-cta\">\n\t\t\t\t\t<div class=\"elementor-cta__bg-wrapper\">\n\t\t\t\t<div class=\"elementor-cta__bg elementor-bg\" style=\"background-image: url(https:\/\/www.lignebleue.biz\/wp-content\/uploads\/2021\/02\/alaviealamort_cover.png);\" role=\"img\" aria-label=\"alaviealamort_cover\"><\/div>\n\t\t\t\t<div class=\"elementor-cta__bg-overlay\"><\/div>\n\t\t\t<\/div>\n\t\t\t\t\t\t\t<div class=\"elementor-cta__content\">\n\t\t\t\t\n\t\t\t\t\t\t\t\t\t<h2 class=\"elementor-cta__title elementor-cta__content-item elementor-content-item\">\n\t\t\t\t\t\t \t\t\t\t\t<\/h2>\n\t\t\t\t\n\t\t\t\t\n\t\t\t\t\t\t\t<\/div>\n\t\t\t\t\t\t<\/div>\n\t\t\t\t\t\t<\/div>\n\t\t\t\t<\/div>\n\t\t\t\t<div class=\"elementor-element elementor-element-b689163 elementor-widget__width-inherit elementor-hidden-desktop elementor-hidden-tablet elementor-hidden-mobile elementor-widget elementor-widget-wpdmdirectlink\" data-id=\"b689163\" data-element_type=\"widget\" data-e-type=\"widget\" data-widget_type=\"wpdmdirectlink.default\">\n\t\t\t\t<div class=\"elementor-widget-container\">\n\t\t\t\t\t<div class=\"wpdm-elementor-widget direct-link-widget\"><a target='_blank' class='' id='' style=''  href='https:\/\/www.lignebleue.biz\/?wpdmdl=3357'>T\u00e9l\u00e9chargez<\/a><\/div>\t\t\t\t<\/div>\n\t\t\t\t<\/div>\n\t\t\t\t<div class=\"elementor-element elementor-element-0a0717c elementor-widget elementor-widget-button\" data-id=\"0a0717c\" data-element_type=\"widget\" data-e-type=\"widget\" data-widget_type=\"button.default\">\n\t\t\t\t<div class=\"elementor-widget-container\">\n\t\t\t\t\t\t\t\t\t<div class=\"elementor-button-wrapper\">\n\t\t\t\t\t<a class=\"elementor-button elementor-button-link elementor-size-sm\" href=\"https:\/\/www.lignebleue.biz\/wp-content\/uploads\/2022\/11\/A-la-vie-a-la-mort-FR-WEB.pdf\" target=\"_blank\">\n\t\t\t\t\t\t<span class=\"elementor-button-content-wrapper\">\n\t\t\t\t\t\t\t\t\t<span class=\"elementor-button-text\">T\u00e9l\u00e9chargez<\/span>\n\t\t\t\t\t<\/span>\n\t\t\t\t\t<\/a>\n\t\t\t\t<\/div>\n\t\t\t\t\t\t\t\t<\/div>\n\t\t\t\t<\/div>\n\t\t\t\t\t<\/div>\n\t\t<\/div>\n\t\t\t\t<div class=\"elementor-column elementor-col-50 elementor-top-column elementor-element elementor-element-60de1a61\" data-id=\"60de1a61\" data-element_type=\"column\" data-e-type=\"column\">\n\t\t\t<div class=\"elementor-widget-wrap elementor-element-populated\">\n\t\t\t\t\t\t<div class=\"elementor-element elementor-element-18993e6a elementor-widget elementor-widget-text-editor\" data-id=\"18993e6a\" data-element_type=\"widget\" data-e-type=\"widget\" data-widget_type=\"text-editor.default\">\n\t\t\t\t<div class=\"elementor-widget-container\">\n\t\t\t\t\t\t\t\t\t<p>\u00a0<\/p><ul><li>Quand faut-il souscrire ?<\/li><li>Quelles sont les formalit\u00e9s m\u00e9dicales (et leurs cons\u00e9quences) ?<\/li><li>Quels montants couvrir ?<\/li><li>Quel type de tarif choisir ?<\/li><li>Qu\u2019est-ce que la p\u00e9riode de pr\u00e9l\u00e8vement ?<\/li><li>Faut-il payer en primes unique ou fractionn\u00e9es ?<\/li><li>Qu\u2019est-ce qu\u2019un contrat crois\u00e9 ?<\/li><li><span style=\"background-color: var( --e-global-color-bbb0c65 ); font-size: inherit; letter-spacing: -0.015em; text-align: inherit;\">Etc&#8230;<\/span><\/li><\/ul><p>Mais cet opuscule va plus loin puisqu\u2019il vous donne aussi un outil d\u2019analyse pratique pour comparer entre elles diverses propositions de pr\u00eats. Et last but not least, il vous donne plus de d\u00e9tails sur notre tarification avantageuse.\u00a0:-))<\/p>\t\t\t\t\t\t\t\t<\/div>\n\t\t\t\t<\/div>\n\t\t\t\t\t<\/div>\n\t\t<\/div>\n\t\t\t\t\t<\/div>\n\t\t<\/section>\n\t\t\t\t<section class=\"elementor-section elementor-top-section elementor-element elementor-element-1300b8a elementor-section-full_width elementor-section-height-default elementor-section-height-default\" data-id=\"1300b8a\" data-element_type=\"section\" data-e-type=\"section\">\n\t\t\t\t\t\t<div class=\"elementor-container elementor-column-gap-default\">\n\t\t\t\t\t<div class=\"elementor-column elementor-col-50 elementor-top-column elementor-element elementor-element-6f71e185\" data-id=\"6f71e185\" data-element_type=\"column\" data-e-type=\"column\" data-settings=\"{&quot;background_background&quot;:&quot;classic&quot;}\">\n\t\t\t<div class=\"elementor-widget-wrap\">\n\t\t\t\t\t\t\t<\/div>\n\t\t<\/div>\n\t\t\t\t<div class=\"elementor-column elementor-col-50 elementor-top-column elementor-element elementor-element-570ffef4\" data-id=\"570ffef4\" data-element_type=\"column\" data-e-type=\"column\" data-settings=\"{&quot;background_background&quot;:&quot;classic&quot;}\">\n\t\t\t<div class=\"elementor-widget-wrap elementor-element-populated\">\n\t\t\t\t\t\t<div class=\"elementor-element elementor-element-a526252 elementor-widget elementor-widget-heading\" data-id=\"a526252\" data-element_type=\"widget\" data-e-type=\"widget\" data-widget_type=\"heading.default\">\n\t\t\t\t<div class=\"elementor-widget-container\">\n\t\t\t\t\t<h2 class=\"elementor-heading-title elementor-size-default\">02<\/h2>\t\t\t\t<\/div>\n\t\t\t\t<\/div>\n\t\t\t\t<div class=\"elementor-element elementor-element-86c6b7a elementor-widget elementor-widget-heading\" data-id=\"86c6b7a\" data-element_type=\"widget\" data-e-type=\"widget\" data-widget_type=\"heading.default\">\n\t\t\t\t<div class=\"elementor-widget-container\">\n\t\t\t\t\t<h3 class=\"elementor-heading-title elementor-size-default\">Passer \u00e0 la phase de souscription<\/h3>\t\t\t\t<\/div>\n\t\t\t\t<\/div>\n\t\t\t\t<div class=\"elementor-element elementor-element-4e369b8d elementor-invisible elementor-widget elementor-widget-button\" data-id=\"4e369b8d\" data-element_type=\"widget\" data-e-type=\"widget\" data-settings=\"{&quot;_animation&quot;:&quot;fadeIn&quot;,&quot;_animation_delay&quot;:&quot;200&quot;}\" data-widget_type=\"button.default\">\n\t\t\t\t<div class=\"elementor-widget-container\">\n\t\t\t\t\t\t\t\t\t<div class=\"elementor-button-wrapper\">\n\t\t\t\t\t<a class=\"elementor-button elementor-button-link elementor-size-sm\" href=\"https:\/\/www.lignebleue.biz\/index.php\/asrd-souscrire\/\">\n\t\t\t\t\t\t<span class=\"elementor-button-content-wrapper\">\n\t\t\t\t\t\t\t\t\t<span class=\"elementor-button-text\">Allons-y<\/span>\n\t\t\t\t\t<\/span>\n\t\t\t\t\t<\/a>\n\t\t\t\t<\/div>\n\t\t\t\t\t\t\t\t<\/div>\n\t\t\t\t<\/div>\n\t\t\t\t\t<\/div>\n\t\t<\/div>\n\t\t\t\t\t<\/div>\n\t\t<\/section>\n\t\t\t\t<\/div>\n\t\t","protected":false},"excerpt":{"rendered":"<p>1. S&rsquo;informer Si vous avez contract\u00e9 un pr\u00eat hypoth\u00e9caire, vous devrez la plupart du temps souscrire \u00e0\u00a0 une assurance solde restant d\u00fb (ou asrd) qui garantit le remboursement (d&rsquo;une partie) de votre pr\u00eat en cas de d\u00e9c\u00e8s. Probl\u00e8me : en contrepartie d&rsquo;un taux de pr\u00eat r\u00e9duit, la plupart des pr\u00eateurs imposent entre autre de souscrire&hellip; <a class=\"more-link\" href=\"https:\/\/www.lignebleue.biz\/index.php\/asrd-informer\/\">Continue reading <span class=\"screen-reader-text\">Assurance solde restant d\u00fb : s&rsquo;informer<\/span><\/a><\/p>\n","protected":false},"author":1,"featured_media":0,"parent":0,"menu_order":0,"comment_status":"closed","ping_status":"closed","template":"elementor_header_footer","meta":{"_eb_attr":"","footnotes":""},"class_list":["post-6626","page","type-page","status-publish","hentry","entry"],"_links":{"self":[{"href":"https:\/\/www.lignebleue.biz\/index.php\/wp-json\/wp\/v2\/pages\/6626","targetHints":{"allow":["GET"]}}],"collection":[{"href":"https:\/\/www.lignebleue.biz\/index.php\/wp-json\/wp\/v2\/pages"}],"about":[{"href":"https:\/\/www.lignebleue.biz\/index.php\/wp-json\/wp\/v2\/types\/page"}],"author":[{"embeddable":true,"href":"https:\/\/www.lignebleue.biz\/index.php\/wp-json\/wp\/v2\/users\/1"}],"replies":[{"embeddable":true,"href":"https:\/\/www.lignebleue.biz\/index.php\/wp-json\/wp\/v2\/comments?post=6626"}],"version-history":[{"count":46,"href":"https:\/\/www.lignebleue.biz\/index.php\/wp-json\/wp\/v2\/pages\/6626\/revisions"}],"predecessor-version":[{"id":9338,"href":"https:\/\/www.lignebleue.biz\/index.php\/wp-json\/wp\/v2\/pages\/6626\/revisions\/9338"}],"wp:attachment":[{"href":"https:\/\/www.lignebleue.biz\/index.php\/wp-json\/wp\/v2\/media?parent=6626"}],"curies":[{"name":"wp","href":"https:\/\/api.w.org\/{rel}","templated":true}]}}