{"id":6446,"date":"2021-07-29T07:51:42","date_gmt":"2021-07-29T07:51:42","guid":{"rendered":"https:\/\/www.lignebleue.biz\/?page_id=6446"},"modified":"2026-03-10T10:31:14","modified_gmt":"2026-03-10T08:31:14","slug":"le-bureau","status":"publish","type":"page","link":"https:\/\/www.lignebleue.biz\/index.php\/le-bureau\/","title":{"rendered":"Le bureau"},"content":{"rendered":"\t\t<div data-elementor-type=\"wp-page\" data-elementor-id=\"6446\" class=\"elementor elementor-6446\" data-elementor-post-type=\"page\">\n\t\t\t\t\t\t<section class=\"elementor-section elementor-top-section elementor-element elementor-element-3a38b7be elementor-section-full_width elementor-section-height-min-height elementor-section-items-stretch elementor-section-content-middle elementor-reverse-mobile elementor-reverse-tablet elementor-section-height-default\" data-id=\"3a38b7be\" data-element_type=\"section\" data-e-type=\"section\">\n\t\t\t\t\t\t<div class=\"elementor-container elementor-column-gap-no\">\n\t\t\t\t\t<div class=\"elementor-column elementor-col-50 elementor-top-column elementor-element elementor-element-7adebf22\" data-id=\"7adebf22\" data-element_type=\"column\" data-e-type=\"column\" data-settings=\"{&quot;background_background&quot;:&quot;classic&quot;}\">\n\t\t\t<div class=\"elementor-widget-wrap elementor-element-populated\">\n\t\t\t\t\t\t<div class=\"elementor-element elementor-element-d7b1062 animated-fast elementor-invisible elementor-widget elementor-widget-heading\" data-id=\"d7b1062\" data-element_type=\"widget\" data-e-type=\"widget\" data-settings=\"{&quot;_animation&quot;:&quot;fadeIn&quot;}\" data-widget_type=\"heading.default\">\n\t\t\t\t<div class=\"elementor-widget-container\">\n\t\t\t\t\t<h1 class=\"elementor-heading-title elementor-size-default\">Le bureau<\/h1>\t\t\t\t<\/div>\n\t\t\t\t<\/div>\n\t\t\t\t\t<\/div>\n\t\t<\/div>\n\t\t\t\t<div class=\"elementor-column elementor-col-50 elementor-top-column elementor-element elementor-element-172bbf48\" data-id=\"172bbf48\" data-element_type=\"column\" data-e-type=\"column\" data-settings=\"{&quot;background_background&quot;:&quot;classic&quot;}\">\n\t\t\t<div class=\"elementor-widget-wrap elementor-element-populated\">\n\t\t\t\t\t\t<div class=\"elementor-element elementor-element-7009868e elementor-widget elementor-widget-spacer\" data-id=\"7009868e\" data-element_type=\"widget\" data-e-type=\"widget\" data-widget_type=\"spacer.default\">\n\t\t\t\t<div class=\"elementor-widget-container\">\n\t\t\t\t\t\t\t<div class=\"elementor-spacer\">\n\t\t\t<div class=\"elementor-spacer-inner\"><\/div>\n\t\t<\/div>\n\t\t\t\t\t\t<\/div>\n\t\t\t\t<\/div>\n\t\t\t\t\t<\/div>\n\t\t<\/div>\n\t\t\t\t\t<\/div>\n\t\t<\/section>\n\t\t\t\t<section class=\"elementor-section elementor-top-section elementor-element elementor-element-757c896 elementor-section-boxed elementor-section-height-default elementor-section-height-default\" data-id=\"757c896\" data-element_type=\"section\" data-e-type=\"section\">\n\t\t\t\t\t\t<div class=\"elementor-container elementor-column-gap-default\">\n\t\t\t\t\t<div class=\"elementor-column elementor-col-100 elementor-top-column elementor-element elementor-element-ed1e279\" data-id=\"ed1e279\" data-element_type=\"column\" data-e-type=\"column\">\n\t\t\t<div class=\"elementor-widget-wrap elementor-element-populated\">\n\t\t\t\t\t\t<div class=\"elementor-element elementor-element-0a5076a elementor-position-top elementor-widget elementor-widget-image-box\" data-id=\"0a5076a\" data-element_type=\"widget\" data-e-type=\"widget\" data-widget_type=\"image-box.default\">\n\t\t\t\t<div class=\"elementor-widget-container\">\n\t\t\t\t\t<div class=\"elementor-image-box-wrapper\"><figure class=\"elementor-image-box-img\"><img fetchpriority=\"high\" decoding=\"async\" width=\"602\" height=\"841\" src=\"https:\/\/www.lignebleue.biz\/wp-content\/uploads\/2023\/08\/Capture-decran-2023-08-02-210553.png\" class=\"attachment-full size-full wp-image-9982\" alt=\"\" style=\"width:100%;height:139.7%;max-width:602px\" srcset=\"https:\/\/www.lignebleue.biz\/wp-content\/uploads\/2023\/08\/Capture-decran-2023-08-02-210553.png 602w, https:\/\/www.lignebleue.biz\/wp-content\/uploads\/2023\/08\/Capture-decran-2023-08-02-210553-215x300.png 215w, https:\/\/www.lignebleue.biz\/wp-content\/uploads\/2023\/08\/Capture-decran-2023-08-02-210553-600x838.png 600w\" sizes=\"(max-width: 602px) 100vw, 602px\" \/><\/figure><div class=\"elementor-image-box-content\"><h3 class=\"elementor-image-box-title\">Le livre blanc<\/h3><p class=\"elementor-image-box-description\">Cet ouvrage reprend toutes les informations officielles \u00e0 propos de Ligne Bleue. On y trouve le fonctionnement de notre bureau, nos conditions g\u00e9n\u00e9rales, nos diverses politiques (acceptation client, r\u00e9mun\u00e9ration, vie priv\u00e9e \/ RGPD, etc.), l'utilisation de notre site internet et plein d'autres infos. <\/p><\/div><\/div>\t\t\t\t<\/div>\n\t\t\t\t<\/div>\n\t\t\t\t<div class=\"elementor-element elementor-element-43a62ed elementor-align-center elementor-widget elementor-widget-button\" data-id=\"43a62ed\" data-element_type=\"widget\" data-e-type=\"widget\" data-widget_type=\"button.default\">\n\t\t\t\t<div class=\"elementor-widget-container\">\n\t\t\t\t\t\t\t\t\t<div class=\"elementor-button-wrapper\">\n\t\t\t\t\t<a class=\"elementor-button elementor-button-link elementor-size-sm\" href=\"https:\/\/www.lignebleue.biz\/wp-content\/uploads\/2026\/03\/LB-Doc-2-Livre-blanc.pdf\" target=\"_blank\">\n\t\t\t\t\t\t<span class=\"elementor-button-content-wrapper\">\n\t\t\t\t\t\t\t\t\t<span class=\"elementor-button-text\">T\u00e9l\u00e9chargez-le en cliquant ici<\/span>\n\t\t\t\t\t<\/span>\n\t\t\t\t\t<\/a>\n\t\t\t\t<\/div>\n\t\t\t\t\t\t\t\t<\/div>\n\t\t\t\t<\/div>\n\t\t\t\t\t<\/div>\n\t\t<\/div>\n\t\t\t\t\t<\/div>\n\t\t<\/section>\n\t\t\t\t<\/div>\n\t\t","protected":false},"excerpt":{"rendered":"<p>Le bureau Le livre blanc Cet ouvrage reprend toutes les informations officielles \u00e0 propos de Ligne Bleue. On y trouve le fonctionnement de notre bureau, nos conditions g\u00e9n\u00e9rales, nos diverses politiques (acceptation client, r\u00e9mun\u00e9ration, vie priv\u00e9e \/ RGPD, etc.), l&rsquo;utilisation de notre site internet et plein d&rsquo;autres infos. T\u00e9l\u00e9chargez-le en cliquant ici<\/p>\n","protected":false},"author":1,"featured_media":0,"parent":0,"menu_order":0,"comment_status":"closed","ping_status":"closed","template":"elementor_header_footer","meta":{"_eb_attr":"","footnotes":""},"class_list":["post-6446","page","type-page","status-publish","hentry","entry"],"_links":{"self":[{"href":"https:\/\/www.lignebleue.biz\/index.php\/wp-json\/wp\/v2\/pages\/6446","targetHints":{"allow":["GET"]}}],"collection":[{"href":"https:\/\/www.lignebleue.biz\/index.php\/wp-json\/wp\/v2\/pages"}],"about":[{"href":"https:\/\/www.lignebleue.biz\/index.php\/wp-json\/wp\/v2\/types\/page"}],"author":[{"embeddable":true,"href":"https:\/\/www.lignebleue.biz\/index.php\/wp-json\/wp\/v2\/users\/1"}],"replies":[{"embeddable":true,"href":"https:\/\/www.lignebleue.biz\/index.php\/wp-json\/wp\/v2\/comments?post=6446"}],"version-history":[{"count":102,"href":"https:\/\/www.lignebleue.biz\/index.php\/wp-json\/wp\/v2\/pages\/6446\/revisions"}],"predecessor-version":[{"id":12033,"href":"https:\/\/www.lignebleue.biz\/index.php\/wp-json\/wp\/v2\/pages\/6446\/revisions\/12033"}],"wp:attachment":[{"href":"https:\/\/www.lignebleue.biz\/index.php\/wp-json\/wp\/v2\/media?parent=6446"}],"curies":[{"name":"wp","href":"https:\/\/api.w.org\/{rel}","templated":true}]}}