{"id":4645,"date":"2021-04-17T17:45:22","date_gmt":"2021-04-17T17:45:22","guid":{"rendered":"https:\/\/www.lignebleue.biz\/?page_id=4645"},"modified":"2025-11-14T11:10:38","modified_gmt":"2025-11-14T09:10:38","slug":"sinscrire","status":"publish","type":"page","link":"https:\/\/www.lignebleue.biz\/index.php\/sinscrire\/","title":{"rendered":"S&rsquo;inscrire"},"content":{"rendered":"\t\t<div data-elementor-type=\"wp-page\" data-elementor-id=\"4645\" class=\"elementor elementor-4645\" data-elementor-post-type=\"page\">\n\t\t\t\t\t\t<section class=\"elementor-section elementor-top-section elementor-element elementor-element-90c4228 elementor-section-full_width elementor-section-height-min-height elementor-section-items-stretch elementor-section-content-middle elementor-reverse-mobile elementor-reverse-tablet elementor-section-height-default\" data-id=\"90c4228\" data-element_type=\"section\" data-e-type=\"section\">\n\t\t\t\t\t\t<div class=\"elementor-container elementor-column-gap-no\">\n\t\t\t\t\t<div class=\"elementor-column elementor-col-50 elementor-top-column elementor-element elementor-element-4579c419\" data-id=\"4579c419\" data-element_type=\"column\" data-e-type=\"column\" data-settings=\"{&quot;background_background&quot;:&quot;classic&quot;}\">\n\t\t\t<div class=\"elementor-widget-wrap elementor-element-populated\">\n\t\t\t\t\t\t<div class=\"elementor-element elementor-element-4aac2cbf animated-fast elementor-invisible elementor-widget elementor-widget-heading\" data-id=\"4aac2cbf\" data-element_type=\"widget\" data-e-type=\"widget\" data-settings=\"{&quot;_animation&quot;:&quot;fadeIn&quot;}\" data-widget_type=\"heading.default\">\n\t\t\t\t<div class=\"elementor-widget-container\">\n\t\t\t\t\t<h1 class=\"elementor-heading-title elementor-size-default\">Inscrivez-vous gratuitement \u00e0 nos newsletters mail<\/h1>\t\t\t\t<\/div>\n\t\t\t\t<\/div>\n\t\t\t\t<section class=\"elementor-section elementor-inner-section elementor-element elementor-element-787784fe elementor-section-full_width elementor-section-height-default elementor-section-height-default\" data-id=\"787784fe\" data-element_type=\"section\" data-e-type=\"section\">\n\t\t\t\t\t\t<div class=\"elementor-container elementor-column-gap-no\">\n\t\t\t\t\t<div class=\"elementor-column elementor-col-100 elementor-inner-column elementor-element elementor-element-3be191ac elementor-invisible\" data-id=\"3be191ac\" data-element_type=\"column\" data-e-type=\"column\" data-settings=\"{&quot;animation&quot;:&quot;fadeIn&quot;,&quot;animation_delay&quot;:&quot;200&quot;}\">\n\t\t\t<div class=\"elementor-widget-wrap elementor-element-populated\">\n\t\t\t\t\t\t<div class=\"elementor-element elementor-element-41960aa6 elementor-invisible elementor-widget elementor-widget-text-editor\" data-id=\"41960aa6\" data-element_type=\"widget\" data-e-type=\"widget\" data-settings=\"{&quot;_animation&quot;:&quot;fadeIn&quot;}\" data-widget_type=\"text-editor.default\">\n\t\t\t\t<div class=\"elementor-widget-container\">\n\t\t\t\t\t\t\t\t\t<span style=\"background-color: var( --e-global-color-primary );\">Vous serez tenu inform\u00e9 en temps r\u00e9el de nos actualit\u00e9s, \u00e9v\u00e8nements et articles par l\u2019envoi d\u2019un e-mail. Celui-ci donnera le titre de l&rsquo;article nouvellement publi\u00e9 sur notre site auquel vous pourrez acc\u00e9der via un lien hypertexte int\u00e9gr\u00e9.<\/span>\n\n<br\/><br\/>\nL\u2019objectif est que vous puissiez choisir rapidement d\u2019en savoir plus ou non, sans encombrer outre mesure votre boite de r\u00e9ception. La d\u00e9sinscription est possible \u00e0 tout moment.\t\t\t\t\t\t\t\t<\/div>\n\t\t\t\t<\/div>\n\t\t\t\t\t<\/div>\n\t\t<\/div>\n\t\t\t\t\t<\/div>\n\t\t<\/section>\n\t\t\t\t\t<\/div>\n\t\t<\/div>\n\t\t\t\t<div class=\"elementor-column elementor-col-50 elementor-top-column elementor-element elementor-element-284a23a0\" data-id=\"284a23a0\" data-element_type=\"column\" data-e-type=\"column\" data-settings=\"{&quot;background_background&quot;:&quot;classic&quot;}\">\n\t\t\t<div class=\"elementor-widget-wrap elementor-element-populated\">\n\t\t\t\t\t\t<div class=\"elementor-element elementor-element-5980b7d0 elementor-widget elementor-widget-spacer\" data-id=\"5980b7d0\" data-element_type=\"widget\" data-e-type=\"widget\" data-widget_type=\"spacer.default\">\n\t\t\t\t<div class=\"elementor-widget-container\">\n\t\t\t\t\t\t\t<div class=\"elementor-spacer\">\n\t\t\t<div class=\"elementor-spacer-inner\"><\/div>\n\t\t<\/div>\n\t\t\t\t\t\t<\/div>\n\t\t\t\t<\/div>\n\t\t\t\t\t<\/div>\n\t\t<\/div>\n\t\t\t\t\t<\/div>\n\t\t<\/section>\n\t\t\t\t<section class=\"elementor-section elementor-top-section elementor-element elementor-element-fcde141 elementor-section-boxed elementor-section-height-default elementor-section-height-default\" data-id=\"fcde141\" data-element_type=\"section\" data-e-type=\"section\" data-settings=\"{&quot;background_background&quot;:&quot;classic&quot;}\">\n\t\t\t\t\t\t<div class=\"elementor-container elementor-column-gap-default\">\n\t\t\t\t\t<div class=\"elementor-column elementor-col-100 elementor-top-column elementor-element elementor-element-9f49b6e\" data-id=\"9f49b6e\" data-element_type=\"column\" data-e-type=\"column\" data-settings=\"{&quot;background_background&quot;:&quot;classic&quot;}\">\n\t\t\t<div class=\"elementor-widget-wrap elementor-element-populated\">\n\t\t\t\t\t\t<div class=\"elementor-element elementor-element-ceedd4a elementor-widget elementor-widget-shortcode\" data-id=\"ceedd4a\" data-element_type=\"widget\" data-e-type=\"widget\" data-widget_type=\"shortcode.default\">\n\t\t\t\t<div class=\"elementor-widget-container\">\n\t\t\t\t\t\t\t<div class=\"elementor-shortcode\"><div class=\"frm_forms  with_frm_style frm_style_formidable-style\" id=\"frm_form_23_container\" data-token=\"2c1cd5e42a1685bbfd85c50757b8fece\">\n<form enctype=\"multipart\/form-data\" method=\"post\" class=\"frm-show-form  frm_pro_form \" id=\"form_inscriptionnewslettersimplifi\" data-token=\"2c1cd5e42a1685bbfd85c50757b8fece\">\n<div class=\"frm_form_fields  form-group\">\n<fieldset>\n<legend class=\"frm_screen_reader\">Inscription newsletter simplifi\u00e9<\/legend>\r\n\r\n<div class=\"frm_fields_container\">\n<input type=\"hidden\" name=\"frm_action\" value=\"create\" \/>\n<input type=\"hidden\" name=\"form_id\" value=\"23\" \/>\n<input type=\"hidden\" name=\"frm_hide_fields_23\" id=\"frm_hide_fields_23\" value=\"\" \/>\n<input type=\"hidden\" name=\"form_key\" value=\"inscriptionnewslettersimplifi\" \/>\n<input type=\"hidden\" name=\"item_meta[0]\" value=\"\" \/>\n<input type=\"hidden\" id=\"frm_submit_entry_23\" name=\"frm_submit_entry_23\" value=\"00004a33cd\" \/><input type=\"hidden\" name=\"_wp_http_referer\" value=\"\/index.php\/wp-json\/wp\/v2\/pages\/4645\" \/><div id=\"frm_field_5043_container\" class=\"frm_form_field form-field  frm_required_field form-group frm_top_container frm_half\">\r\n    <label for=\"field_3tp55\" id=\"field_3tp55_label\" class=\"frm_primary_label control-label\">Pr\u00e9nom\r\n        <span class=\"frm_required\" aria-hidden=\"true\">*<\/span>\r\n    <\/label>\r\n    <input type=\"text\" id=\"field_3tp55\" name=\"item_meta[5043]\" value=\"\"  placeholder=\"Exemple : Bernard\" data-reqmsg=\"Pr\u00e9nom cannot be blank.\" aria-required=\"true\" data-invmsg=\"Text is invalid\" class=\"form-control\" aria-invalid=\"false\"  \/>\r\n    \r\n    \r\n<\/div>\n<div id=\"frm_field_5044_container\" class=\"frm_form_field form-field  frm_required_field form-group frm_top_container frm_half\">\r\n    <label for=\"field_g9eig\" id=\"field_g9eig_label\" class=\"frm_primary_label control-label\">Nom\r\n        <span class=\"frm_required\" aria-hidden=\"true\">*<\/span>\r\n    <\/label>\r\n    <input type=\"text\" id=\"field_g9eig\" name=\"item_meta[5044]\" value=\"\"  placeholder=\"\" data-reqmsg=\"Nom cannot be blank.\" aria-required=\"true\" data-invmsg=\"Text is invalid\" class=\"form-control\" aria-invalid=\"false\"  \/>\r\n    \r\n    \r\n<\/div>\n<div id=\"frm_field_5048_container\" class=\"frm_form_field form-field  frm_required_field form-group frm_top_container\">\r\n\t<label for=\"field_rl3zh\" id=\"field_rl3zh_label\" class=\"frm_primary_label control-label\">Adresse E-mail\r\n\t\t<span class=\"frm_required\" aria-hidden=\"true\"><\/span>\r\n\t<\/label>\r\n\t<input type=\"email\" id=\"field_rl3zh\" name=\"item_meta[5048]\" value=\"\"  data-reqmsg=\"Adresse E-mail cannot be blank.\" aria-required=\"true\" data-invmsg=\"Adresse E-mail is invalid\" class=\"form-control\" aria-invalid=\"false\"   aria-describedby=\"frm_desc_field_rl3zh\"\/>\r\n\t<div class=\"frm_description help-block\" id=\"frm_desc_field_rl3zh\">Entrez votre adresse e-mail<\/div>\r\n\t\r\n<\/div>\n<div id=\"frm_field_5045_container\" class=\"frm_form_field form-field  form-group frm_top_container vertical_radio\">\r\n\t<div  id=\"field_8vuoe_label\" class=\"frm_primary_label control-label\">Inscription\r\n\t\t<span class=\"frm_required\" aria-hidden=\"true\"><\/span>\r\n\t<\/div>\r\n\t<div class=\"frm_opt_container\" aria-labelledby=\"field_8vuoe_label\" role=\"group\"><input type=\"hidden\" value=\"\" name=\"item_meta[5045]\"  id=\"field_8vuoe\" \/>\t\t<div class=\"frm_checkbox checkbox\" id=\"frm_checkbox_5045-0\">\t\t\t<label  for=\"field_8vuoe-0\" class=\"frm-label-disabled\">\n\t\t\t<input type=\"checkbox\" name=\"item_meta[5045][]\" id=\"field_8vuoe-0\" value=\"&quot;Je souhaite \u00eatre tenu inform\u00e9 gratuitement de l&#039;actualit\u00e9 et des publications de Ligne Bleue&quot;\"  disabled=\"disabled\"  data-invmsg=\"Inscription is invalid\"   \/> \"Je souhaite \u00eatre tenu inform\u00e9 gratuitement de l'actualit\u00e9 et des publications de Ligne Bleue\"<\/label><\/div>\n<\/div>\r\n\t\r\n\t\r\n<\/div>\n<div id=\"frm_field_5046_container\" class=\"frm_form_field form-field  form-group frm_top_container vertical_radio\">\r\n\t<div  id=\"field_7rhy8_label\" class=\"frm_primary_label control-label\">RGPD\r\n\t\t<span class=\"frm_required\" aria-hidden=\"true\"><\/span>\r\n\t<\/div>\r\n\t<div class=\"frm_opt_container\" aria-labelledby=\"field_7rhy8_label\" role=\"group\">\t\t<div class=\"frm_checkbox checkbox\" id=\"frm_checkbox_5046-0\">\t\t\t<label  for=\"field_7rhy8-0\">\n\t\t\t<input type=\"checkbox\" name=\"item_meta[5046][]\" id=\"field_7rhy8-0\" value=\"&quot;Je confirme avoir pris connaissance de nos &lt;u&gt;&lt;a href=&quot;https:\/\/www.lignebleue.biz\/index.php\/rgpd\/&quot; target=&quot;_blank&quot;&gt; informations l\u00e9gales et RGPD&lt;\/a&gt;&lt;\/u&gt;&quot;\"  data-invmsg=\"RGPD is invalid\"   \/> \"Je confirme avoir pris connaissance de nos <a href=\"https:\/\/www.lignebleue.biz\/index.php\/rgpd\/\" target=\"_blank\"> informations l\u00e9gales et RGPD<\/a>\"<\/label><\/div>\n<\/div>\r\n\t\r\n\t\r\n<\/div>\n<div id=\"frm_field_5047_container\" class=\"frm_form_field form-field  form-group frm_none_container\">\r\n\t<label for=\"g-recaptcha-response\" id=\"field_qhwae_label\" class=\"frm_primary_label control-label\">Captcha\r\n\t\t<span class=\"frm_required\" aria-hidden=\"true\"><\/span>\r\n\t<\/label>\r\n\t\r\n\t\r\n\t\r\n<\/div>\n<div id=\"frm_field_5059_container\" class=\"frm_form_field form-field  form-group\">\r\n\t<div class=\"form-group frm_submit\">\r\n\r\n<button class=\"frm_button_submit btn btn-default frm_final_submit has-text-color has-background\" type=\"submit\"  >Envoyer<\/button>\r\n\r\n\r\n<\/div>\r\n<\/div>\n\t<input type=\"hidden\" name=\"item_key\" value=\"\" \/>\n\t\t\t<div id=\"frm_field_5060_container\">\n\t\t\t<label for=\"field_qyeed\" >\n\t\t\t\tIf you are human, leave this field blank.\t\t\t<\/label>\n\t\t\t<input  id=\"field_qyeed\" type=\"text\" class=\"frm_form_field form-field frm_verify\" name=\"item_meta[5060]\" value=\"\"  \/>\n\t\t<\/div>\n\t\t<input name=\"frm_state\" type=\"hidden\" value=\"b1olxXbbACGfnS06f5GxMcM6Nv4lO1fCqFN+jm4BmFo=\" \/><\/div>\n<\/fieldset>\n<\/div>\n\n<p style=\"display: none !important;\" class=\"akismet-fields-container\" data-prefix=\"ak_\"><label>&#916;<textarea name=\"ak_hp_textarea\" cols=\"45\" rows=\"8\" maxlength=\"100\"><\/textarea><\/label><input type=\"hidden\" id=\"ak_js_1\" name=\"ak_js\" value=\"176\"\/><script>\ndocument.getElementById( \"ak_js_1\" ).setAttribute( \"value\", ( new Date() ).getTime() );\n<\/script>\n<\/p><\/form>\n<\/div>\n<\/div>\n\t\t\t\t\t\t<\/div>\n\t\t\t\t<\/div>\n\t\t\t\t\t<\/div>\n\t\t<\/div>\n\t\t\t\t\t<\/div>\n\t\t<\/section>\n\t\t\t\t<section class=\"elementor-section elementor-top-section elementor-element elementor-element-fec50dd elementor-hidden-desktop elementor-hidden-tablet elementor-hidden-phone elementor-section-boxed elementor-section-height-default elementor-section-height-default\" data-id=\"fec50dd\" data-element_type=\"section\" data-e-type=\"section\">\n\t\t\t\t\t\t<div class=\"elementor-container elementor-column-gap-default\">\n\t\t\t\t\t<div class=\"elementor-column elementor-col-50 elementor-top-column elementor-element elementor-element-56b40cd elementor-hidden-desktop elementor-hidden-tablet elementor-hidden-phone\" data-id=\"56b40cd\" data-element_type=\"column\" data-e-type=\"column\">\n\t\t\t<div class=\"elementor-widget-wrap elementor-element-populated\">\n\t\t\t\t\t\t<div class=\"elementor-element elementor-element-a2370c1 elementor-widget elementor-widget-text-editor\" data-id=\"a2370c1\" data-element_type=\"widget\" data-e-type=\"widget\" data-widget_type=\"text-editor.default\">\n\t\t\t\t<div class=\"elementor-widget-container\">\n\t\t\t\t\t\t\t\t\t<h4>Instructions<\/h4><p>\u00a0<\/p><p><span style=\"text-decoration: underline;\">Si vous avez d\u00e9j\u00e0 un compte<\/span>, cliquez sur <em>login<\/em>, en vert, en-dessous de <em>Register now<\/em>.\u00a0<\/p><p>\u00a0<\/p><p><span style=\"text-decoration: underline;\">Si vous n&rsquo;\u00eates pas encore inscrit<\/span>, compl\u00e9tez les champs ci-contre. Attention : indiquez des coordonn\u00e9es r\u00e9elles (ex. : Jean Dupont et pas HjuKilmVb) afin que nous puissions vous retrouver facilement en cas de probl\u00e8me avec le compte.\u00a0<\/p><ul><li>First et Last name = Pr\u00e9nom et Nom de famille<\/li><li>User login ID = Ecrivez un nom d&rsquo;utilisateur \u00e0 votre choix, en \u00e9vitant les accents<\/li><li>Email address = Indiquez une adresse mail valide<\/li><\/ul><p>\u00a0<\/p><p><strong><span style=\"color: #800000;\">Ne cliquez pas sur le bouton <em>Register now<\/em>. Lisez le texte important ci-dessous<\/span><\/strong>, et cliquez ensuite seulement sur le bouton <em>Register now<\/em>.\u00a0<\/p>\t\t\t\t\t\t\t\t<\/div>\n\t\t\t\t<\/div>\n\t\t\t\t<div class=\"elementor-element elementor-element-4c34137 elementor-widget elementor-widget-text-editor\" data-id=\"4c34137\" data-element_type=\"widget\" data-e-type=\"widget\" data-widget_type=\"text-editor.default\">\n\t\t\t\t<div class=\"elementor-widget-container\">\n\t\t\t\t\t\t\t\t\t<h4>IMPORTANT<\/h4><p>\u00a0<\/p><p>Apr\u00e8s avoir cliqu\u00e9 sur <em>Register now<\/em>, une nouvelle page de connexion va s&rsquo;ouvrir <strong>ET EN MEME TEMPS<\/strong>, vous recevrez un e-mail avec votre mot de passe et les instructions de connexion. Si vous ne recevez pas ce mail, <span style=\"text-decoration: underline;\">consultez vos spams<\/span>. Une fois trouv\u00e9, <span style=\"color: #800000;\">lisez-le d&rsquo;abord<\/span>, copiez le mot de passe qu&rsquo;il vous donne et cliquez sur le lien de confirmation pour valider l&rsquo;op\u00e9ration, qui vous fera revenir sur la page de connexion. L\u00e0, indiquez votre identifiant et votre mot de passe, et le tour sera jou\u00e9 !<\/p>\t\t\t\t\t\t\t\t<\/div>\n\t\t\t\t<\/div>\n\t\t\t\t\t<\/div>\n\t\t<\/div>\n\t\t\t\t<div class=\"elementor-column elementor-col-50 elementor-top-column elementor-element elementor-element-7abd872\" data-id=\"7abd872\" data-element_type=\"column\" data-e-type=\"column\" data-settings=\"{&quot;background_background&quot;:&quot;classic&quot;}\">\n\t\t\t<div class=\"elementor-widget-wrap elementor-element-populated\">\n\t\t\t\t\t\t<div class=\"elementor-element elementor-element-ceb0f9f elementor-widget elementor-widget-shortcode\" data-id=\"ceb0f9f\" data-element_type=\"widget\" data-e-type=\"widget\" data-widget_type=\"shortcode.default\">\n\t\t\t\t<div class=\"elementor-widget-container\">\n\t\t\t\t\t\t\t<div class=\"elementor-shortcode\"><div class=\"frm_forms  with_frm_style frm_style_formidable-style-2\" id=\"frm_form_3_container\" data-token=\"2c1cd5e42a1685bbfd85c50757b8fece\">\n<form enctype=\"multipart\/form-data\" method=\"post\" class=\"frm-show-form  frm_pro_form \" id=\"form_inscription\" data-token=\"2c1cd5e42a1685bbfd85c50757b8fece\">\n<div class=\"frm_form_fields  form-group\">\n<fieldset>\n<legend class=\"frm_screen_reader\">Inscription rapide Abonn\u00e9<\/legend>\n\n<div class=\"frm_fields_container\">\n<input type=\"hidden\" name=\"frm_action\" value=\"create\" \/>\n<input type=\"hidden\" name=\"form_id\" value=\"3\" \/>\n<input type=\"hidden\" name=\"frm_hide_fields_3\" id=\"frm_hide_fields_3\" value=\"\" \/>\n<input type=\"hidden\" name=\"form_key\" value=\"inscription\" \/>\n<input type=\"hidden\" name=\"item_meta[0]\" value=\"\" \/>\n<input type=\"hidden\" id=\"frm_submit_entry_3\" name=\"frm_submit_entry_3\" value=\"00004a33cd\" \/><input type=\"hidden\" name=\"_wp_http_referer\" value=\"\/index.php\/wp-json\/wp\/v2\/pages\/4645\" \/><div id=\"frm_field_34_container\" class=\"frm_form_field form-field  frm_required_field form-group frm_top_container\">\n\t<label for=\"field_o69jd\" id=\"field_o69jd_label\" class=\"frm_primary_label control-label\">Pr\u00e9nom\n\t\t<span class=\"frm_required\" aria-hidden=\"true\"><\/span>\n\t<\/label>\n\t<input type=\"text\" id=\"field_o69jd\" name=\"item_meta[34]\" value=\"\"  data-reqmsg=\"&quot;Ce champ ne peut \u00c3\u00aatre vide\" aria-required=\"true\" data-invmsg=\"Pr\u00e9nom is invalid\" class=\"form-control\" aria-invalid=\"false\"  \/>\n\t\n\t\n<\/div>\n<div id=\"frm_field_35_container\" class=\"frm_form_field form-field  frm_required_field form-group frm_top_container\">\n\t<label for=\"field_l3dkc\" id=\"field_l3dkc_label\" class=\"frm_primary_label control-label\">Nom :\n\t\t<span class=\"frm_required\" aria-hidden=\"true\"><\/span>\n\t<\/label>\n\t<input type=\"text\" id=\"field_l3dkc\" name=\"item_meta[35]\" value=\"\"  data-reqmsg=\"&quot;Ce champ ne peut \u00c3\u00aatre vide\" aria-required=\"true\" data-invmsg=\"Nom : is invalid\" class=\"form-control\" aria-invalid=\"false\"  \/>\n\t\n\t\n<\/div>\n<div id=\"frm_field_59_container\" class=\"frm_form_field form-field  frm_required_field form-group frm_top_container frm_third\">\r\n    <label for=\"field_vrkqi\" id=\"field_vrkqi_label\" class=\"frm_primary_label control-label\">Confirmation votre nom\r\n        <span class=\"frm_required\" aria-hidden=\"true\">*<\/span>\r\n    <\/label>\r\n    <input type=\"text\" id=\"field_vrkqi\" name=\"item_meta[59]\" value=\"[34][35]\"  readonly=\"readonly\"  data-frmval=\"[34][35]\" placeholder=\"&quot;Par exemple : [34][35] BernardPonc\u00c3\u00a9202\" data-reqmsg=\"Confirmation votre nom cannot be blank.\" aria-required=\"true\" data-invmsg=\"Text is invalid\" class=\"form-control\" aria-invalid=\"false\"   aria-describedby=\"frm_desc_field_vrkqi\"\/>\r\n    <div class=\"frm_description help-block\" id=\"frm_desc_field_vrkqi\">Celui-ci peut-\u00eatre votre nom, votre pr\u00e9nom, votre nom et pr\u00e9nom en un mot... <\/div>\r\n    \r\n<\/div>\n<div id=\"frm_field_37_container\" class=\"frm_form_field form-field  frm_required_field form-group frm_top_container\">\n\t<label for=\"field_qulq1\" id=\"field_qulq1_label\" class=\"frm_primary_label control-label\">Adresse e-mail\n\t\t<span class=\"frm_required\" aria-hidden=\"true\"><\/span>\n\t<\/label>\n\t<input type=\"email\" id=\"field_qulq1\" name=\"item_meta[37]\" value=\"\"  data-reqmsg=\"&quot;Ce champ ne peut \u00c3\u00aatre vide\" aria-required=\"true\" data-invmsg=\"Adresse e-mail is invalid\" class=\"form-control\" aria-invalid=\"false\"   aria-describedby=\"frm_desc_field_qulq1\"\/>\n\t<div class=\"frm_description help-block\" id=\"frm_desc_field_qulq1\">Entrez votre e-mail<\/div>\n\t\n<\/div>\n<div id=\"frm_field_38_container\" class=\"frm_form_field form-field  frm_required_field form-group frm_top_container\">\n\t<label for=\"field_1abwj\" id=\"field_1abwj_label\" class=\"frm_primary_label control-label\">Cr\u00e9er votre mot de passe\n\t\t<span class=\"frm_required\" aria-hidden=\"true\"><\/span>\n\t<\/label>\n\t<input type=\"password\" id=\"field_1abwj\" name=\"item_meta[38]\" value=\"\"  data-reqmsg=\"&quot;Ce champ ne peut \u00c3\u00aatre vide\" aria-required=\"true\" data-invmsg=\"Cr\u00e9er votre mot de passe is invalid\" class=\"form-control\" aria-invalid=\"false\"  \/>\n\t\n\t\n<\/div>\n<div id=\"frm_field_39_container\" class=\"frm_form_field form-field  form-group frm_top_container vertical_radio\">\r\n    <div  id=\"field_qjbgw_label\" class=\"frm_primary_label control-label\">\r\n        <span class=\"frm_required\" aria-hidden=\"true\"><\/span>\r\n    <\/div>\r\n    <div class=\"frm_opt_container\" aria-labelledby=\"field_qjbgw_label\" role=\"group\"><input type=\"hidden\" value=\"Je m&#039;inscris gratuitement \u00e0 la newsletter de Ligne Bleue\" name=\"item_meta[39][]\"  \/>\t\t<div class=\"frm_checkbox checkbox\" id=\"frm_checkbox_39-0\">\t\t\t<label  for=\"field_qjbgw-0\" class=\"frm-label-disabled\">\n\t\t\t<input type=\"checkbox\" name=\"item_meta[39][]\" id=\"field_qjbgw-0\" value=\"&quot;Je m&#039;inscris gratuitement \u00c3\u00a0 la newsletter de Ligne Bleu\"  disabled=\"disabled\"  data-frmval=\"[&quot;Je m&#039;inscris gratuitement \\u00e0 la newsletter de Ligne Bleue&quot;]\" data-invmsg=\"This field is invalid\"   \/> \"Je m'inscris gratuitement \u00c3\u00a0 la newsletter de Ligne Bleu<\/label><\/div>\n<\/div>\r\n    \r\n    \r\n<\/div>\n<input type=\"hidden\" name=\"item_meta[41]\" id=\"field_zah2u\" value=\"\" data-frmval=\"\"\/>\n<div id=\"frm_field_4256_container\" class=\"frm_form_field form-field  form-group frm_none_container\">\n\t<label for=\"g-recaptcha-response\" id=\"field_q2gch_label\" class=\"frm_primary_label control-label\">reCAPTCHA\n\t\t<span class=\"frm_required\" aria-hidden=\"true\"><\/span>\n\t<\/label>\n\t\n\t\n\t\n<\/div>\n\t<input type=\"hidden\" name=\"item_key\" value=\"\" \/>\n\t\t\t<div id=\"frm_field_5061_container\">\n\t\t\t<label for=\"field_xluoe\" >\n\t\t\t\tIf you are human, leave this field blank.\t\t\t<\/label>\n\t\t\t<input  id=\"field_xluoe\" type=\"text\" class=\"frm_form_field form-field frm_verify\" name=\"item_meta[5061]\" value=\"\"  \/>\n\t\t<\/div>\n\t\t<input type=\"hidden\" name=\"frm_register[email]\" value=\"37\"\/><input type=\"hidden\" name=\"frm_register[username]\" value=\"\"\/><input type=\"hidden\" name=\"frm_register[password]\" value=\"38\"\/><input type=\"hidden\" name=\"frm_register[subsite_title]\" value=\"username\"\/><input type=\"hidden\" name=\"frm_register[subsite_domain]\" value=\"blog_title\"\/><input name=\"frm_state\" type=\"hidden\" value=\"b1olxXbbACGfnS06f5GxMQOMQxybc7IcaeRKn02BD9Y=\" \/><div class=\"form-group frm_submit frm_flex\">\n<button class=\"frm_button_submit btn btn-default frm_final_submit has-text-color has-background\" type=\"submit\"  >S&#039;inscrire<\/button>\n\n\n\n<\/div><\/div>\n<\/fieldset>\n<\/div>\n\n<p style=\"display: none !important;\" class=\"akismet-fields-container\" data-prefix=\"ak_\"><label>&#916;<textarea name=\"ak_hp_textarea\" cols=\"45\" rows=\"8\" maxlength=\"100\"><\/textarea><\/label><input type=\"hidden\" id=\"ak_js_2\" name=\"ak_js\" value=\"176\"\/><script>\ndocument.getElementById( \"ak_js_2\" ).setAttribute( \"value\", ( new Date() ).getTime() );\n<\/script>\n<\/p><\/form>\n<\/div>\n<\/div>\n\t\t\t\t\t\t<\/div>\n\t\t\t\t<\/div>\n\t\t\t\t\t<\/div>\n\t\t<\/div>\n\t\t\t\t\t<\/div>\n\t\t<\/section>\n\t\t\t\t<\/div>\n\t\t","protected":false},"excerpt":{"rendered":"<p>Inscrivez-vous gratuitement \u00e0 nos newsletters mail Vous serez tenu inform\u00e9 en temps r\u00e9el de nos actualit\u00e9s, \u00e9v\u00e8nements et articles par l\u2019envoi d\u2019un e-mail. Celui-ci donnera le titre de l&rsquo;article nouvellement publi\u00e9 sur notre site auquel vous pourrez acc\u00e9der via un lien hypertexte int\u00e9gr\u00e9. L\u2019objectif est que vous puissiez choisir rapidement d\u2019en savoir plus ou non,&hellip; <a class=\"more-link\" href=\"https:\/\/www.lignebleue.biz\/index.php\/sinscrire\/\">Continue reading <span class=\"screen-reader-text\">S&rsquo;inscrire<\/span><\/a><\/p>\n","protected":false},"author":1,"featured_media":0,"parent":0,"menu_order":0,"comment_status":"closed","ping_status":"closed","template":"elementor_header_footer","meta":{"_eb_attr":"","footnotes":""},"class_list":["post-4645","page","type-page","status-publish","hentry","entry"],"_links":{"self":[{"href":"https:\/\/www.lignebleue.biz\/index.php\/wp-json\/wp\/v2\/pages\/4645","targetHints":{"allow":["GET"]}}],"collection":[{"href":"https:\/\/www.lignebleue.biz\/index.php\/wp-json\/wp\/v2\/pages"}],"about":[{"href":"https:\/\/www.lignebleue.biz\/index.php\/wp-json\/wp\/v2\/types\/page"}],"author":[{"embeddable":true,"href":"https:\/\/www.lignebleue.biz\/index.php\/wp-json\/wp\/v2\/users\/1"}],"replies":[{"embeddable":true,"href":"https:\/\/www.lignebleue.biz\/index.php\/wp-json\/wp\/v2\/comments?post=4645"}],"version-history":[{"count":166,"href":"https:\/\/www.lignebleue.biz\/index.php\/wp-json\/wp\/v2\/pages\/4645\/revisions"}],"predecessor-version":[{"id":11584,"href":"https:\/\/www.lignebleue.biz\/index.php\/wp-json\/wp\/v2\/pages\/4645\/revisions\/11584"}],"wp:attachment":[{"href":"https:\/\/www.lignebleue.biz\/index.php\/wp-json\/wp\/v2\/media?parent=4645"}],"curies":[{"name":"wp","href":"https:\/\/api.w.org\/{rel}","templated":true}]}}