{"id":3451,"date":"2021-03-13T11:41:25","date_gmt":"2021-03-13T11:41:25","guid":{"rendered":"https:\/\/www.lignebleue.biz\/?page_id=3451"},"modified":"2021-03-15T12:50:22","modified_gmt":"2021-03-15T12:50:22","slug":"malmanach","status":"publish","type":"page","link":"https:\/\/www.lignebleue.biz\/index.php\/librairie\/malmanach\/","title":{"rendered":"Le Malmanach"},"content":{"rendered":"\t\t<div data-elementor-type=\"wp-page\" data-elementor-id=\"3451\" class=\"elementor elementor-3451\" data-elementor-post-type=\"page\">\n\t\t\t\t\t\t<section class=\"elementor-section elementor-top-section elementor-element elementor-element-1c35c0d2 elementor-section-boxed elementor-section-height-default elementor-section-height-default\" data-id=\"1c35c0d2\" data-element_type=\"section\" data-e-type=\"section\">\n\t\t\t\t\t\t<div class=\"elementor-container elementor-column-gap-default\">\n\t\t\t\t\t<div class=\"elementor-column elementor-col-100 elementor-top-column elementor-element elementor-element-3d7d9f60\" data-id=\"3d7d9f60\" data-element_type=\"column\" data-e-type=\"column\">\n\t\t\t<div class=\"elementor-widget-wrap\">\n\t\t\t\t\t\t\t<\/div>\n\t\t<\/div>\n\t\t\t\t\t<\/div>\n\t\t<\/section>\n\t\t\t\t<section class=\"elementor-section elementor-top-section elementor-element elementor-element-43332f2b elementor-section-boxed elementor-section-height-default elementor-section-height-default\" data-id=\"43332f2b\" data-element_type=\"section\" data-e-type=\"section\">\n\t\t\t\t\t\t<div class=\"elementor-container elementor-column-gap-default\">\n\t\t\t\t\t<div class=\"elementor-column elementor-col-33 elementor-top-column elementor-element elementor-element-5def521d\" data-id=\"5def521d\" data-element_type=\"column\" data-e-type=\"column\" data-settings=\"{&quot;background_background&quot;:&quot;classic&quot;}\">\n\t\t\t<div class=\"elementor-widget-wrap elementor-element-populated\">\n\t\t\t\t\t\t<div class=\"elementor-element elementor-element-f5f9a3c elementor-widget elementor-widget-heading\" data-id=\"f5f9a3c\" data-element_type=\"widget\" data-e-type=\"widget\" data-widget_type=\"heading.default\">\n\t\t\t\t<div class=\"elementor-widget-container\">\n\t\t\t\t\t<h2 class=\"elementor-heading-title elementor-size-default\">Le Malmanach<\/h2>\t\t\t\t<\/div>\n\t\t\t\t<\/div>\n\t\t\t\t<div class=\"elementor-element elementor-element-b1b8b82 elementor-widget elementor-widget-text-editor\" data-id=\"b1b8b82\" data-element_type=\"widget\" data-e-type=\"widget\" data-widget_type=\"text-editor.default\">\n\t\t\t\t<div class=\"elementor-widget-container\">\n\t\t\t\t\t\t\t\t\t<p>J\u2019ai mal \u00e0 mon almanach, Docteur. C\u2019est grave ? Attention : risque de contagion \u00e0 l\u2019absurdit\u00e9 volum\u00e9trique. Mais qu\u2019on ne s\u2019y trompe pas ! Ce livre n\u2019est pas seulement un ouvrage encyclop\u00e9dique reconnu par la communaut\u00e9 scientifique. C\u2019est aussi un ouvrage r\u00e9solument jouissif et d\u00e9cal\u00e9, \u00e0 lire petit \u00e0 petit. Vous aurez ainsi plaisir \u00e0 (re)d\u00e9couvrir votre culture g\u00e9n\u00e9rale et vos bons vieux dictionnaires pour en go\u00fbter toute la substance. Si par contre vous comprenez tout d\u2019embl\u00e9e, je vous invite \u00e0 me contacter au plus t\u00f4t : nous pourrons ainsi partager l\u2019ambulance. Il n\u2019y a pas de petits profits.<\/p>\t\t\t\t\t\t\t\t<\/div>\n\t\t\t\t<\/div>\n\t\t\t\t<div class=\"elementor-element elementor-element-5be0f970 elementor-widget elementor-widget-text-editor\" data-id=\"5be0f970\" data-element_type=\"widget\" data-e-type=\"widget\" data-widget_type=\"text-editor.default\">\n\t\t\t\t<div class=\"elementor-widget-container\">\n\t\t\t\t\t\t\t\t\t<p>Janvier 2016, 124 pages, format 16 x 16. Le livre est accompagn\u00e9 en bonus d\u2019un mini-dictionnaire intitul\u00e9 \u00ab\u00a0Le jugement\u00a0\u00bb.<\/p><p>Disponible uniquement en livraison postale.<\/p>\t\t\t\t\t\t\t\t<\/div>\n\t\t\t\t<\/div>\n\t\t\t\t\t<\/div>\n\t\t<\/div>\n\t\t\t\t<div class=\"elementor-column elementor-col-33 elementor-top-column elementor-element elementor-element-21bfd070\" data-id=\"21bfd070\" data-element_type=\"column\" data-e-type=\"column\">\n\t\t\t<div class=\"elementor-widget-wrap elementor-element-populated\">\n\t\t\t\t\t\t<section class=\"elementor-section elementor-inner-section elementor-element elementor-element-59d09581 elementor-section-boxed elementor-section-height-default elementor-section-height-default\" data-id=\"59d09581\" data-element_type=\"section\" data-e-type=\"section\">\n\t\t\t\t\t\t<div class=\"elementor-container elementor-column-gap-default\">\n\t\t\t\t\t<div class=\"elementor-column elementor-col-100 elementor-inner-column elementor-element elementor-element-5e4278fd\" data-id=\"5e4278fd\" data-element_type=\"column\" data-e-type=\"column\">\n\t\t\t<div class=\"elementor-widget-wrap elementor-element-populated\">\n\t\t\t\t\t\t<div class=\"elementor-element elementor-element-41997549 elementor-absolute elementor-widget elementor-widget-image\" data-id=\"41997549\" data-element_type=\"widget\" data-e-type=\"widget\" data-settings=\"{&quot;_position&quot;:&quot;absolute&quot;}\" data-widget_type=\"image.default\">\n\t\t\t\t<div class=\"elementor-widget-container\">\n\t\t\t\t\t\t\t\t\t\t\t\t\t\t\t<img fetchpriority=\"high\" decoding=\"async\" width=\"750\" height=\"751\" src=\"https:\/\/www.lignebleue.biz\/wp-content\/uploads\/2021\/03\/malmanach.png\" class=\"elementor-animation-grow attachment-large size-large wp-image-3429\" alt=\"\" srcset=\"https:\/\/www.lignebleue.biz\/wp-content\/uploads\/2021\/03\/malmanach.png 1015w, https:\/\/www.lignebleue.biz\/wp-content\/uploads\/2021\/03\/malmanach-450x450.png 450w, https:\/\/www.lignebleue.biz\/wp-content\/uploads\/2021\/03\/malmanach-100x100.png 100w, https:\/\/www.lignebleue.biz\/wp-content\/uploads\/2021\/03\/malmanach-600x601.png 600w, https:\/\/www.lignebleue.biz\/wp-content\/uploads\/2021\/03\/malmanach-300x300.png 300w, https:\/\/www.lignebleue.biz\/wp-content\/uploads\/2021\/03\/malmanach-150x150.png 150w, https:\/\/www.lignebleue.biz\/wp-content\/uploads\/2021\/03\/malmanach-768x770.png 768w\" sizes=\"(max-width: 750px) 100vw, 750px\" style=\"width:100%;height:100.2%;max-width:1015px\" \/>\t\t\t\t\t\t\t\t\t\t\t\t\t\t\t<\/div>\n\t\t\t\t<\/div>\n\t\t\t\t\t<\/div>\n\t\t<\/div>\n\t\t\t\t\t<\/div>\n\t\t<\/section>\n\t\t\t\t\t<\/div>\n\t\t<\/div>\n\t\t\t\t<div class=\"elementor-column elementor-col-33 elementor-top-column elementor-element elementor-element-6b7252cc\" data-id=\"6b7252cc\" data-element_type=\"column\" data-e-type=\"column\">\n\t\t\t<div class=\"elementor-widget-wrap elementor-element-populated\">\n\t\t\t\t\t\t<section class=\"elementor-section elementor-inner-section elementor-element elementor-element-15b32cf elementor-section-height-min-height elementor-section-content-middle elementor-section-boxed elementor-section-height-default\" data-id=\"15b32cf\" data-element_type=\"section\" data-e-type=\"section\">\n\t\t\t\t\t\t<div class=\"elementor-container elementor-column-gap-default\">\n\t\t\t\t\t<div class=\"elementor-column elementor-col-100 elementor-inner-column elementor-element elementor-element-30b8a3d5\" data-id=\"30b8a3d5\" data-element_type=\"column\" data-e-type=\"column\">\n\t\t\t<div class=\"elementor-widget-wrap elementor-element-populated\">\n\t\t\t\t\t\t<div class=\"elementor-element elementor-element-b2e3ec0 elementor-view-default elementor-widget elementor-widget-icon\" data-id=\"b2e3ec0\" data-element_type=\"widget\" data-e-type=\"widget\" data-widget_type=\"icon.default\">\n\t\t\t\t<div class=\"elementor-widget-container\">\n\t\t\t\t\t\t\t<div class=\"elementor-icon-wrapper\">\n\t\t\t<div class=\"elementor-icon\">\n\t\t\t<i aria-hidden=\"true\" class=\"fas fa-paper-plane\"><\/i>\t\t\t<\/div>\n\t\t<\/div>\n\t\t\t\t\t\t<\/div>\n\t\t\t\t<\/div>\n\t\t\t\t\t<\/div>\n\t\t<\/div>\n\t\t\t\t\t<\/div>\n\t\t<\/section>\n\t\t\t\t\t<\/div>\n\t\t<\/div>\n\t\t\t\t\t<\/div>\n\t\t<\/section>\n\t\t\t\t<\/div>\n\t\t","protected":false},"excerpt":{"rendered":"<p>Le Malmanach J&rsquo;ai mal \u00e0\u00a0 mon almanach, Docteur. C&rsquo;est grave ? Attention : risque de contagion \u00e0\u00a0 l&rsquo;absurdit\u00e9 volum\u00e9trique. Mais qu&rsquo;on ne s&rsquo;y trompe pas ! Ce livre n&rsquo;est pas seulement un ouvrage encyclop\u00e9dique reconnu par la communaut\u00e9 scientifique. C&rsquo;est aussi un ouvrage r\u00e9solument jouissif et d\u00e9cal\u00e9, \u00e0\u00a0 lire petit \u00e0\u00a0 petit. Vous aurez ainsi&hellip; <a class=\"more-link\" href=\"https:\/\/www.lignebleue.biz\/index.php\/librairie\/malmanach\/\">Continue reading <span class=\"screen-reader-text\">Le Malmanach<\/span><\/a><\/p>\n","protected":false},"author":1,"featured_media":0,"parent":489,"menu_order":0,"comment_status":"closed","ping_status":"closed","template":"elementor_header_footer","meta":{"_eb_attr":"","footnotes":""},"class_list":["post-3451","page","type-page","status-publish","hentry","entry"],"_links":{"self":[{"href":"https:\/\/www.lignebleue.biz\/index.php\/wp-json\/wp\/v2\/pages\/3451","targetHints":{"allow":["GET"]}}],"collection":[{"href":"https:\/\/www.lignebleue.biz\/index.php\/wp-json\/wp\/v2\/pages"}],"about":[{"href":"https:\/\/www.lignebleue.biz\/index.php\/wp-json\/wp\/v2\/types\/page"}],"author":[{"embeddable":true,"href":"https:\/\/www.lignebleue.biz\/index.php\/wp-json\/wp\/v2\/users\/1"}],"replies":[{"embeddable":true,"href":"https:\/\/www.lignebleue.biz\/index.php\/wp-json\/wp\/v2\/comments?post=3451"}],"version-history":[{"count":7,"href":"https:\/\/www.lignebleue.biz\/index.php\/wp-json\/wp\/v2\/pages\/3451\/revisions"}],"predecessor-version":[{"id":3541,"href":"https:\/\/www.lignebleue.biz\/index.php\/wp-json\/wp\/v2\/pages\/3451\/revisions\/3541"}],"up":[{"embeddable":true,"href":"https:\/\/www.lignebleue.biz\/index.php\/wp-json\/wp\/v2\/pages\/489"}],"wp:attachment":[{"href":"https:\/\/www.lignebleue.biz\/index.php\/wp-json\/wp\/v2\/media?parent=3451"}],"curies":[{"name":"wp","href":"https:\/\/api.w.org\/{rel}","templated":true}]}}