{"id":3438,"date":"2021-03-13T11:37:50","date_gmt":"2021-03-13T11:37:50","guid":{"rendered":"https:\/\/www.lignebleue.biz\/?page_id=3438"},"modified":"2021-03-15T13:15:36","modified_gmt":"2021-03-15T13:15:36","slug":"theatres","status":"publish","type":"page","link":"https:\/\/www.lignebleue.biz\/index.php\/librairie\/theatres\/","title":{"rendered":"Th\u00e9atres"},"content":{"rendered":"\t\t<div data-elementor-type=\"wp-page\" data-elementor-id=\"3438\" class=\"elementor elementor-3438\" data-elementor-post-type=\"page\">\n\t\t\t\t\t\t<section class=\"elementor-section elementor-top-section elementor-element elementor-element-1c35c0d2 elementor-section-boxed elementor-section-height-default elementor-section-height-default\" data-id=\"1c35c0d2\" data-element_type=\"section\" data-e-type=\"section\">\n\t\t\t\t\t\t<div class=\"elementor-container elementor-column-gap-default\">\n\t\t\t\t\t<div class=\"elementor-column elementor-col-100 elementor-top-column elementor-element elementor-element-3d7d9f60\" data-id=\"3d7d9f60\" data-element_type=\"column\" data-e-type=\"column\">\n\t\t\t<div class=\"elementor-widget-wrap\">\n\t\t\t\t\t\t\t<\/div>\n\t\t<\/div>\n\t\t\t\t\t<\/div>\n\t\t<\/section>\n\t\t\t\t<section class=\"elementor-section elementor-top-section elementor-element elementor-element-43332f2b elementor-section-boxed elementor-section-height-default elementor-section-height-default\" data-id=\"43332f2b\" data-element_type=\"section\" data-e-type=\"section\">\n\t\t\t\t\t\t<div class=\"elementor-container elementor-column-gap-default\">\n\t\t\t\t\t<div class=\"elementor-column elementor-col-33 elementor-top-column elementor-element elementor-element-5def521d\" data-id=\"5def521d\" data-element_type=\"column\" data-e-type=\"column\" data-settings=\"{&quot;background_background&quot;:&quot;classic&quot;}\">\n\t\t\t<div class=\"elementor-widget-wrap elementor-element-populated\">\n\t\t\t\t\t\t<div class=\"elementor-element elementor-element-f5f9a3c elementor-widget elementor-widget-heading\" data-id=\"f5f9a3c\" data-element_type=\"widget\" data-e-type=\"widget\" data-widget_type=\"heading.default\">\n\t\t\t\t<div class=\"elementor-widget-container\">\n\t\t\t\t\t<h2 class=\"elementor-heading-title elementor-size-default\">Th\u00e9atres<\/h2>\t\t\t\t<\/div>\n\t\t\t\t<\/div>\n\t\t\t\t<div class=\"elementor-element elementor-element-b1b8b82 elementor-widget elementor-widget-text-editor\" data-id=\"b1b8b82\" data-element_type=\"widget\" data-e-type=\"widget\" data-widget_type=\"text-editor.default\">\n\t\t\t\t<div class=\"elementor-widget-container\">\n\t\t\t\t\t\t\t\t\t<p>Entre 1993 et 1999, s\u2019est d\u00e9roul\u00e9e l\u2019aventure du Th\u00e9\u00e2tre Libre. Cette courte \u00e9quip\u00e9e a une particularit\u00e9 : la premi\u00e8re et la derni\u00e8re oeuvre qui ont \u00e9t\u00e9 jou\u00e9es par la troupe sont des cr\u00e9ations destin\u00e9es \u00e0 r\u00e9pondre aux attentes des acteurs ! Ainsi les pi\u00e8ces <em>Mon pauvre Joseph<\/em> et <em>L\u2019enjeu<\/em> ont-elles vu le jour. La premi\u00e8re est un vaudeville \u00e0 la mode classique, p\u00e9tillant et frais, qui raconte les m\u00e9saventures d\u2019un c\u00e9libataire que la vie de couple rattrape au d\u00e9tour d\u2019un enterrement ! La seconde est une exposition qui \u00e9voque en douze tableaux l\u2019histoire d\u2019un homme, avec ses joies, ses peines et surtout, sa conscience. Cette oeuvre est augment\u00e9e d\u2019une analyse litt\u00e9raire et symbolique d\u00e9taill\u00e9e ainsi que des notes de mise en sc\u00e8ne.<\/p>\t\t\t\t\t\t\t\t<\/div>\n\t\t\t\t<\/div>\n\t\t\t\t<div class=\"elementor-element elementor-element-5be0f970 elementor-widget elementor-widget-text-editor\" data-id=\"5be0f970\" data-element_type=\"widget\" data-e-type=\"widget\" data-widget_type=\"text-editor.default\">\n\t\t\t\t<div class=\"elementor-widget-container\">\n\t\t\t\t\t\t\t\t\t<p>Juin 2010, 188 pages, format 16 x 16.<\/p><p>Disponible uniquement en livraison postale.<\/p>\t\t\t\t\t\t\t\t<\/div>\n\t\t\t\t<\/div>\n\t\t\t\t\t<\/div>\n\t\t<\/div>\n\t\t\t\t<div class=\"elementor-column elementor-col-33 elementor-top-column elementor-element elementor-element-21bfd070\" data-id=\"21bfd070\" data-element_type=\"column\" data-e-type=\"column\">\n\t\t\t<div class=\"elementor-widget-wrap elementor-element-populated\">\n\t\t\t\t\t\t<section class=\"elementor-section elementor-inner-section elementor-element elementor-element-59d09581 elementor-section-boxed elementor-section-height-default elementor-section-height-default\" data-id=\"59d09581\" data-element_type=\"section\" data-e-type=\"section\">\n\t\t\t\t\t\t<div class=\"elementor-container elementor-column-gap-default\">\n\t\t\t\t\t<div class=\"elementor-column elementor-col-100 elementor-inner-column elementor-element elementor-element-5e4278fd\" data-id=\"5e4278fd\" data-element_type=\"column\" data-e-type=\"column\">\n\t\t\t<div class=\"elementor-widget-wrap elementor-element-populated\">\n\t\t\t\t\t\t<div class=\"elementor-element elementor-element-41997549 elementor-absolute elementor-widget elementor-widget-image\" data-id=\"41997549\" data-element_type=\"widget\" data-e-type=\"widget\" data-settings=\"{&quot;_position&quot;:&quot;absolute&quot;}\" data-widget_type=\"image.default\">\n\t\t\t\t<div class=\"elementor-widget-container\">\n\t\t\t\t\t\t\t\t\t\t\t\t\t\t\t<img fetchpriority=\"high\" decoding=\"async\" width=\"750\" height=\"753\" src=\"https:\/\/www.lignebleue.biz\/wp-content\/uploads\/2021\/03\/theatre.png\" class=\"elementor-animation-grow attachment-large size-large wp-image-3431\" alt=\"\" srcset=\"https:\/\/www.lignebleue.biz\/wp-content\/uploads\/2021\/03\/theatre.png 1017w, https:\/\/www.lignebleue.biz\/wp-content\/uploads\/2021\/03\/theatre-100x100.png 100w, https:\/\/www.lignebleue.biz\/wp-content\/uploads\/2021\/03\/theatre-600x602.png 600w, https:\/\/www.lignebleue.biz\/wp-content\/uploads\/2021\/03\/theatre-300x300.png 300w, https:\/\/www.lignebleue.biz\/wp-content\/uploads\/2021\/03\/theatre-150x150.png 150w, https:\/\/www.lignebleue.biz\/wp-content\/uploads\/2021\/03\/theatre-768x771.png 768w\" sizes=\"(max-width: 750px) 100vw, 750px\" style=\"width:100%;height:100.39%;max-width:1017px\" \/>\t\t\t\t\t\t\t\t\t\t\t\t\t\t\t<\/div>\n\t\t\t\t<\/div>\n\t\t\t\t\t<\/div>\n\t\t<\/div>\n\t\t\t\t\t<\/div>\n\t\t<\/section>\n\t\t\t\t\t<\/div>\n\t\t<\/div>\n\t\t\t\t<div class=\"elementor-column elementor-col-33 elementor-top-column elementor-element elementor-element-6b7252cc\" data-id=\"6b7252cc\" data-element_type=\"column\" data-e-type=\"column\">\n\t\t\t<div class=\"elementor-widget-wrap elementor-element-populated\">\n\t\t\t\t\t\t<section class=\"elementor-section elementor-inner-section elementor-element elementor-element-15b32cf elementor-section-height-min-height elementor-section-content-middle elementor-section-boxed elementor-section-height-default\" data-id=\"15b32cf\" data-element_type=\"section\" data-e-type=\"section\">\n\t\t\t\t\t\t<div class=\"elementor-container elementor-column-gap-default\">\n\t\t\t\t\t<div class=\"elementor-column elementor-col-100 elementor-inner-column elementor-element elementor-element-30b8a3d5\" data-id=\"30b8a3d5\" data-element_type=\"column\" data-e-type=\"column\">\n\t\t\t<div class=\"elementor-widget-wrap elementor-element-populated\">\n\t\t\t\t\t\t<div class=\"elementor-element elementor-element-95d0812 elementor-view-default elementor-widget elementor-widget-icon\" data-id=\"95d0812\" data-element_type=\"widget\" data-e-type=\"widget\" data-widget_type=\"icon.default\">\n\t\t\t\t<div class=\"elementor-widget-container\">\n\t\t\t\t\t\t\t<div class=\"elementor-icon-wrapper\">\n\t\t\t<div class=\"elementor-icon\">\n\t\t\t<i aria-hidden=\"true\" class=\"fas fa-paper-plane\"><\/i>\t\t\t<\/div>\n\t\t<\/div>\n\t\t\t\t\t\t<\/div>\n\t\t\t\t<\/div>\n\t\t\t\t\t<\/div>\n\t\t<\/div>\n\t\t\t\t\t<\/div>\n\t\t<\/section>\n\t\t\t\t\t<\/div>\n\t\t<\/div>\n\t\t\t\t\t<\/div>\n\t\t<\/section>\n\t\t\t\t<\/div>\n\t\t","protected":false},"excerpt":{"rendered":"<p>Th\u00e9atres Entre 1993 et 1999, s&rsquo;est d\u00e9roul\u00e9e l&rsquo;aventure du Th\u00e9\u00e2tre Libre. Cette courte \u00e9quip\u00e9e a une particularit\u00e9 : la premi\u00e8re et la derni\u00e8re oeuvre qui ont \u00e9t\u00e9 jou\u00e9es par la troupe sont des cr\u00e9ations destin\u00e9es \u00e0\u00a0 r\u00e9pondre aux attentes des acteurs ! Ainsi les pi\u00e8ces Mon pauvre Joseph et L&rsquo;enjeu ont-elles vu le jour. La&hellip; <a class=\"more-link\" href=\"https:\/\/www.lignebleue.biz\/index.php\/librairie\/theatres\/\">Continue reading <span class=\"screen-reader-text\">Th\u00e9atres<\/span><\/a><\/p>\n","protected":false},"author":1,"featured_media":0,"parent":489,"menu_order":0,"comment_status":"closed","ping_status":"closed","template":"elementor_header_footer","meta":{"_eb_attr":"","footnotes":""},"class_list":["post-3438","page","type-page","status-publish","hentry","entry"],"_links":{"self":[{"href":"https:\/\/www.lignebleue.biz\/index.php\/wp-json\/wp\/v2\/pages\/3438","targetHints":{"allow":["GET"]}}],"collection":[{"href":"https:\/\/www.lignebleue.biz\/index.php\/wp-json\/wp\/v2\/pages"}],"about":[{"href":"https:\/\/www.lignebleue.biz\/index.php\/wp-json\/wp\/v2\/types\/page"}],"author":[{"embeddable":true,"href":"https:\/\/www.lignebleue.biz\/index.php\/wp-json\/wp\/v2\/users\/1"}],"replies":[{"embeddable":true,"href":"https:\/\/www.lignebleue.biz\/index.php\/wp-json\/wp\/v2\/comments?post=3438"}],"version-history":[{"count":19,"href":"https:\/\/www.lignebleue.biz\/index.php\/wp-json\/wp\/v2\/pages\/3438\/revisions"}],"predecessor-version":[{"id":3570,"href":"https:\/\/www.lignebleue.biz\/index.php\/wp-json\/wp\/v2\/pages\/3438\/revisions\/3570"}],"up":[{"embeddable":true,"href":"https:\/\/www.lignebleue.biz\/index.php\/wp-json\/wp\/v2\/pages\/489"}],"wp:attachment":[{"href":"https:\/\/www.lignebleue.biz\/index.php\/wp-json\/wp\/v2\/media?parent=3438"}],"curies":[{"name":"wp","href":"https:\/\/api.w.org\/{rel}","templated":true}]}}