{"id":3432,"date":"2021-03-13T11:34:46","date_gmt":"2021-03-13T11:34:46","guid":{"rendered":"https:\/\/www.lignebleue.biz\/?page_id=3432"},"modified":"2021-03-15T12:49:02","modified_gmt":"2021-03-15T12:49:02","slug":"contes-bizarres-somnolents","status":"publish","type":"page","link":"https:\/\/www.lignebleue.biz\/index.php\/librairie\/contes-bizarres-somnolents\/","title":{"rendered":"Contes bizarres et somnolents"},"content":{"rendered":"\t\t<div data-elementor-type=\"wp-page\" data-elementor-id=\"3432\" class=\"elementor elementor-3432\" data-elementor-post-type=\"page\">\n\t\t\t\t\t\t<section class=\"elementor-section elementor-top-section elementor-element elementor-element-1c35c0d2 elementor-section-boxed elementor-section-height-default elementor-section-height-default\" data-id=\"1c35c0d2\" data-element_type=\"section\" data-e-type=\"section\">\n\t\t\t\t\t\t<div class=\"elementor-container elementor-column-gap-default\">\n\t\t\t\t\t<div class=\"elementor-column elementor-col-100 elementor-top-column elementor-element elementor-element-3d7d9f60\" data-id=\"3d7d9f60\" data-element_type=\"column\" data-e-type=\"column\">\n\t\t\t<div class=\"elementor-widget-wrap\">\n\t\t\t\t\t\t\t<\/div>\n\t\t<\/div>\n\t\t\t\t\t<\/div>\n\t\t<\/section>\n\t\t\t\t<section class=\"elementor-section elementor-top-section elementor-element elementor-element-43332f2b elementor-section-boxed elementor-section-height-default elementor-section-height-default\" data-id=\"43332f2b\" data-element_type=\"section\" data-e-type=\"section\">\n\t\t\t\t\t\t<div class=\"elementor-container elementor-column-gap-default\">\n\t\t\t\t\t<div class=\"elementor-column elementor-col-33 elementor-top-column elementor-element elementor-element-5def521d\" data-id=\"5def521d\" data-element_type=\"column\" data-e-type=\"column\" data-settings=\"{&quot;background_background&quot;:&quot;classic&quot;}\">\n\t\t\t<div class=\"elementor-widget-wrap elementor-element-populated\">\n\t\t\t\t\t\t<div class=\"elementor-element elementor-element-f5f9a3c elementor-widget elementor-widget-heading\" data-id=\"f5f9a3c\" data-element_type=\"widget\" data-e-type=\"widget\" data-widget_type=\"heading.default\">\n\t\t\t\t<div class=\"elementor-widget-container\">\n\t\t\t\t\t<h2 class=\"elementor-heading-title elementor-size-default\">Contes bizarres et somnolents<\/h2>\t\t\t\t<\/div>\n\t\t\t\t<\/div>\n\t\t\t\t<div class=\"elementor-element elementor-element-b1b8b82 elementor-widget elementor-widget-text-editor\" data-id=\"b1b8b82\" data-element_type=\"widget\" data-e-type=\"widget\" data-widget_type=\"text-editor.default\">\n\t\t\t\t<div class=\"elementor-widget-container\">\n\t\t\t\t\t\t\t\t\t<p>Les bons contes font-ils les bons amis\u00a0?\u00a0\u00c0 travers douze petites nouvelles, l\u2019auteur relate son exp\u00e9rience de journaliste \u00e0 la Gazette de Bisard. De mois en mois, nous l\u2019accompagnons dans les rencontres que son patron suscite \u00e0 son grand d\u00e9sappointement. Nous d\u00e9couvrons ainsi une galerie de personnages hauts en couleurs, tant\u00f4t bizarres, tant\u00f4t kafka\u00efens, quand ils ne sont pas \u00e9tonnants, terribles ou pitoyables. D\u2019une visite \u00e0 l\u2019autre, nous nous laissons emporter par des fables surr\u00e9alistes, fantaisistes ou m\u00eame parfois un peu crues (<em>adults only<\/em>), mais souvent teint\u00e9es d\u2019un humour et d\u2019une tendresse pas si innocents que \u00e7a&#8230;<\/p>\t\t\t\t\t\t\t\t<\/div>\n\t\t\t\t<\/div>\n\t\t\t\t<div class=\"elementor-element elementor-element-5be0f970 elementor-widget elementor-widget-text-editor\" data-id=\"5be0f970\" data-element_type=\"widget\" data-e-type=\"widget\" data-widget_type=\"text-editor.default\">\n\t\t\t\t<div class=\"elementor-widget-container\">\n\t\t\t\t\t\t\t\t\t<p>Mai 2009, 104 pages, format 16 x 16. Ce livre contient \u00e9galement un \u00ab\u00a0bonus book\u00a0\u00bb de 24 pages comportant de nombreux suppl\u00e9ments.<\/p><p>Disponible uniquement en livraison postale<\/p>\t\t\t\t\t\t\t\t<\/div>\n\t\t\t\t<\/div>\n\t\t\t\t\t<\/div>\n\t\t<\/div>\n\t\t\t\t<div class=\"elementor-column elementor-col-33 elementor-top-column elementor-element elementor-element-21bfd070\" data-id=\"21bfd070\" data-element_type=\"column\" data-e-type=\"column\">\n\t\t\t<div class=\"elementor-widget-wrap elementor-element-populated\">\n\t\t\t\t\t\t<section class=\"elementor-section elementor-inner-section elementor-element elementor-element-59d09581 elementor-section-boxed elementor-section-height-default elementor-section-height-default\" data-id=\"59d09581\" data-element_type=\"section\" data-e-type=\"section\">\n\t\t\t\t\t\t<div class=\"elementor-container elementor-column-gap-default\">\n\t\t\t\t\t<div class=\"elementor-column elementor-col-100 elementor-inner-column elementor-element elementor-element-5e4278fd\" data-id=\"5e4278fd\" data-element_type=\"column\" data-e-type=\"column\">\n\t\t\t<div class=\"elementor-widget-wrap elementor-element-populated\">\n\t\t\t\t\t\t<div class=\"elementor-element elementor-element-41997549 elementor-absolute elementor-widget elementor-widget-image\" data-id=\"41997549\" data-element_type=\"widget\" data-e-type=\"widget\" data-settings=\"{&quot;_position&quot;:&quot;absolute&quot;}\" data-widget_type=\"image.default\">\n\t\t\t\t<div class=\"elementor-widget-container\">\n\t\t\t\t\t\t\t\t\t\t\t\t\t\t\t<img fetchpriority=\"high\" decoding=\"async\" width=\"750\" height=\"748\" src=\"https:\/\/www.lignebleue.biz\/wp-content\/uploads\/2021\/03\/conte_bizarres_somnolents.png\" class=\"elementor-animation-grow attachment-large size-large wp-image-3425\" alt=\"\" srcset=\"https:\/\/www.lignebleue.biz\/wp-content\/uploads\/2021\/03\/conte_bizarres_somnolents.png 876w, https:\/\/www.lignebleue.biz\/wp-content\/uploads\/2021\/03\/conte_bizarres_somnolents-450x450.png 450w, https:\/\/www.lignebleue.biz\/wp-content\/uploads\/2021\/03\/conte_bizarres_somnolents-100x100.png 100w, https:\/\/www.lignebleue.biz\/wp-content\/uploads\/2021\/03\/conte_bizarres_somnolents-600x599.png 600w, https:\/\/www.lignebleue.biz\/wp-content\/uploads\/2021\/03\/conte_bizarres_somnolents-300x300.png 300w, https:\/\/www.lignebleue.biz\/wp-content\/uploads\/2021\/03\/conte_bizarres_somnolents-150x150.png 150w, https:\/\/www.lignebleue.biz\/wp-content\/uploads\/2021\/03\/conte_bizarres_somnolents-768x766.png 768w\" sizes=\"(max-width: 750px) 100vw, 750px\" style=\"width:100%;height:99.77%;max-width:876px\" \/>\t\t\t\t\t\t\t\t\t\t\t\t\t\t\t<\/div>\n\t\t\t\t<\/div>\n\t\t\t\t\t<\/div>\n\t\t<\/div>\n\t\t\t\t\t<\/div>\n\t\t<\/section>\n\t\t\t\t\t<\/div>\n\t\t<\/div>\n\t\t\t\t<div class=\"elementor-column elementor-col-33 elementor-top-column elementor-element elementor-element-6b7252cc\" data-id=\"6b7252cc\" data-element_type=\"column\" data-e-type=\"column\">\n\t\t\t<div class=\"elementor-widget-wrap elementor-element-populated\">\n\t\t\t\t\t\t<section class=\"elementor-section elementor-inner-section elementor-element elementor-element-15b32cf elementor-section-height-min-height elementor-section-content-middle elementor-section-boxed elementor-section-height-default\" data-id=\"15b32cf\" data-element_type=\"section\" data-e-type=\"section\">\n\t\t\t\t\t\t<div class=\"elementor-container elementor-column-gap-default\">\n\t\t\t\t\t<div class=\"elementor-column elementor-col-100 elementor-inner-column elementor-element elementor-element-30b8a3d5\" data-id=\"30b8a3d5\" data-element_type=\"column\" data-e-type=\"column\">\n\t\t\t<div class=\"elementor-widget-wrap elementor-element-populated\">\n\t\t\t\t\t\t<div class=\"elementor-element elementor-element-b2e3ec0 elementor-view-default elementor-widget elementor-widget-icon\" data-id=\"b2e3ec0\" data-element_type=\"widget\" data-e-type=\"widget\" data-widget_type=\"icon.default\">\n\t\t\t\t<div class=\"elementor-widget-container\">\n\t\t\t\t\t\t\t<div class=\"elementor-icon-wrapper\">\n\t\t\t<div class=\"elementor-icon\">\n\t\t\t<i aria-hidden=\"true\" class=\"fas fa-paper-plane\"><\/i>\t\t\t<\/div>\n\t\t<\/div>\n\t\t\t\t\t\t<\/div>\n\t\t\t\t<\/div>\n\t\t\t\t\t<\/div>\n\t\t<\/div>\n\t\t\t\t\t<\/div>\n\t\t<\/section>\n\t\t\t\t\t<\/div>\n\t\t<\/div>\n\t\t\t\t\t<\/div>\n\t\t<\/section>\n\t\t\t\t<\/div>\n\t\t","protected":false},"excerpt":{"rendered":"<p>Contes bizarres et somnolents Les bons contes font-ils les bons amis ? \u00e0 travers douze petites nouvelles, l&rsquo;auteur relate son exp\u00e9rience de journaliste \u00e0\u00a0 la Gazette de Bisard. De mois en mois, nous l&rsquo;accompagnons dans les rencontres que son patron suscite \u00e0\u00a0 son grand d\u00e9sappointement. Nous d\u00e9couvrons ainsi une galerie de personnages hauts en couleurs,&hellip; <a class=\"more-link\" href=\"https:\/\/www.lignebleue.biz\/index.php\/librairie\/contes-bizarres-somnolents\/\">Continue reading <span class=\"screen-reader-text\">Contes bizarres et somnolents<\/span><\/a><\/p>\n","protected":false},"author":1,"featured_media":0,"parent":489,"menu_order":0,"comment_status":"closed","ping_status":"closed","template":"elementor_header_footer","meta":{"_eb_attr":"","footnotes":""},"class_list":["post-3432","page","type-page","status-publish","hentry","entry"],"_links":{"self":[{"href":"https:\/\/www.lignebleue.biz\/index.php\/wp-json\/wp\/v2\/pages\/3432","targetHints":{"allow":["GET"]}}],"collection":[{"href":"https:\/\/www.lignebleue.biz\/index.php\/wp-json\/wp\/v2\/pages"}],"about":[{"href":"https:\/\/www.lignebleue.biz\/index.php\/wp-json\/wp\/v2\/types\/page"}],"author":[{"embeddable":true,"href":"https:\/\/www.lignebleue.biz\/index.php\/wp-json\/wp\/v2\/users\/1"}],"replies":[{"embeddable":true,"href":"https:\/\/www.lignebleue.biz\/index.php\/wp-json\/wp\/v2\/comments?post=3432"}],"version-history":[{"count":11,"href":"https:\/\/www.lignebleue.biz\/index.php\/wp-json\/wp\/v2\/pages\/3432\/revisions"}],"predecessor-version":[{"id":3535,"href":"https:\/\/www.lignebleue.biz\/index.php\/wp-json\/wp\/v2\/pages\/3432\/revisions\/3535"}],"up":[{"embeddable":true,"href":"https:\/\/www.lignebleue.biz\/index.php\/wp-json\/wp\/v2\/pages\/489"}],"wp:attachment":[{"href":"https:\/\/www.lignebleue.biz\/index.php\/wp-json\/wp\/v2\/media?parent=3432"}],"curies":[{"name":"wp","href":"https:\/\/api.w.org\/{rel}","templated":true}]}}