{"id":3378,"date":"2021-03-13T10:51:37","date_gmt":"2021-03-13T10:51:37","guid":{"rendered":"https:\/\/www.lignebleue.biz\/?page_id=3378"},"modified":"2025-11-17T11:44:31","modified_gmt":"2025-11-17T09:44:31","slug":"a-la-vie-a-la-mort","status":"publish","type":"page","link":"https:\/\/www.lignebleue.biz\/index.php\/librairie\/a-la-vie-a-la-mort\/","title":{"rendered":"A la vie \u00e0\u00a0 la mort"},"content":{"rendered":"\t\t<div data-elementor-type=\"wp-page\" data-elementor-id=\"3378\" class=\"elementor elementor-3378\" data-elementor-post-type=\"page\">\n\t\t\t\t\t\t<section class=\"elementor-section elementor-top-section elementor-element elementor-element-1c35c0d2 elementor-section-boxed elementor-section-height-default elementor-section-height-default\" data-id=\"1c35c0d2\" data-element_type=\"section\" data-e-type=\"section\">\n\t\t\t\t\t\t<div class=\"elementor-container elementor-column-gap-default\">\n\t\t\t\t\t<div class=\"elementor-column elementor-col-100 elementor-top-column elementor-element elementor-element-3d7d9f60\" data-id=\"3d7d9f60\" data-element_type=\"column\" data-e-type=\"column\">\n\t\t\t<div class=\"elementor-widget-wrap\">\n\t\t\t\t\t\t\t<\/div>\n\t\t<\/div>\n\t\t\t\t\t<\/div>\n\t\t<\/section>\n\t\t\t\t<section class=\"elementor-section elementor-top-section elementor-element elementor-element-43332f2b elementor-section-boxed elementor-section-height-default elementor-section-height-default\" data-id=\"43332f2b\" data-element_type=\"section\" data-e-type=\"section\">\n\t\t\t\t\t\t<div class=\"elementor-container elementor-column-gap-default\">\n\t\t\t\t\t<div class=\"elementor-column elementor-col-33 elementor-top-column elementor-element elementor-element-5def521d\" data-id=\"5def521d\" data-element_type=\"column\" data-e-type=\"column\" data-settings=\"{&quot;background_background&quot;:&quot;classic&quot;}\">\n\t\t\t<div class=\"elementor-widget-wrap elementor-element-populated\">\n\t\t\t\t\t\t<div class=\"elementor-element elementor-element-f5f9a3c elementor-widget elementor-widget-heading\" data-id=\"f5f9a3c\" data-element_type=\"widget\" data-e-type=\"widget\" data-widget_type=\"heading.default\">\n\t\t\t\t<div class=\"elementor-widget-container\">\n\t\t\t\t\t<h2 class=\"elementor-heading-title elementor-size-default\">\u00c0 la vie, \u00e0 la mort !<\/h2>\t\t\t\t<\/div>\n\t\t\t\t<\/div>\n\t\t\t\t<div class=\"elementor-element elementor-element-b1b8b82 elementor-widget elementor-widget-text-editor\" data-id=\"b1b8b82\" data-element_type=\"widget\" data-e-type=\"widget\" data-widget_type=\"text-editor.default\">\n\t\t\t\t<div class=\"elementor-widget-container\">\n\t\t\t\t\t\t\t\t\t<p>Ce livret didactique d\u00e9cortique et explique l\u2019assurance solde restant d\u00fb dans un langage clair. Il r\u00e9pond notamment aux questions suivantes : Quand faut-il souscrire ? ; Quelles sont les formalit\u00e9s m\u00e9dicales (et leurs cons\u00e9quences) ? ; Quels montants couvrir ? ; Quels types de tarif choisir ? ; Qu\u2019est-ce que la p\u00e9riode de pr\u00e9l\u00e8vement ? ; Faut-il payer en primes unique ou fractionn\u00e9es ? ; Qu\u2019est-ce qu\u2019un contrat crois\u00e9 ? ; Etc&#8230; Mais cet opuscule va plus loin puisqu\u2019il vous donne aussi un outil d\u2019analyse pratique pour comparer entre elles diverses propositions de pr\u00eats. Et last but not least, il vous donne plus de d\u00e9tails sur notre tarification avantageuse. :-))<\/p>\t\t\t\t\t\t\t\t<\/div>\n\t\t\t\t<\/div>\n\t\t\t\t<div class=\"elementor-element elementor-element-5be0f970 elementor-widget elementor-widget-text-editor\" data-id=\"5be0f970\" data-element_type=\"widget\" data-e-type=\"widget\" data-widget_type=\"text-editor.default\">\n\t\t\t\t<div class=\"elementor-widget-container\">\n\t\t\t\t\t\t\t\t\t<p>Mai 2020 (1\u00e8 \u00e9dition), 44 pages, format A5. Existe aussi en version n\u00e9erlandaise.<\/p><p>Disponible gratuitement en t\u00e9l\u00e9chargement ou en livraison postale.<\/p>\t\t\t\t\t\t\t\t<\/div>\n\t\t\t\t<\/div>\n\t\t\t\t\t<\/div>\n\t\t<\/div>\n\t\t\t\t<div class=\"elementor-column elementor-col-33 elementor-top-column elementor-element elementor-element-21bfd070\" data-id=\"21bfd070\" data-element_type=\"column\" data-e-type=\"column\">\n\t\t\t<div class=\"elementor-widget-wrap elementor-element-populated\">\n\t\t\t\t\t\t<section class=\"elementor-section elementor-inner-section elementor-element elementor-element-59d09581 elementor-section-boxed elementor-section-height-default elementor-section-height-default\" data-id=\"59d09581\" data-element_type=\"section\" data-e-type=\"section\">\n\t\t\t\t\t\t<div class=\"elementor-container elementor-column-gap-default\">\n\t\t\t\t\t<div class=\"elementor-column elementor-col-100 elementor-inner-column elementor-element elementor-element-5e4278fd\" data-id=\"5e4278fd\" data-element_type=\"column\" data-e-type=\"column\">\n\t\t\t<div class=\"elementor-widget-wrap elementor-element-populated\">\n\t\t\t\t\t\t<div class=\"elementor-element elementor-element-41997549 elementor-absolute elementor-widget elementor-widget-image\" data-id=\"41997549\" data-element_type=\"widget\" data-e-type=\"widget\" data-settings=\"{&quot;_position&quot;:&quot;absolute&quot;}\" data-widget_type=\"image.default\">\n\t\t\t\t<div class=\"elementor-widget-container\">\n\t\t\t\t\t\t\t\t\t\t\t\t\t\t\t<img fetchpriority=\"high\" decoding=\"async\" width=\"726\" height=\"1024\" src=\"https:\/\/www.lignebleue.biz\/wp-content\/uploads\/2021\/02\/alaviealamort_cover-726x1024.png\" class=\"elementor-animation-grow attachment-large size-large wp-image-1195\" alt=\"\" srcset=\"https:\/\/www.lignebleue.biz\/wp-content\/uploads\/2021\/02\/alaviealamort_cover-726x1024.png 726w, https:\/\/www.lignebleue.biz\/wp-content\/uploads\/2021\/02\/alaviealamort_cover-600x846.png 600w, https:\/\/www.lignebleue.biz\/wp-content\/uploads\/2021\/02\/alaviealamort_cover-213x300.png 213w, https:\/\/www.lignebleue.biz\/wp-content\/uploads\/2021\/02\/alaviealamort_cover-768x1083.png 768w, https:\/\/www.lignebleue.biz\/wp-content\/uploads\/2021\/02\/alaviealamort_cover.png 779w\" sizes=\"(max-width: 726px) 100vw, 726px\" style=\"width:100%;height:141.08%;max-width:779px\" \/>\t\t\t\t\t\t\t\t\t\t\t\t\t\t\t<\/div>\n\t\t\t\t<\/div>\n\t\t\t\t\t<\/div>\n\t\t<\/div>\n\t\t\t\t\t<\/div>\n\t\t<\/section>\n\t\t\t\t\t<\/div>\n\t\t<\/div>\n\t\t\t\t<div class=\"elementor-column elementor-col-33 elementor-top-column elementor-element elementor-element-6b7252cc\" data-id=\"6b7252cc\" data-element_type=\"column\" data-e-type=\"column\">\n\t\t\t<div class=\"elementor-widget-wrap elementor-element-populated\">\n\t\t\t\t\t\t<section class=\"elementor-section elementor-inner-section elementor-element elementor-element-15b32cf elementor-section-height-min-height elementor-section-content-middle elementor-section-boxed elementor-section-height-default\" data-id=\"15b32cf\" data-element_type=\"section\" data-e-type=\"section\">\n\t\t\t\t\t\t<div class=\"elementor-container elementor-column-gap-default\">\n\t\t\t\t\t<div class=\"elementor-column elementor-col-100 elementor-inner-column elementor-element elementor-element-30b8a3d5\" data-id=\"30b8a3d5\" data-element_type=\"column\" data-e-type=\"column\">\n\t\t\t<div class=\"elementor-widget-wrap elementor-element-populated\">\n\t\t\t\t\t\t<div class=\"elementor-element elementor-element-95d0812 elementor-view-default elementor-widget elementor-widget-icon\" data-id=\"95d0812\" data-element_type=\"widget\" data-e-type=\"widget\" data-widget_type=\"icon.default\">\n\t\t\t\t<div class=\"elementor-widget-container\">\n\t\t\t\t\t\t\t<div class=\"elementor-icon-wrapper\">\n\t\t\t<div class=\"elementor-icon\">\n\t\t\t<i aria-hidden=\"true\" class=\"fas fa-file-download\"><\/i>\t\t\t<\/div>\n\t\t<\/div>\n\t\t\t\t\t\t<\/div>\n\t\t\t\t<\/div>\n\t\t\t\t<div class=\"elementor-element elementor-element-3d324e7 elementor-widget__width-auto elementor-widget elementor-widget-wpdmpackage\" data-id=\"3d324e7\" data-element_type=\"widget\" data-e-type=\"widget\" data-widget_type=\"wpdmpackage.default\">\n\t\t\t\t<div class=\"elementor-widget-container\">\n\t\t\t\t\t<div class='w3eden'><!-- WPDM Link Template: Link\/Button Popup -->\n<a href='#unlock' class='wpdm-download-link wpdm-download-locked btn btn-primary ' data-package='3357'>Download<\/a><\/div>\t\t\t\t<\/div>\n\t\t\t\t<\/div>\n\t\t\t\t<div class=\"elementor-element elementor-element-b2e3ec0 elementor-view-default elementor-widget elementor-widget-icon\" data-id=\"b2e3ec0\" data-element_type=\"widget\" data-e-type=\"widget\" data-widget_type=\"icon.default\">\n\t\t\t\t<div class=\"elementor-widget-container\">\n\t\t\t\t\t\t\t<div class=\"elementor-icon-wrapper\">\n\t\t\t<div class=\"elementor-icon\">\n\t\t\t<i aria-hidden=\"true\" class=\"fas fa-paper-plane\"><\/i>\t\t\t<\/div>\n\t\t<\/div>\n\t\t\t\t\t\t<\/div>\n\t\t\t\t<\/div>\n\t\t\t\t\t<\/div>\n\t\t<\/div>\n\t\t\t\t\t<\/div>\n\t\t<\/section>\n\t\t\t\t\t<\/div>\n\t\t<\/div>\n\t\t\t\t\t<\/div>\n\t\t<\/section>\n\t\t\t\t<\/div>\n\t\t","protected":false},"excerpt":{"rendered":"<p>\u00e0 la vie, \u00e0\u00a0 la mort ! Ce livret didactique d\u00e9cortique et explique l&rsquo;assurance solde restant d\u00fb dans un langage clair. Il r\u00e9pond notamment aux questions suivantes : Quand faut-il souscrire ? ; Quelles sont les formalit\u00e9s m\u00e9dicales (et leurs cons\u00e9quences) ? ; Quels montants couvrir ? ; Quels types de tarif choisir ? ;&hellip; <a class=\"more-link\" href=\"https:\/\/www.lignebleue.biz\/index.php\/librairie\/a-la-vie-a-la-mort\/\">Continue reading <span class=\"screen-reader-text\">A la vie \u00e0\u00a0 la mort<\/span><\/a><\/p>\n","protected":false},"author":1,"featured_media":0,"parent":489,"menu_order":0,"comment_status":"closed","ping_status":"closed","template":"elementor_header_footer","meta":{"_eb_attr":"","footnotes":""},"class_list":["post-3378","page","type-page","status-publish","hentry","entry"],"_links":{"self":[{"href":"https:\/\/www.lignebleue.biz\/index.php\/wp-json\/wp\/v2\/pages\/3378","targetHints":{"allow":["GET"]}}],"collection":[{"href":"https:\/\/www.lignebleue.biz\/index.php\/wp-json\/wp\/v2\/pages"}],"about":[{"href":"https:\/\/www.lignebleue.biz\/index.php\/wp-json\/wp\/v2\/types\/page"}],"author":[{"embeddable":true,"href":"https:\/\/www.lignebleue.biz\/index.php\/wp-json\/wp\/v2\/users\/1"}],"replies":[{"embeddable":true,"href":"https:\/\/www.lignebleue.biz\/index.php\/wp-json\/wp\/v2\/comments?post=3378"}],"version-history":[{"count":16,"href":"https:\/\/www.lignebleue.biz\/index.php\/wp-json\/wp\/v2\/pages\/3378\/revisions"}],"predecessor-version":[{"id":11634,"href":"https:\/\/www.lignebleue.biz\/index.php\/wp-json\/wp\/v2\/pages\/3378\/revisions\/11634"}],"up":[{"embeddable":true,"href":"https:\/\/www.lignebleue.biz\/index.php\/wp-json\/wp\/v2\/pages\/489"}],"wp:attachment":[{"href":"https:\/\/www.lignebleue.biz\/index.php\/wp-json\/wp\/v2\/media?parent=3378"}],"curies":[{"name":"wp","href":"https:\/\/api.w.org\/{rel}","templated":true}]}}