{"id":3367,"date":"2021-03-13T10:48:00","date_gmt":"2021-03-13T10:48:00","guid":{"rendered":"https:\/\/www.lignebleue.biz\/?page_id=3367"},"modified":"2024-02-06T18:17:36","modified_gmt":"2024-02-06T16:17:36","slug":"le-livret-bleu","status":"publish","type":"page","link":"https:\/\/www.lignebleue.biz\/index.php\/librairie\/le-livret-bleu\/","title":{"rendered":"Le Livret bleu"},"content":{"rendered":"\t\t<div data-elementor-type=\"wp-page\" data-elementor-id=\"3367\" class=\"elementor elementor-3367\" data-elementor-post-type=\"page\">\n\t\t\t\t\t\t<section class=\"elementor-section elementor-top-section elementor-element elementor-element-1c35c0d2 elementor-section-boxed elementor-section-height-default elementor-section-height-default\" data-id=\"1c35c0d2\" data-element_type=\"section\" data-e-type=\"section\">\n\t\t\t\t\t\t<div class=\"elementor-container elementor-column-gap-default\">\n\t\t\t\t\t<div class=\"elementor-column elementor-col-100 elementor-top-column elementor-element elementor-element-3d7d9f60\" data-id=\"3d7d9f60\" data-element_type=\"column\" data-e-type=\"column\">\n\t\t\t<div class=\"elementor-widget-wrap\">\n\t\t\t\t\t\t\t<\/div>\n\t\t<\/div>\n\t\t\t\t\t<\/div>\n\t\t<\/section>\n\t\t\t\t<section class=\"elementor-section elementor-top-section elementor-element elementor-element-43332f2b elementor-section-boxed elementor-section-height-default elementor-section-height-default\" data-id=\"43332f2b\" data-element_type=\"section\" data-e-type=\"section\">\n\t\t\t\t\t\t<div class=\"elementor-container elementor-column-gap-default\">\n\t\t\t\t\t<div class=\"elementor-column elementor-col-33 elementor-top-column elementor-element elementor-element-5def521d\" data-id=\"5def521d\" data-element_type=\"column\" data-e-type=\"column\" data-settings=\"{&quot;background_background&quot;:&quot;classic&quot;}\">\n\t\t\t<div class=\"elementor-widget-wrap elementor-element-populated\">\n\t\t\t\t\t\t<div class=\"elementor-element elementor-element-f5f9a3c elementor-widget elementor-widget-heading\" data-id=\"f5f9a3c\" data-element_type=\"widget\" data-e-type=\"widget\" data-widget_type=\"heading.default\">\n\t\t\t\t<div class=\"elementor-widget-container\">\n\t\t\t\t\t<h2 class=\"elementor-heading-title elementor-size-default\">Le livret bleu<\/h2>\t\t\t\t<\/div>\n\t\t\t\t<\/div>\n\t\t\t\t<div class=\"elementor-element elementor-element-b1b8b82 elementor-widget elementor-widget-text-editor\" data-id=\"b1b8b82\" data-element_type=\"widget\" data-e-type=\"widget\" data-widget_type=\"text-editor.default\">\n\t\t\t\t<div class=\"elementor-widget-container\">\n\t\t\t\t\t\t\t\t\t<p>Ce livret didactique dont on peut choisir le niveau de lecture et d\u2019information parmi les trois pr\u00e9sent\u00e9s est destin\u00e9 \u00e0 tous ceux qui veulent mieux comprendre le langage de leur banquier, quelle que soit l\u2019\u00e9tendue de leur patrimoine. Cr\u00e9sus et Job y trouveront l\u2019utile vulgarisation d\u2019un sabir subtilement incompr\u00e9hensible abord\u00e9e avec le plus grand s\u00e9rieux mais non sans un humour souvent caustique. Bref, cet ouvrage pose des questions de base, apporte des r\u00e9ponses pratiques, donne des conseils pragmatiques et surtout, \u00e9veille votre esprit critique. Ne vous en privez pas\u00a0!<\/p>\t\t\t\t\t\t\t\t<\/div>\n\t\t\t\t<\/div>\n\t\t\t\t<div class=\"elementor-element elementor-element-5be0f970 elementor-widget elementor-widget-text-editor\" data-id=\"5be0f970\" data-element_type=\"widget\" data-e-type=\"widget\" data-widget_type=\"text-editor.default\">\n\t\t\t\t<div class=\"elementor-widget-container\">\n\t\t\t\t\t\t\t\t\t<p>F\u00e9vrier 2020 (4\u00e8 \u00e9dition), 44 pages, format A5.<\/p><p>Disponible gratuitement uniquement en t\u00e9l\u00e9chargement.<\/p>\t\t\t\t\t\t\t\t<\/div>\n\t\t\t\t<\/div>\n\t\t\t\t\t<\/div>\n\t\t<\/div>\n\t\t\t\t<div class=\"elementor-column elementor-col-33 elementor-top-column elementor-element elementor-element-21bfd070\" data-id=\"21bfd070\" data-element_type=\"column\" data-e-type=\"column\">\n\t\t\t<div class=\"elementor-widget-wrap elementor-element-populated\">\n\t\t\t\t\t\t<section class=\"elementor-section elementor-inner-section elementor-element elementor-element-59d09581 elementor-section-boxed elementor-section-height-default elementor-section-height-default\" data-id=\"59d09581\" data-element_type=\"section\" data-e-type=\"section\">\n\t\t\t\t\t\t<div class=\"elementor-container elementor-column-gap-default\">\n\t\t\t\t\t<div class=\"elementor-column elementor-col-100 elementor-inner-column elementor-element elementor-element-5e4278fd\" data-id=\"5e4278fd\" data-element_type=\"column\" data-e-type=\"column\">\n\t\t\t<div class=\"elementor-widget-wrap elementor-element-populated\">\n\t\t\t\t\t\t<div class=\"elementor-element elementor-element-41997549 elementor-absolute elementor-widget elementor-widget-image\" data-id=\"41997549\" data-element_type=\"widget\" data-e-type=\"widget\" data-settings=\"{&quot;_position&quot;:&quot;absolute&quot;}\" data-widget_type=\"image.default\">\n\t\t\t\t<div class=\"elementor-widget-container\">\n\t\t\t\t\t\t\t\t\t\t\t\t\t\t\t<img fetchpriority=\"high\" decoding=\"async\" width=\"660\" height=\"930\" src=\"https:\/\/www.lignebleue.biz\/wp-content\/uploads\/2021\/03\/Capture-decran-2021-03-15-114141.png\" class=\"elementor-animation-grow attachment-large size-large wp-image-3362\" alt=\"\" srcset=\"https:\/\/www.lignebleue.biz\/wp-content\/uploads\/2021\/03\/Capture-decran-2021-03-15-114141.png 660w, https:\/\/www.lignebleue.biz\/wp-content\/uploads\/2021\/03\/Capture-decran-2021-03-15-114141-600x845.png 600w, https:\/\/www.lignebleue.biz\/wp-content\/uploads\/2021\/03\/Capture-decran-2021-03-15-114141-213x300.png 213w\" sizes=\"(max-width: 660px) 100vw, 660px\" style=\"width:100%;height:140.91%;max-width:660px\" \/>\t\t\t\t\t\t\t\t\t\t\t\t\t\t\t<\/div>\n\t\t\t\t<\/div>\n\t\t\t\t\t<\/div>\n\t\t<\/div>\n\t\t\t\t\t<\/div>\n\t\t<\/section>\n\t\t\t\t\t<\/div>\n\t\t<\/div>\n\t\t\t\t<div class=\"elementor-column elementor-col-33 elementor-top-column elementor-element elementor-element-6b7252cc\" data-id=\"6b7252cc\" data-element_type=\"column\" data-e-type=\"column\">\n\t\t\t<div class=\"elementor-widget-wrap elementor-element-populated\">\n\t\t\t\t\t\t<section class=\"elementor-section elementor-inner-section elementor-element elementor-element-15b32cf elementor-section-content-middle elementor-section-boxed elementor-section-height-default elementor-section-height-default\" data-id=\"15b32cf\" data-element_type=\"section\" data-e-type=\"section\">\n\t\t\t\t\t\t<div class=\"elementor-container elementor-column-gap-default\">\n\t\t\t\t\t<div class=\"elementor-column elementor-col-100 elementor-inner-column elementor-element elementor-element-30b8a3d5\" data-id=\"30b8a3d5\" data-element_type=\"column\" data-e-type=\"column\">\n\t\t\t<div class=\"elementor-widget-wrap elementor-element-populated\">\n\t\t\t\t\t\t<div class=\"elementor-element elementor-element-95d0812 elementor-view-default elementor-widget elementor-widget-icon\" data-id=\"95d0812\" data-element_type=\"widget\" data-e-type=\"widget\" data-widget_type=\"icon.default\">\n\t\t\t\t<div class=\"elementor-widget-container\">\n\t\t\t\t\t\t\t<div class=\"elementor-icon-wrapper\">\n\t\t\t<div class=\"elementor-icon\">\n\t\t\t<i aria-hidden=\"true\" class=\"fas fa-file-download\"><\/i>\t\t\t<\/div>\n\t\t<\/div>\n\t\t\t\t\t\t<\/div>\n\t\t\t\t<\/div>\n\t\t\t\t<div class=\"elementor-element elementor-element-3d324e7 elementor-widget__width-auto elementor-widget elementor-widget-wpdmpackage\" data-id=\"3d324e7\" data-element_type=\"widget\" data-e-type=\"widget\" data-widget_type=\"wpdmpackage.default\">\n\t\t\t\t<div class=\"elementor-widget-container\">\n\t\t\t\t\t<div class='w3eden'><!-- WPDM Link Template: Link\/Button Popup -->\n<a href='#unlock' class='wpdm-download-link wpdm-download-locked btn btn-primary ' data-package='3354'>Download<\/a><\/div>\t\t\t\t<\/div>\n\t\t\t\t<\/div>\n\t\t\t\t\t<\/div>\n\t\t<\/div>\n\t\t\t\t\t<\/div>\n\t\t<\/section>\n\t\t\t\t\t<\/div>\n\t\t<\/div>\n\t\t\t\t\t<\/div>\n\t\t<\/section>\n\t\t\t\t<\/div>\n\t\t","protected":false},"excerpt":{"rendered":"<p>Le livret bleu Ce livret didactique dont on peut choisir le niveau de lecture et d&rsquo;information parmi les trois pr\u00e9sent\u00e9s est destin\u00e9 \u00e0\u00a0 tous ceux qui veulent mieux comprendre le langage de leur banquier, quelle que soit l&rsquo;\u00e9tendue de leur patrimoine. Cr\u00e9sus et Job y trouveront l&rsquo;utile vulgarisation d&rsquo;un sabir subtilement incompr\u00e9hensible abord\u00e9e avec le&hellip; <a class=\"more-link\" href=\"https:\/\/www.lignebleue.biz\/index.php\/librairie\/le-livret-bleu\/\">Continue reading <span class=\"screen-reader-text\">Le Livret bleu<\/span><\/a><\/p>\n","protected":false},"author":1,"featured_media":0,"parent":489,"menu_order":0,"comment_status":"closed","ping_status":"closed","template":"elementor_header_footer","meta":{"_eb_attr":"","footnotes":""},"class_list":["post-3367","page","type-page","status-publish","hentry","entry"],"_links":{"self":[{"href":"https:\/\/www.lignebleue.biz\/index.php\/wp-json\/wp\/v2\/pages\/3367","targetHints":{"allow":["GET"]}}],"collection":[{"href":"https:\/\/www.lignebleue.biz\/index.php\/wp-json\/wp\/v2\/pages"}],"about":[{"href":"https:\/\/www.lignebleue.biz\/index.php\/wp-json\/wp\/v2\/types\/page"}],"author":[{"embeddable":true,"href":"https:\/\/www.lignebleue.biz\/index.php\/wp-json\/wp\/v2\/users\/1"}],"replies":[{"embeddable":true,"href":"https:\/\/www.lignebleue.biz\/index.php\/wp-json\/wp\/v2\/comments?post=3367"}],"version-history":[{"count":17,"href":"https:\/\/www.lignebleue.biz\/index.php\/wp-json\/wp\/v2\/pages\/3367\/revisions"}],"predecessor-version":[{"id":10294,"href":"https:\/\/www.lignebleue.biz\/index.php\/wp-json\/wp\/v2\/pages\/3367\/revisions\/10294"}],"up":[{"embeddable":true,"href":"https:\/\/www.lignebleue.biz\/index.php\/wp-json\/wp\/v2\/pages\/489"}],"wp:attachment":[{"href":"https:\/\/www.lignebleue.biz\/index.php\/wp-json\/wp\/v2\/media?parent=3367"}],"curies":[{"name":"wp","href":"https:\/\/api.w.org\/{rel}","templated":true}]}}