{"id":2428,"date":"2021-03-03T13:02:26","date_gmt":"2021-03-03T13:02:26","guid":{"rendered":"https:\/\/www.lignebleue.biz\/?page_id=2428"},"modified":"2024-11-25T16:41:25","modified_gmt":"2024-11-25T14:41:25","slug":"partenaires-patronale-life","status":"publish","type":"page","link":"https:\/\/www.lignebleue.biz\/index.php\/pattenaires\/partenaires-patronale-life\/","title":{"rendered":"Patronale life"},"content":{"rendered":"\t\t<div data-elementor-type=\"wp-page\" data-elementor-id=\"2428\" class=\"elementor elementor-2428\" data-elementor-post-type=\"page\">\n\t\t\t\t\t\t<section class=\"elementor-section elementor-top-section elementor-element elementor-element-490550db elementor-section-full_width elementor-section-height-default elementor-section-height-default\" data-id=\"490550db\" data-element_type=\"section\" data-e-type=\"section\" data-settings=\"{&quot;background_background&quot;:&quot;classic&quot;}\">\n\t\t\t\t\t\t<div class=\"elementor-container elementor-column-gap-default\">\n\t\t\t\t\t<div class=\"elementor-column elementor-col-50 elementor-top-column elementor-element elementor-element-27345bda\" data-id=\"27345bda\" data-element_type=\"column\" data-e-type=\"column\">\n\t\t\t<div class=\"elementor-widget-wrap elementor-element-populated\">\n\t\t\t\t\t\t<div class=\"elementor-element elementor-element-7e1014f elementor-widget elementor-widget-heading\" data-id=\"7e1014f\" data-element_type=\"widget\" data-e-type=\"widget\" data-widget_type=\"heading.default\">\n\t\t\t\t<div class=\"elementor-widget-container\">\n\t\t\t\t\t<h2 class=\"elementor-heading-title elementor-size-default\">Patronale Life<\/h2>\t\t\t\t<\/div>\n\t\t\t\t<\/div>\n\t\t\t\t<div class=\"elementor-element elementor-element-3bfb22eb elementor-widget elementor-widget-text-editor\" data-id=\"3bfb22eb\" data-element_type=\"widget\" data-e-type=\"widget\" data-widget_type=\"text-editor.default\">\n\t\t\t\t<div class=\"elementor-widget-container\">\n\t\t\t\t\t\t\t\t\t<p>Patronale Life est une compagnie d\u2019assurances 100\u00a0% belge. Elle assiste ses clients dans la constitution de leur patrimoine en proposant des assurances vie en branche 21 et 23. Forte de pr\u00e8s d\u2019un si\u00e8cle d\u2019exp\u00e9rience dans le domaine des hypoth\u00e8ques et de la gestion de fonds d\u2019\u00e9pargne, elle a d\u00e9velopp\u00e9 une politique de fonctionnement bas\u00e9e sur des r\u00e9alit\u00e9s concr\u00e8tes\u00a0: base solide, pas de fioritures, pas de marketing agressif, limitations des co\u00fbts et, de ce fait, rendements attrayants.\u00a0<\/p>\t\t\t\t\t\t\t\t<\/div>\n\t\t\t\t<\/div>\n\t\t\t\t\t<\/div>\n\t\t<\/div>\n\t\t\t\t<div class=\"elementor-column elementor-col-50 elementor-top-column elementor-element elementor-element-6533875\" data-id=\"6533875\" data-element_type=\"column\" data-e-type=\"column\" data-settings=\"{&quot;background_background&quot;:&quot;classic&quot;}\">\n\t\t\t<div class=\"elementor-widget-wrap\">\n\t\t\t\t\t\t\t<\/div>\n\t\t<\/div>\n\t\t\t\t\t<\/div>\n\t\t<\/section>\n\t\t\t\t<section class=\"elementor-section elementor-top-section elementor-element elementor-element-1a79b497 elementor-section-full_width elementor-section-height-default elementor-section-height-default\" data-id=\"1a79b497\" data-element_type=\"section\" data-e-type=\"section\" data-settings=\"{&quot;background_background&quot;:&quot;classic&quot;}\">\n\t\t\t\t\t\t<div class=\"elementor-container elementor-column-gap-default\">\n\t\t\t\t\t<div class=\"elementor-column elementor-col-100 elementor-top-column elementor-element elementor-element-16d579a0\" data-id=\"16d579a0\" data-element_type=\"column\" data-e-type=\"column\">\n\t\t\t<div class=\"elementor-widget-wrap elementor-element-populated\">\n\t\t\t\t\t\t<section class=\"elementor-section elementor-inner-section elementor-element elementor-element-42cb4959 elementor-section-full_width elementor-section-height-default elementor-section-height-default\" data-id=\"42cb4959\" data-element_type=\"section\" data-e-type=\"section\">\n\t\t\t\t\t\t<div class=\"elementor-container elementor-column-gap-default\">\n\t\t\t\t\t<div class=\"elementor-column elementor-col-33 elementor-inner-column elementor-element elementor-element-58f116ad\" data-id=\"58f116ad\" data-element_type=\"column\" data-e-type=\"column\">\n\t\t\t<div class=\"elementor-widget-wrap elementor-element-populated\">\n\t\t\t\t\t\t<div class=\"elementor-element elementor-element-6b8a62a elementor-widget elementor-widget-text-editor\" data-id=\"6b8a62a\" data-element_type=\"widget\" data-e-type=\"widget\" data-widget_type=\"text-editor.default\">\n\t\t\t\t<div class=\"elementor-widget-container\">\n\t\t\t\t\t\t\t\t\t<p>IDENTIT\u00c9<\/p><p>Cr\u00e9\u00e9 en\u00a0: 1926 (Belgique)<br \/>Pr\u00e9sente en Belgique depuis\u00a0: 1926<br \/>Si\u00e8ge social belge\u00a0: Bruxelles<br \/>Site web\u00a0:\u00a0<a class=\"spip_url spip_out\" href=\"https:\/\/www.patronale-life.be\/fr\" target=\"_blank\" rel=\"external nofollow noopener\">www.patronale-life.be<\/a><br \/>Partenaire Ligne Bleue depuis\u00a0: 2017<br \/>Statut Ligne Bleue\u00a0: Courtier<\/p>\t\t\t\t\t\t\t\t<\/div>\n\t\t\t\t<\/div>\n\t\t\t\t\t<\/div>\n\t\t<\/div>\n\t\t\t\t<div class=\"elementor-column elementor-col-33 elementor-inner-column elementor-element elementor-element-12bac31e\" data-id=\"12bac31e\" data-element_type=\"column\" data-e-type=\"column\">\n\t\t\t<div class=\"elementor-widget-wrap elementor-element-populated\">\n\t\t\t\t\t\t<div class=\"elementor-element elementor-element-5c614d88 elementor-widget elementor-widget-text-editor\" data-id=\"5c614d88\" data-element_type=\"widget\" data-e-type=\"widget\" data-widget_type=\"text-editor.default\">\n\t\t\t\t<div class=\"elementor-widget-container\">\n\t\t\t\t\t\t\t\t\t<p><span style=\"letter-spacing: -0.27px;\">PRODUIT : Placements en branches 21<\/span><\/p><p><em>Il est \u00e0 noter que Patronale Solar, filiale de la compagnie, regroupe plus que 200 parcs de production photovolta\u00efque industrielle en Belgique. Conjointement avec Edison Energy, l\u2019entreprise est sp\u00e9cialis\u00e9e dans le d\u00e9veloppement, la r\u00e9alisation, la gestion et le financement de projets et d\u2019innovations dans l\u2019\u00e9nergie (renouvelable).<\/em><\/p>\t\t\t\t\t\t\t\t<\/div>\n\t\t\t\t<\/div>\n\t\t\t\t\t<\/div>\n\t\t<\/div>\n\t\t\t\t<div class=\"elementor-column elementor-col-33 elementor-inner-column elementor-element elementor-element-7b8ce59d\" data-id=\"7b8ce59d\" data-element_type=\"column\" data-e-type=\"column\">\n\t\t\t<div class=\"elementor-widget-wrap elementor-element-populated\">\n\t\t\t\t\t\t<div class=\"elementor-element elementor-element-346b90d7 elementor-widget elementor-widget-text-editor\" data-id=\"346b90d7\" data-element_type=\"widget\" data-e-type=\"widget\" data-widget_type=\"text-editor.default\">\n\t\t\t\t<div class=\"elementor-widget-container\">\n\t\t\t\t\t\t\t\t\t<p>LE CHOIX DE LIGNE BLEUE<\/p><p>La belgitude et une politique de rendements sympathiques en branche 21, bas\u00e9e notamment sur des projets en \u00e9nergie renouvelable, nous ont convaincu d\u2019opter pour un partenariat dont le but \u00e9tait au d\u00e9part de proposer une solution de remplacement \u00e0 l\u2019arr\u00eat de la commercialisation du contrat AFER Europe.<\/p>\t\t\t\t\t\t\t\t<\/div>\n\t\t\t\t<\/div>\n\t\t\t\t\t<\/div>\n\t\t<\/div>\n\t\t\t\t\t<\/div>\n\t\t<\/section>\n\t\t\t\t\t<\/div>\n\t\t<\/div>\n\t\t\t\t\t<\/div>\n\t\t<\/section>\n\t\t\t\t<section class=\"elementor-section elementor-top-section elementor-element elementor-element-6e51143f elementor-section-content-middle elementor-section-boxed elementor-section-height-default elementor-section-height-default\" data-id=\"6e51143f\" data-element_type=\"section\" data-e-type=\"section\" data-settings=\"{&quot;background_background&quot;:&quot;classic&quot;}\">\n\t\t\t\t\t\t<div class=\"elementor-container elementor-column-gap-no\">\n\t\t\t\t\t<div class=\"elementor-column elementor-col-100 elementor-top-column elementor-element elementor-element-52d9979f\" data-id=\"52d9979f\" data-element_type=\"column\" data-e-type=\"column\">\n\t\t\t<div class=\"elementor-widget-wrap elementor-element-populated\">\n\t\t\t\t\t\t<div class=\"elementor-element elementor-element-788bb8b2 elementor-widget elementor-widget-heading\" data-id=\"788bb8b2\" data-element_type=\"widget\" data-e-type=\"widget\" data-widget_type=\"heading.default\">\n\t\t\t\t<div class=\"elementor-widget-container\">\n\t\t\t\t\t<h3 class=\"elementor-heading-title elementor-size-default\">Votre avantage Ligne Bleue<\/h3>\t\t\t\t<\/div>\n\t\t\t\t<\/div>\n\t\t\t\t<div class=\"elementor-element elementor-element-11760194 elementor-widget elementor-widget-text-editor\" data-id=\"11760194\" data-element_type=\"widget\" data-e-type=\"widget\" data-widget_type=\"text-editor.default\">\n\t\t\t\t<div class=\"elementor-widget-container\">\n\t\t\t\t\t\t\t\t\t<p><span style=\"letter-spacing: -0.27px;\">Nos clients profitent d\u2019une r\u00e9duction de commission appliqu\u00e9e sur les frais sur versements.<\/span><\/p>\t\t\t\t\t\t\t\t<\/div>\n\t\t\t\t<\/div>\n\t\t\t\t\t<\/div>\n\t\t<\/div>\n\t\t\t\t\t<\/div>\n\t\t<\/section>\n\t\t\t\t<section class=\"elementor-section elementor-top-section elementor-element elementor-element-46f48ebf elementor-section-boxed elementor-section-height-default elementor-section-height-default\" data-id=\"46f48ebf\" data-element_type=\"section\" data-e-type=\"section\" id=\"partenaires\" data-settings=\"{&quot;background_background&quot;:&quot;classic&quot;}\">\n\t\t\t\t\t\t<div class=\"elementor-container elementor-column-gap-default\">\n\t\t\t\t\t<div class=\"elementor-column elementor-col-100 elementor-top-column elementor-element elementor-element-34fe86d4\" data-id=\"34fe86d4\" data-element_type=\"column\" data-e-type=\"column\">\n\t\t\t<div class=\"elementor-widget-wrap elementor-element-populated\">\n\t\t\t\t\t\t<div class=\"elementor-element elementor-element-780c8ad elementor-widget elementor-widget-heading\" data-id=\"780c8ad\" data-element_type=\"widget\" data-e-type=\"widget\" data-widget_type=\"heading.default\">\n\t\t\t\t<div class=\"elementor-widget-container\">\n\t\t\t\t\t<h5 class=\"elementor-heading-title elementor-size-default\">Et si vous d\u00e9couvriez nos autres partenaires ?<\/h5>\t\t\t\t<\/div>\n\t\t\t\t<\/div>\n\t\t\t\t<div class=\"elementor-element elementor-element-1aed1077 elementor-widget-divider--view-line elementor-widget elementor-widget-divider\" data-id=\"1aed1077\" data-element_type=\"widget\" data-e-type=\"widget\" data-widget_type=\"divider.default\">\n\t\t\t\t<div class=\"elementor-widget-container\">\n\t\t\t\t\t\t\t<div class=\"elementor-divider\">\n\t\t\t<span class=\"elementor-divider-separator\">\n\t\t\t\t\t\t<\/span>\n\t\t<\/div>\n\t\t\t\t\t\t<\/div>\n\t\t\t\t<\/div>\n\t\t\t\t\t<\/div>\n\t\t<\/div>\n\t\t\t\t\t<\/div>\n\t\t<\/section>\n\t\t\t\t<section class=\"elementor-section elementor-inner-section elementor-element elementor-element-2d117dc2 elementor-section-boxed elementor-section-height-default elementor-section-height-default\" data-id=\"2d117dc2\" data-element_type=\"section\" data-e-type=\"section\">\n\t\t\t\t\t\t<div class=\"elementor-container elementor-column-gap-default\">\n\t\t\t\t\t<div class=\"elementor-column elementor-col-25 elementor-inner-column elementor-element elementor-element-61f11e4e\" data-id=\"61f11e4e\" data-element_type=\"column\" data-e-type=\"column\">\n\t\t\t<div class=\"elementor-widget-wrap elementor-element-populated\">\n\t\t\t\t\t\t<div class=\"elementor-element elementor-element-1d00717b elementor-widget elementor-widget-image\" data-id=\"1d00717b\" data-element_type=\"widget\" data-e-type=\"widget\" data-widget_type=\"image.default\">\n\t\t\t\t<div class=\"elementor-widget-container\">\n\t\t\t\t\t\t\t\t\t\t\t\t\t\t\t\t<a href=\"https:\/\/www.lignebleue.biz\/index.php\/pattenaires\/partenaires-baloise\/\">\n\t\t\t\t\t\t\t<img fetchpriority=\"high\" decoding=\"async\" width=\"1200\" height=\"338\" src=\"https:\/\/www.lignebleue.biz\/wp-content\/uploads\/2021\/02\/1200px-Logo_Baloise_Assurances.svg.png\" class=\"attachment-full size-full wp-image-1770\" alt=\"\" srcset=\"https:\/\/www.lignebleue.biz\/wp-content\/uploads\/2021\/02\/1200px-Logo_Baloise_Assurances.svg.png 1200w, https:\/\/www.lignebleue.biz\/wp-content\/uploads\/2021\/02\/1200px-Logo_Baloise_Assurances.svg-600x169.png 600w, https:\/\/www.lignebleue.biz\/wp-content\/uploads\/2021\/02\/1200px-Logo_Baloise_Assurances.svg-300x85.png 300w, https:\/\/www.lignebleue.biz\/wp-content\/uploads\/2021\/02\/1200px-Logo_Baloise_Assurances.svg-1024x288.png 1024w, https:\/\/www.lignebleue.biz\/wp-content\/uploads\/2021\/02\/1200px-Logo_Baloise_Assurances.svg-768x216.png 768w\" sizes=\"(max-width: 1200px) 100vw, 1200px\" style=\"width:100%;height:28.17%;max-width:1200px\" \/>\t\t\t\t\t\t\t\t<\/a>\n\t\t\t\t\t\t\t\t\t\t\t\t\t\t\t<\/div>\n\t\t\t\t<\/div>\n\t\t\t\t\t<\/div>\n\t\t<\/div>\n\t\t\t\t<div class=\"elementor-column elementor-col-25 elementor-inner-column elementor-element elementor-element-7815cafa\" data-id=\"7815cafa\" data-element_type=\"column\" data-e-type=\"column\">\n\t\t\t<div class=\"elementor-widget-wrap elementor-element-populated\">\n\t\t\t\t\t\t<div class=\"elementor-element elementor-element-35b5fe5d elementor-widget elementor-widget-image\" data-id=\"35b5fe5d\" data-element_type=\"widget\" data-e-type=\"widget\" data-widget_type=\"image.default\">\n\t\t\t\t<div class=\"elementor-widget-container\">\n\t\t\t\t\t\t\t\t\t\t\t\t\t\t\t\t<a href=\"https:\/\/www.lignebleue.biz\/index.php\/pattenaires\/allianz\/\">\n\t\t\t\t\t\t\t<img decoding=\"async\" width=\"129\" height=\"46\" src=\"https:\/\/www.lignebleue.biz\/wp-content\/uploads\/2024\/11\/Allianz-1.jpg\" class=\"attachment-full size-full wp-image-10632\" alt=\"\" style=\"width:100%;height:35.66%;max-width:129px\" \/>\t\t\t\t\t\t\t\t<\/a>\n\t\t\t\t\t\t\t\t\t\t\t\t\t\t\t<\/div>\n\t\t\t\t<\/div>\n\t\t\t\t\t<\/div>\n\t\t<\/div>\n\t\t\t\t<div class=\"elementor-column elementor-col-25 elementor-inner-column elementor-element elementor-element-60d09ea2\" data-id=\"60d09ea2\" data-element_type=\"column\" data-e-type=\"column\">\n\t\t\t<div class=\"elementor-widget-wrap elementor-element-populated\">\n\t\t\t\t\t\t<div class=\"elementor-element elementor-element-712b2e72 elementor-widget elementor-widget-image\" data-id=\"712b2e72\" data-element_type=\"widget\" data-e-type=\"widget\" data-widget_type=\"image.default\">\n\t\t\t\t<div class=\"elementor-widget-container\">\n\t\t\t\t\t\t\t\t\t\t\t\t\t\t\t\t<a href=\"https:\/\/www.lignebleue.biz\/index.php\/pattenaires\/partenaires-afi-esca\/\" target=\"_blank\">\n\t\t\t\t\t\t\t<img decoding=\"async\" width=\"1000\" height=\"600\" src=\"https:\/\/www.lignebleue.biz\/wp-content\/uploads\/2021\/02\/afiesca.jpg\" class=\"attachment-full size-full wp-image-1767\" alt=\"\" srcset=\"https:\/\/www.lignebleue.biz\/wp-content\/uploads\/2021\/02\/afiesca.jpg 1000w, https:\/\/www.lignebleue.biz\/wp-content\/uploads\/2021\/02\/afiesca-600x360.jpg 600w, https:\/\/www.lignebleue.biz\/wp-content\/uploads\/2021\/02\/afiesca-300x180.jpg 300w, https:\/\/www.lignebleue.biz\/wp-content\/uploads\/2021\/02\/afiesca-768x461.jpg 768w\" sizes=\"(max-width: 1000px) 100vw, 1000px\" style=\"width:100%;height:60%;max-width:1000px\" \/>\t\t\t\t\t\t\t\t<\/a>\n\t\t\t\t\t\t\t\t\t\t\t\t\t\t\t<\/div>\n\t\t\t\t<\/div>\n\t\t\t\t\t<\/div>\n\t\t<\/div>\n\t\t\t\t<div class=\"elementor-column elementor-col-25 elementor-inner-column elementor-element elementor-element-2694d205\" data-id=\"2694d205\" data-element_type=\"column\" data-e-type=\"column\">\n\t\t\t<div class=\"elementor-widget-wrap elementor-element-populated\">\n\t\t\t\t\t\t<div class=\"elementor-element elementor-element-342f0392 elementor-widget elementor-widget-image\" data-id=\"342f0392\" data-element_type=\"widget\" data-e-type=\"widget\" data-widget_type=\"image.default\">\n\t\t\t\t<div class=\"elementor-widget-container\">\n\t\t\t\t\t\t\t\t\t\t\t\t\t\t\t\t<a href=\"https:\/\/www.lignebleue.biz\/index.php\/pattenaires\/partenaires-athora\/\">\n\t\t\t\t\t\t\t<img loading=\"lazy\" decoding=\"async\" width=\"1024\" height=\"512\" src=\"https:\/\/www.lignebleue.biz\/wp-content\/uploads\/2021\/02\/7417_Athora_logo_RGB_300.jpg\" class=\"attachment-full size-full wp-image-1765\" alt=\"\" srcset=\"https:\/\/www.lignebleue.biz\/wp-content\/uploads\/2021\/02\/7417_Athora_logo_RGB_300.jpg 1024w, https:\/\/www.lignebleue.biz\/wp-content\/uploads\/2021\/02\/7417_Athora_logo_RGB_300-600x300.jpg 600w, https:\/\/www.lignebleue.biz\/wp-content\/uploads\/2021\/02\/7417_Athora_logo_RGB_300-300x150.jpg 300w, https:\/\/www.lignebleue.biz\/wp-content\/uploads\/2021\/02\/7417_Athora_logo_RGB_300-768x384.jpg 768w\" sizes=\"(max-width: 1024px) 100vw, 1024px\" style=\"width:100%;height:50%;max-width:1024px\" \/>\t\t\t\t\t\t\t\t<\/a>\n\t\t\t\t\t\t\t\t\t\t\t\t\t\t\t<\/div>\n\t\t\t\t<\/div>\n\t\t\t\t\t<\/div>\n\t\t<\/div>\n\t\t\t\t\t<\/div>\n\t\t<\/section>\n\t\t\t\t<section class=\"elementor-section elementor-inner-section elementor-element elementor-element-14e2450 elementor-section-boxed elementor-section-height-default elementor-section-height-default\" data-id=\"14e2450\" data-element_type=\"section\" data-e-type=\"section\">\n\t\t\t\t\t\t<div class=\"elementor-container elementor-column-gap-default\">\n\t\t\t\t\t<div class=\"elementor-column elementor-col-20 elementor-inner-column elementor-element elementor-element-d0a8fb4\" data-id=\"d0a8fb4\" data-element_type=\"column\" data-e-type=\"column\">\n\t\t\t<div class=\"elementor-widget-wrap\">\n\t\t\t\t\t\t\t<\/div>\n\t\t<\/div>\n\t\t\t\t<div class=\"elementor-column elementor-col-20 elementor-inner-column elementor-element elementor-element-5274c32\" data-id=\"5274c32\" data-element_type=\"column\" data-e-type=\"column\">\n\t\t\t<div class=\"elementor-widget-wrap elementor-element-populated\">\n\t\t\t\t\t\t<div class=\"elementor-element elementor-element-22a01d4 elementor-widget elementor-widget-image\" data-id=\"22a01d4\" data-element_type=\"widget\" data-e-type=\"widget\" data-widget_type=\"image.default\">\n\t\t\t\t<div class=\"elementor-widget-container\">\n\t\t\t\t\t\t\t\t\t\t\t\t\t\t\t\t<a href=\"https:\/\/www.lignebleue.biz\/index.php\/pattenaires\/partenaires-cardif\/\">\n\t\t\t\t\t\t\t<img loading=\"lazy\" decoding=\"async\" width=\"600\" height=\"600\" src=\"https:\/\/www.lignebleue.biz\/wp-content\/uploads\/2021\/02\/cardif_600x600.png\" class=\"attachment-full size-full wp-image-1942\" alt=\"\" srcset=\"https:\/\/www.lignebleue.biz\/wp-content\/uploads\/2021\/02\/cardif_600x600.png 600w, https:\/\/www.lignebleue.biz\/wp-content\/uploads\/2021\/02\/cardif_600x600-450x450.png 450w, https:\/\/www.lignebleue.biz\/wp-content\/uploads\/2021\/02\/cardif_600x600-100x100.png 100w, https:\/\/www.lignebleue.biz\/wp-content\/uploads\/2021\/02\/cardif_600x600-300x300.png 300w, https:\/\/www.lignebleue.biz\/wp-content\/uploads\/2021\/02\/cardif_600x600-150x150.png 150w\" sizes=\"(max-width: 600px) 100vw, 600px\" style=\"width:100%;height:100%;max-width:600px\" \/>\t\t\t\t\t\t\t\t<\/a>\n\t\t\t\t\t\t\t\t\t\t\t\t\t\t\t<\/div>\n\t\t\t\t<\/div>\n\t\t\t\t\t<\/div>\n\t\t<\/div>\n\t\t\t\t<div class=\"elementor-column elementor-col-20 elementor-inner-column elementor-element elementor-element-fff35d1\" data-id=\"fff35d1\" data-element_type=\"column\" data-e-type=\"column\">\n\t\t\t<div class=\"elementor-widget-wrap elementor-element-populated\">\n\t\t\t\t\t\t<div class=\"elementor-element elementor-element-d4cb681 elementor-widget elementor-widget-image\" data-id=\"d4cb681\" data-element_type=\"widget\" data-e-type=\"widget\" data-widget_type=\"image.default\">\n\t\t\t\t<div class=\"elementor-widget-container\">\n\t\t\t\t\t\t\t\t\t\t\t\t\t\t\t\t<a href=\"https:\/\/www.lignebleue.biz\/index.php\/pattenaires\/partenaire-afer-europe\/\">\n\t\t\t\t\t\t\t<img loading=\"lazy\" decoding=\"async\" width=\"2560\" height=\"686\" src=\"https:\/\/www.lignebleue.biz\/wp-content\/uploads\/2024\/11\/Afer-logo-2-scaled.jpg\" class=\"attachment-full size-full wp-image-10674\" alt=\"\" srcset=\"https:\/\/www.lignebleue.biz\/wp-content\/uploads\/2024\/11\/Afer-logo-2-scaled.jpg 2560w, https:\/\/www.lignebleue.biz\/wp-content\/uploads\/2024\/11\/Afer-logo-2-300x80.jpg 300w, https:\/\/www.lignebleue.biz\/wp-content\/uploads\/2024\/11\/Afer-logo-2-1024x274.jpg 1024w, https:\/\/www.lignebleue.biz\/wp-content\/uploads\/2024\/11\/Afer-logo-2-768x206.jpg 768w, https:\/\/www.lignebleue.biz\/wp-content\/uploads\/2024\/11\/Afer-logo-2-1536x412.jpg 1536w, https:\/\/www.lignebleue.biz\/wp-content\/uploads\/2024\/11\/Afer-logo-2-2048x549.jpg 2048w, https:\/\/www.lignebleue.biz\/wp-content\/uploads\/2024\/11\/Afer-logo-2-1568x420.jpg 1568w, https:\/\/www.lignebleue.biz\/wp-content\/uploads\/2024\/11\/Afer-logo-2-600x161.jpg 600w\" sizes=\"(max-width: 2560px) 100vw, 2560px\" style=\"width:100%;height:26.8%;max-width:2560px\" \/>\t\t\t\t\t\t\t\t<\/a>\n\t\t\t\t\t\t\t\t\t\t\t\t\t\t\t<\/div>\n\t\t\t\t<\/div>\n\t\t\t\t\t<\/div>\n\t\t<\/div>\n\t\t\t\t<div class=\"elementor-column elementor-col-20 elementor-inner-column elementor-element elementor-element-9675d97\" data-id=\"9675d97\" data-element_type=\"column\" data-e-type=\"column\">\n\t\t\t<div class=\"elementor-widget-wrap elementor-element-populated\">\n\t\t\t\t\t\t<div class=\"elementor-element elementor-element-31fd10e elementor-widget elementor-widget-image\" data-id=\"31fd10e\" data-element_type=\"widget\" data-e-type=\"widget\" data-widget_type=\"image.default\">\n\t\t\t\t<div class=\"elementor-widget-container\">\n\t\t\t\t\t\t\t\t\t\t\t\t\t\t\t\t<a href=\"https:\/\/www.lignebleue.biz\/index.php\/pattenaires\/partenaires-wilink\/\">\n\t\t\t\t\t\t\t<img loading=\"lazy\" decoding=\"async\" width=\"512\" height=\"137\" src=\"https:\/\/www.lignebleue.biz\/wp-content\/uploads\/2021\/02\/wilink.jpg\" class=\"attachment-full size-full wp-image-1769\" alt=\"\" srcset=\"https:\/\/www.lignebleue.biz\/wp-content\/uploads\/2021\/02\/wilink.jpg 512w, https:\/\/www.lignebleue.biz\/wp-content\/uploads\/2021\/02\/wilink-300x80.jpg 300w\" sizes=\"(max-width: 512px) 100vw, 512px\" style=\"width:100%;height:26.76%;max-width:512px\" \/>\t\t\t\t\t\t\t\t<\/a>\n\t\t\t\t\t\t\t\t\t\t\t\t\t\t\t<\/div>\n\t\t\t\t<\/div>\n\t\t\t\t\t<\/div>\n\t\t<\/div>\n\t\t\t\t<div class=\"elementor-column elementor-col-20 elementor-inner-column elementor-element elementor-element-93bbd46\" data-id=\"93bbd46\" data-element_type=\"column\" data-e-type=\"column\">\n\t\t\t<div class=\"elementor-widget-wrap\">\n\t\t\t\t\t\t\t<\/div>\n\t\t<\/div>\n\t\t\t\t\t<\/div>\n\t\t<\/section>\n\t\t\t\t<\/div>\n\t\t","protected":false},"excerpt":{"rendered":"<p>Patronale Life Patronale Life est une compagnie d&rsquo;assurances 100\u00a0% belge. Elle assiste ses clients dans la constitution de leur patrimoine en proposant des assurances vie en branche 21 et 23. Forte de pr\u00e8s d&rsquo;un si\u00e8cle d&rsquo;exp\u00e9rience dans le domaine des hypoth\u00e8ques et de la gestion de fonds d&rsquo;\u00e9pargne, elle a d\u00e9velopp\u00e9 une politique de fonctionnement&hellip; <a class=\"more-link\" href=\"https:\/\/www.lignebleue.biz\/index.php\/pattenaires\/partenaires-patronale-life\/\">Continue reading <span class=\"screen-reader-text\">Patronale life<\/span><\/a><\/p>\n","protected":false},"author":1,"featured_media":0,"parent":419,"menu_order":0,"comment_status":"closed","ping_status":"closed","template":"elementor_header_footer","meta":{"_eb_attr":"","footnotes":""},"class_list":["post-2428","page","type-page","status-publish","hentry","entry"],"_links":{"self":[{"href":"https:\/\/www.lignebleue.biz\/index.php\/wp-json\/wp\/v2\/pages\/2428","targetHints":{"allow":["GET"]}}],"collection":[{"href":"https:\/\/www.lignebleue.biz\/index.php\/wp-json\/wp\/v2\/pages"}],"about":[{"href":"https:\/\/www.lignebleue.biz\/index.php\/wp-json\/wp\/v2\/types\/page"}],"author":[{"embeddable":true,"href":"https:\/\/www.lignebleue.biz\/index.php\/wp-json\/wp\/v2\/users\/1"}],"replies":[{"embeddable":true,"href":"https:\/\/www.lignebleue.biz\/index.php\/wp-json\/wp\/v2\/comments?post=2428"}],"version-history":[{"count":66,"href":"https:\/\/www.lignebleue.biz\/index.php\/wp-json\/wp\/v2\/pages\/2428\/revisions"}],"predecessor-version":[{"id":10681,"href":"https:\/\/www.lignebleue.biz\/index.php\/wp-json\/wp\/v2\/pages\/2428\/revisions\/10681"}],"up":[{"embeddable":true,"href":"https:\/\/www.lignebleue.biz\/index.php\/wp-json\/wp\/v2\/pages\/419"}],"wp:attachment":[{"href":"https:\/\/www.lignebleue.biz\/index.php\/wp-json\/wp\/v2\/media?parent=2428"}],"curies":[{"name":"wp","href":"https:\/\/api.w.org\/{rel}","templated":true}]}}