{"id":2416,"date":"2021-03-03T12:55:30","date_gmt":"2021-03-03T12:55:30","guid":{"rendered":"https:\/\/www.lignebleue.biz\/?page_id=2416"},"modified":"2024-11-25T16:49:21","modified_gmt":"2024-11-25T14:49:21","slug":"partenaires-baloise","status":"publish","type":"page","link":"https:\/\/www.lignebleue.biz\/index.php\/pattenaires\/partenaires-baloise\/","title":{"rendered":"B\u00e2loise international"},"content":{"rendered":"\t\t<div data-elementor-type=\"wp-page\" data-elementor-id=\"2416\" class=\"elementor elementor-2416\" data-elementor-post-type=\"page\">\n\t\t\t\t\t\t<section class=\"elementor-section elementor-top-section elementor-element elementor-element-56cc13e9 elementor-section-full_width elementor-section-height-default elementor-section-height-default\" data-id=\"56cc13e9\" data-element_type=\"section\" data-e-type=\"section\" data-settings=\"{&quot;background_background&quot;:&quot;classic&quot;}\">\n\t\t\t\t\t\t<div class=\"elementor-container elementor-column-gap-default\">\n\t\t\t\t\t<div class=\"elementor-column elementor-col-50 elementor-top-column elementor-element elementor-element-204d148d\" data-id=\"204d148d\" data-element_type=\"column\" data-e-type=\"column\">\n\t\t\t<div class=\"elementor-widget-wrap elementor-element-populated\">\n\t\t\t\t\t\t<div class=\"elementor-element elementor-element-53eb003d elementor-widget elementor-widget-heading\" data-id=\"53eb003d\" data-element_type=\"widget\" data-e-type=\"widget\" data-widget_type=\"heading.default\">\n\t\t\t\t<div class=\"elementor-widget-container\">\n\t\t\t\t\t<h2 class=\"elementor-heading-title elementor-size-default\">Baloise<\/h2>\t\t\t\t<\/div>\n\t\t\t\t<\/div>\n\t\t\t\t<div class=\"elementor-element elementor-element-b3e898c elementor-widget elementor-widget-text-editor\" data-id=\"b3e898c\" data-element_type=\"widget\" data-e-type=\"widget\" data-widget_type=\"text-editor.default\">\n\t\t\t\t<div class=\"elementor-widget-container\">\n\t\t\t\t\t\t\t\t\t<p>Forte de son expertise financi\u00e8re et de sa connaissance des outils de gestion patrimoniale et de planification successorale, Baloise Vie Luxembourg S.A., filiale du Groupe suisse Baloise, propose des solutions d\u2019assurance-vie innovantes et sur-mesure destin\u00e9es \u00e0 une client\u00e8le d\u2019investisseurs exigeants et dont l\u2019objectif est de combiner la gestion, la pr\u00e9servation et la transmission de leur patrimoine en toute s\u00e9r\u00e9nit\u00e9. Baloise Vie Luxembourg S.A. distribue ses produits d\u2019assurance-vie dans plusieurs pays de l\u2019Union europ\u00e9enne.<\/p>\t\t\t\t\t\t\t\t<\/div>\n\t\t\t\t<\/div>\n\t\t\t\t\t<\/div>\n\t\t<\/div>\n\t\t\t\t<div class=\"elementor-column elementor-col-50 elementor-top-column elementor-element elementor-element-67cdecf5\" data-id=\"67cdecf5\" data-element_type=\"column\" data-e-type=\"column\" data-settings=\"{&quot;background_background&quot;:&quot;classic&quot;}\">\n\t\t\t<div class=\"elementor-widget-wrap\">\n\t\t\t\t\t\t\t<\/div>\n\t\t<\/div>\n\t\t\t\t\t<\/div>\n\t\t<\/section>\n\t\t\t\t<section class=\"elementor-section elementor-top-section elementor-element elementor-element-245a23dd elementor-section-full_width elementor-section-height-default elementor-section-height-default\" data-id=\"245a23dd\" data-element_type=\"section\" data-e-type=\"section\" data-settings=\"{&quot;background_background&quot;:&quot;classic&quot;}\">\n\t\t\t\t\t\t<div class=\"elementor-container elementor-column-gap-default\">\n\t\t\t\t\t<div class=\"elementor-column elementor-col-100 elementor-top-column elementor-element elementor-element-d0798af\" data-id=\"d0798af\" data-element_type=\"column\" data-e-type=\"column\">\n\t\t\t<div class=\"elementor-widget-wrap elementor-element-populated\">\n\t\t\t\t\t\t<section class=\"elementor-section elementor-inner-section elementor-element elementor-element-276e2820 elementor-section-full_width elementor-section-height-default elementor-section-height-default\" data-id=\"276e2820\" data-element_type=\"section\" data-e-type=\"section\">\n\t\t\t\t\t\t<div class=\"elementor-container elementor-column-gap-default\">\n\t\t\t\t\t<div class=\"elementor-column elementor-col-33 elementor-inner-column elementor-element elementor-element-65eb5998\" data-id=\"65eb5998\" data-element_type=\"column\" data-e-type=\"column\">\n\t\t\t<div class=\"elementor-widget-wrap elementor-element-populated\">\n\t\t\t\t\t\t<div class=\"elementor-element elementor-element-9782f5b elementor-widget elementor-widget-text-editor\" data-id=\"9782f5b\" data-element_type=\"widget\" data-e-type=\"widget\" data-widget_type=\"text-editor.default\">\n\t\t\t\t<div class=\"elementor-widget-container\">\n\t\t\t\t\t\t\t\t\t<p>IDENTIT\u00c9<\/p><p>Cr\u00e9\u00e9 en\u00a0: 1996 (Luxembourg)<br \/>Pr\u00e9sente en Belgique depuis\u00a0: Non<br \/>Si\u00e8ge social\u00a0: Luxembourg<br \/>Site web : <a href=\"https:\/\/www.baloise-life.com\/lux\/fr\/be.html\">www.baloise-life.com<\/a><br \/>Partenaire Ligne Bleue depuis\u00a0: 2020<br \/>Statut Ligne Bleue\u00a0: Courtier<\/p>\t\t\t\t\t\t\t\t<\/div>\n\t\t\t\t<\/div>\n\t\t\t\t\t<\/div>\n\t\t<\/div>\n\t\t\t\t<div class=\"elementor-column elementor-col-33 elementor-inner-column elementor-element elementor-element-6ef41f07\" data-id=\"6ef41f07\" data-element_type=\"column\" data-e-type=\"column\">\n\t\t\t<div class=\"elementor-widget-wrap elementor-element-populated\">\n\t\t\t\t\t\t<div class=\"elementor-element elementor-element-3a9a79f0 elementor-widget elementor-widget-text-editor\" data-id=\"3a9a79f0\" data-element_type=\"widget\" data-e-type=\"widget\" data-widget_type=\"text-editor.default\">\n\t\t\t\t<div class=\"elementor-widget-container\">\n\t\t\t\t\t\t\t\t\t<p>PRODUIT :<\/p><p>Assurance placement en branche 23<\/p>\t\t\t\t\t\t\t\t<\/div>\n\t\t\t\t<\/div>\n\t\t\t\t\t<\/div>\n\t\t<\/div>\n\t\t\t\t<div class=\"elementor-column elementor-col-33 elementor-inner-column elementor-element elementor-element-56d492e9\" data-id=\"56d492e9\" data-element_type=\"column\" data-e-type=\"column\">\n\t\t\t<div class=\"elementor-widget-wrap elementor-element-populated\">\n\t\t\t\t\t\t<div class=\"elementor-element elementor-element-6f7029fe elementor-widget elementor-widget-text-editor\" data-id=\"6f7029fe\" data-element_type=\"widget\" data-e-type=\"widget\" data-widget_type=\"text-editor.default\">\n\t\t\t\t<div class=\"elementor-widget-container\">\n\t\t\t\t\t\t\t\t\t<p>LE CHOIX DE LIGNE BLEUE<\/p><p>Baloise propose un contrat de branche 23 via lequel il est possible, entre autres, d\u2019investir dans de l\u2019immobilier durable et trois Sicav banque Triodos. Les parts achet\u00e9es sont de type professionnelles, comptant moins de frais de gestion.\u00a0<\/p>\t\t\t\t\t\t\t\t<\/div>\n\t\t\t\t<\/div>\n\t\t\t\t\t<\/div>\n\t\t<\/div>\n\t\t\t\t\t<\/div>\n\t\t<\/section>\n\t\t\t\t\t<\/div>\n\t\t<\/div>\n\t\t\t\t\t<\/div>\n\t\t<\/section>\n\t\t\t\t<section class=\"elementor-section elementor-top-section elementor-element elementor-element-7b5b1c35 elementor-section-content-middle elementor-section-boxed elementor-section-height-default elementor-section-height-default\" data-id=\"7b5b1c35\" data-element_type=\"section\" data-e-type=\"section\" data-settings=\"{&quot;background_background&quot;:&quot;classic&quot;}\">\n\t\t\t\t\t\t<div class=\"elementor-container elementor-column-gap-no\">\n\t\t\t\t\t<div class=\"elementor-column elementor-col-100 elementor-top-column elementor-element elementor-element-7007fcf\" data-id=\"7007fcf\" data-element_type=\"column\" data-e-type=\"column\">\n\t\t\t<div class=\"elementor-widget-wrap elementor-element-populated\">\n\t\t\t\t\t\t<div class=\"elementor-element elementor-element-5c109cb9 elementor-widget elementor-widget-heading\" data-id=\"5c109cb9\" data-element_type=\"widget\" data-e-type=\"widget\" data-widget_type=\"heading.default\">\n\t\t\t\t<div class=\"elementor-widget-container\">\n\t\t\t\t\t<h3 class=\"elementor-heading-title elementor-size-default\">Votre avantage Ligne Bleue<\/h3>\t\t\t\t<\/div>\n\t\t\t\t<\/div>\n\t\t\t\t<div class=\"elementor-element elementor-element-6130eec3 elementor-widget elementor-widget-text-editor\" data-id=\"6130eec3\" data-element_type=\"widget\" data-e-type=\"widget\" data-widget_type=\"text-editor.default\">\n\t\t\t\t<div class=\"elementor-widget-container\">\n\t\t\t\t\t\t\t\t\t<p>Les frais sur versement sont r\u00e9duits et les frais de gestion annuels sont limit\u00e9s \u00e0 maximum 1&nbsp;%.<\/p>\t\t\t\t\t\t\t\t<\/div>\n\t\t\t\t<\/div>\n\t\t\t\t\t<\/div>\n\t\t<\/div>\n\t\t\t\t\t<\/div>\n\t\t<\/section>\n\t\t\t\t<section class=\"elementor-section elementor-top-section elementor-element elementor-element-6610400c elementor-section-boxed elementor-section-height-default elementor-section-height-default\" data-id=\"6610400c\" data-element_type=\"section\" data-e-type=\"section\" id=\"partenaires\" data-settings=\"{&quot;background_background&quot;:&quot;classic&quot;}\">\n\t\t\t\t\t\t<div class=\"elementor-container elementor-column-gap-default\">\n\t\t\t\t\t<div class=\"elementor-column elementor-col-100 elementor-top-column elementor-element elementor-element-fc3f4bb\" data-id=\"fc3f4bb\" data-element_type=\"column\" data-e-type=\"column\">\n\t\t\t<div class=\"elementor-widget-wrap elementor-element-populated\">\n\t\t\t\t\t\t<div class=\"elementor-element elementor-element-66794a9d elementor-widget elementor-widget-heading\" data-id=\"66794a9d\" data-element_type=\"widget\" data-e-type=\"widget\" data-widget_type=\"heading.default\">\n\t\t\t\t<div class=\"elementor-widget-container\">\n\t\t\t\t\t<h5 class=\"elementor-heading-title elementor-size-default\">Et si vous d\u00e9couvriez nos autres partenaires ?<\/h5>\t\t\t\t<\/div>\n\t\t\t\t<\/div>\n\t\t\t\t<div class=\"elementor-element elementor-element-2c583ac7 elementor-widget-divider--view-line elementor-widget elementor-widget-divider\" data-id=\"2c583ac7\" data-element_type=\"widget\" data-e-type=\"widget\" data-widget_type=\"divider.default\">\n\t\t\t\t<div class=\"elementor-widget-container\">\n\t\t\t\t\t\t\t<div class=\"elementor-divider\">\n\t\t\t<span class=\"elementor-divider-separator\">\n\t\t\t\t\t\t<\/span>\n\t\t<\/div>\n\t\t\t\t\t\t<\/div>\n\t\t\t\t<\/div>\n\t\t\t\t\t<\/div>\n\t\t<\/div>\n\t\t\t\t\t<\/div>\n\t\t<\/section>\n\t\t\t\t<section class=\"elementor-section elementor-inner-section elementor-element elementor-element-c808545 elementor-section-boxed elementor-section-height-default elementor-section-height-default\" data-id=\"c808545\" data-element_type=\"section\" data-e-type=\"section\">\n\t\t\t\t\t\t<div class=\"elementor-container elementor-column-gap-default\">\n\t\t\t\t\t<div class=\"elementor-column elementor-col-25 elementor-inner-column elementor-element elementor-element-b33bd45\" data-id=\"b33bd45\" data-element_type=\"column\" data-e-type=\"column\">\n\t\t\t<div class=\"elementor-widget-wrap elementor-element-populated\">\n\t\t\t\t\t\t<div class=\"elementor-element elementor-element-5a3ecf8 elementor-widget elementor-widget-image\" data-id=\"5a3ecf8\" data-element_type=\"widget\" data-e-type=\"widget\" data-widget_type=\"image.default\">\n\t\t\t\t<div class=\"elementor-widget-container\">\n\t\t\t\t\t\t\t\t\t\t\t\t\t\t\t\t<a href=\"https:\/\/www.lignebleue.biz\/index.php\/pattenaires\/partenaire-afer-europe\/\">\n\t\t\t\t\t\t\t<img fetchpriority=\"high\" decoding=\"async\" width=\"2560\" height=\"686\" src=\"https:\/\/www.lignebleue.biz\/wp-content\/uploads\/2024\/11\/Afer-logo-2-scaled.jpg\" class=\"attachment-full size-full wp-image-10674\" alt=\"\" srcset=\"https:\/\/www.lignebleue.biz\/wp-content\/uploads\/2024\/11\/Afer-logo-2-scaled.jpg 2560w, https:\/\/www.lignebleue.biz\/wp-content\/uploads\/2024\/11\/Afer-logo-2-300x80.jpg 300w, https:\/\/www.lignebleue.biz\/wp-content\/uploads\/2024\/11\/Afer-logo-2-1024x274.jpg 1024w, https:\/\/www.lignebleue.biz\/wp-content\/uploads\/2024\/11\/Afer-logo-2-768x206.jpg 768w, https:\/\/www.lignebleue.biz\/wp-content\/uploads\/2024\/11\/Afer-logo-2-1536x412.jpg 1536w, https:\/\/www.lignebleue.biz\/wp-content\/uploads\/2024\/11\/Afer-logo-2-2048x549.jpg 2048w, https:\/\/www.lignebleue.biz\/wp-content\/uploads\/2024\/11\/Afer-logo-2-1568x420.jpg 1568w, https:\/\/www.lignebleue.biz\/wp-content\/uploads\/2024\/11\/Afer-logo-2-600x161.jpg 600w\" sizes=\"(max-width: 2560px) 100vw, 2560px\" style=\"width:100%;height:26.8%;max-width:2560px\" \/>\t\t\t\t\t\t\t\t<\/a>\n\t\t\t\t\t\t\t\t\t\t\t\t\t\t\t<\/div>\n\t\t\t\t<\/div>\n\t\t\t\t\t<\/div>\n\t\t<\/div>\n\t\t\t\t<div class=\"elementor-column elementor-col-25 elementor-inner-column elementor-element elementor-element-4024926\" data-id=\"4024926\" data-element_type=\"column\" data-e-type=\"column\">\n\t\t\t<div class=\"elementor-widget-wrap elementor-element-populated\">\n\t\t\t\t\t\t<div class=\"elementor-element elementor-element-749dced elementor-widget elementor-widget-image\" data-id=\"749dced\" data-element_type=\"widget\" data-e-type=\"widget\" data-widget_type=\"image.default\">\n\t\t\t\t<div class=\"elementor-widget-container\">\n\t\t\t\t\t\t\t\t\t\t\t\t\t\t\t\t<a href=\"https:\/\/www.lignebleue.biz\/index.php\/pattenaires\/allianz\/\">\n\t\t\t\t\t\t\t<img decoding=\"async\" width=\"129\" height=\"46\" src=\"https:\/\/www.lignebleue.biz\/wp-content\/uploads\/2024\/11\/Allianz-1.jpg\" class=\"attachment-full size-full wp-image-10632\" alt=\"\" style=\"width:100%;height:35.66%;max-width:129px\" \/>\t\t\t\t\t\t\t\t<\/a>\n\t\t\t\t\t\t\t\t\t\t\t\t\t\t\t<\/div>\n\t\t\t\t<\/div>\n\t\t\t\t\t<\/div>\n\t\t<\/div>\n\t\t\t\t<div class=\"elementor-column elementor-col-25 elementor-inner-column elementor-element elementor-element-be31569\" data-id=\"be31569\" data-element_type=\"column\" data-e-type=\"column\">\n\t\t\t<div class=\"elementor-widget-wrap elementor-element-populated\">\n\t\t\t\t\t\t<div class=\"elementor-element elementor-element-4e52e0e elementor-widget elementor-widget-image\" data-id=\"4e52e0e\" data-element_type=\"widget\" data-e-type=\"widget\" data-widget_type=\"image.default\">\n\t\t\t\t<div class=\"elementor-widget-container\">\n\t\t\t\t\t\t\t\t\t\t\t\t\t\t\t\t<a href=\"https:\/\/www.lignebleue.biz\/index.php\/pattenaires\/partenaires-afi-esca\/\" target=\"_blank\">\n\t\t\t\t\t\t\t<img decoding=\"async\" width=\"1000\" height=\"600\" src=\"https:\/\/www.lignebleue.biz\/wp-content\/uploads\/2021\/02\/afiesca.jpg\" class=\"attachment-full size-full wp-image-1767\" alt=\"\" srcset=\"https:\/\/www.lignebleue.biz\/wp-content\/uploads\/2021\/02\/afiesca.jpg 1000w, https:\/\/www.lignebleue.biz\/wp-content\/uploads\/2021\/02\/afiesca-600x360.jpg 600w, https:\/\/www.lignebleue.biz\/wp-content\/uploads\/2021\/02\/afiesca-300x180.jpg 300w, https:\/\/www.lignebleue.biz\/wp-content\/uploads\/2021\/02\/afiesca-768x461.jpg 768w\" sizes=\"(max-width: 1000px) 100vw, 1000px\" style=\"width:100%;height:60%;max-width:1000px\" \/>\t\t\t\t\t\t\t\t<\/a>\n\t\t\t\t\t\t\t\t\t\t\t\t\t\t\t<\/div>\n\t\t\t\t<\/div>\n\t\t\t\t\t<\/div>\n\t\t<\/div>\n\t\t\t\t<div class=\"elementor-column elementor-col-25 elementor-inner-column elementor-element elementor-element-3c7783d\" data-id=\"3c7783d\" data-element_type=\"column\" data-e-type=\"column\">\n\t\t\t<div class=\"elementor-widget-wrap elementor-element-populated\">\n\t\t\t\t\t\t<div class=\"elementor-element elementor-element-05ed414 elementor-widget elementor-widget-image\" data-id=\"05ed414\" data-element_type=\"widget\" data-e-type=\"widget\" data-widget_type=\"image.default\">\n\t\t\t\t<div class=\"elementor-widget-container\">\n\t\t\t\t\t\t\t\t\t\t\t\t\t\t\t\t<a href=\"https:\/\/www.lignebleue.biz\/index.php\/pattenaires\/partenaires-athora\/\">\n\t\t\t\t\t\t\t<img loading=\"lazy\" decoding=\"async\" width=\"1024\" height=\"512\" src=\"https:\/\/www.lignebleue.biz\/wp-content\/uploads\/2021\/02\/7417_Athora_logo_RGB_300.jpg\" class=\"attachment-full size-full wp-image-1765\" alt=\"\" srcset=\"https:\/\/www.lignebleue.biz\/wp-content\/uploads\/2021\/02\/7417_Athora_logo_RGB_300.jpg 1024w, https:\/\/www.lignebleue.biz\/wp-content\/uploads\/2021\/02\/7417_Athora_logo_RGB_300-600x300.jpg 600w, https:\/\/www.lignebleue.biz\/wp-content\/uploads\/2021\/02\/7417_Athora_logo_RGB_300-300x150.jpg 300w, https:\/\/www.lignebleue.biz\/wp-content\/uploads\/2021\/02\/7417_Athora_logo_RGB_300-768x384.jpg 768w\" sizes=\"(max-width: 1024px) 100vw, 1024px\" style=\"width:100%;height:50%;max-width:1024px\" \/>\t\t\t\t\t\t\t\t<\/a>\n\t\t\t\t\t\t\t\t\t\t\t\t\t\t\t<\/div>\n\t\t\t\t<\/div>\n\t\t\t\t\t<\/div>\n\t\t<\/div>\n\t\t\t\t\t<\/div>\n\t\t<\/section>\n\t\t\t\t<section class=\"elementor-section elementor-inner-section elementor-element elementor-element-9f504ac elementor-section-boxed elementor-section-height-default elementor-section-height-default\" data-id=\"9f504ac\" data-element_type=\"section\" data-e-type=\"section\">\n\t\t\t\t\t\t<div class=\"elementor-container elementor-column-gap-default\">\n\t\t\t\t\t<div class=\"elementor-column elementor-col-20 elementor-inner-column elementor-element elementor-element-f0d62bb\" data-id=\"f0d62bb\" data-element_type=\"column\" data-e-type=\"column\">\n\t\t\t<div class=\"elementor-widget-wrap\">\n\t\t\t\t\t\t\t<\/div>\n\t\t<\/div>\n\t\t\t\t<div class=\"elementor-column elementor-col-20 elementor-inner-column elementor-element elementor-element-8537d5c\" data-id=\"8537d5c\" data-element_type=\"column\" data-e-type=\"column\">\n\t\t\t<div class=\"elementor-widget-wrap elementor-element-populated\">\n\t\t\t\t\t\t<div class=\"elementor-element elementor-element-1e4741c elementor-widget elementor-widget-image\" data-id=\"1e4741c\" data-element_type=\"widget\" data-e-type=\"widget\" data-widget_type=\"image.default\">\n\t\t\t\t<div class=\"elementor-widget-container\">\n\t\t\t\t\t\t\t\t\t\t\t\t\t\t\t\t<a href=\"https:\/\/www.lignebleue.biz\/index.php\/pattenaires\/partenaires-cardif\/\">\n\t\t\t\t\t\t\t<img loading=\"lazy\" decoding=\"async\" width=\"600\" height=\"600\" src=\"https:\/\/www.lignebleue.biz\/wp-content\/uploads\/2021\/02\/cardif_600x600.png\" class=\"attachment-full size-full wp-image-1942\" alt=\"\" srcset=\"https:\/\/www.lignebleue.biz\/wp-content\/uploads\/2021\/02\/cardif_600x600.png 600w, https:\/\/www.lignebleue.biz\/wp-content\/uploads\/2021\/02\/cardif_600x600-450x450.png 450w, https:\/\/www.lignebleue.biz\/wp-content\/uploads\/2021\/02\/cardif_600x600-100x100.png 100w, https:\/\/www.lignebleue.biz\/wp-content\/uploads\/2021\/02\/cardif_600x600-300x300.png 300w, https:\/\/www.lignebleue.biz\/wp-content\/uploads\/2021\/02\/cardif_600x600-150x150.png 150w\" sizes=\"(max-width: 600px) 100vw, 600px\" style=\"width:100%;height:100%;max-width:600px\" \/>\t\t\t\t\t\t\t\t<\/a>\n\t\t\t\t\t\t\t\t\t\t\t\t\t\t\t<\/div>\n\t\t\t\t<\/div>\n\t\t\t\t\t<\/div>\n\t\t<\/div>\n\t\t\t\t<div class=\"elementor-column elementor-col-20 elementor-inner-column elementor-element elementor-element-ee1b0d1\" data-id=\"ee1b0d1\" data-element_type=\"column\" data-e-type=\"column\">\n\t\t\t<div class=\"elementor-widget-wrap elementor-element-populated\">\n\t\t\t\t\t\t<div class=\"elementor-element elementor-element-230ffe9 elementor-widget elementor-widget-image\" data-id=\"230ffe9\" data-element_type=\"widget\" data-e-type=\"widget\" data-widget_type=\"image.default\">\n\t\t\t\t<div class=\"elementor-widget-container\">\n\t\t\t\t\t\t\t\t\t\t\t\t\t\t\t\t<a href=\"https:\/\/www.lignebleue.biz\/index.php\/pattenaires\/partenaires-patronale-life\/\">\n\t\t\t\t\t\t\t<img loading=\"lazy\" decoding=\"async\" width=\"479\" height=\"105\" src=\"https:\/\/www.lignebleue.biz\/wp-content\/uploads\/2021\/02\/patronal.png\" class=\"attachment-full size-full wp-image-1766\" alt=\"\" srcset=\"https:\/\/www.lignebleue.biz\/wp-content\/uploads\/2021\/02\/patronal.png 479w, https:\/\/www.lignebleue.biz\/wp-content\/uploads\/2021\/02\/patronal-300x66.png 300w\" sizes=\"(max-width: 479px) 100vw, 479px\" style=\"width:100%;height:21.92%;max-width:479px\" \/>\t\t\t\t\t\t\t\t<\/a>\n\t\t\t\t\t\t\t\t\t\t\t\t\t\t\t<\/div>\n\t\t\t\t<\/div>\n\t\t\t\t\t<\/div>\n\t\t<\/div>\n\t\t\t\t<div class=\"elementor-column elementor-col-20 elementor-inner-column elementor-element elementor-element-3aa8b73\" data-id=\"3aa8b73\" data-element_type=\"column\" data-e-type=\"column\">\n\t\t\t<div class=\"elementor-widget-wrap elementor-element-populated\">\n\t\t\t\t\t\t<div class=\"elementor-element elementor-element-d10f35e elementor-widget elementor-widget-image\" data-id=\"d10f35e\" data-element_type=\"widget\" data-e-type=\"widget\" data-widget_type=\"image.default\">\n\t\t\t\t<div class=\"elementor-widget-container\">\n\t\t\t\t\t\t\t\t\t\t\t\t\t\t\t\t<a href=\"https:\/\/www.lignebleue.biz\/index.php\/pattenaires\/partenaires-wilink\/\">\n\t\t\t\t\t\t\t<img loading=\"lazy\" decoding=\"async\" width=\"512\" height=\"137\" src=\"https:\/\/www.lignebleue.biz\/wp-content\/uploads\/2021\/02\/wilink.jpg\" class=\"attachment-full size-full wp-image-1769\" alt=\"\" srcset=\"https:\/\/www.lignebleue.biz\/wp-content\/uploads\/2021\/02\/wilink.jpg 512w, https:\/\/www.lignebleue.biz\/wp-content\/uploads\/2021\/02\/wilink-300x80.jpg 300w\" sizes=\"(max-width: 512px) 100vw, 512px\" style=\"width:100%;height:26.76%;max-width:512px\" \/>\t\t\t\t\t\t\t\t<\/a>\n\t\t\t\t\t\t\t\t\t\t\t\t\t\t\t<\/div>\n\t\t\t\t<\/div>\n\t\t\t\t\t<\/div>\n\t\t<\/div>\n\t\t\t\t<div class=\"elementor-column elementor-col-20 elementor-inner-column elementor-element elementor-element-76a854d\" data-id=\"76a854d\" data-element_type=\"column\" data-e-type=\"column\">\n\t\t\t<div class=\"elementor-widget-wrap\">\n\t\t\t\t\t\t\t<\/div>\n\t\t<\/div>\n\t\t\t\t\t<\/div>\n\t\t<\/section>\n\t\t\t\t<\/div>\n\t\t","protected":false},"excerpt":{"rendered":"<p>Baloise Forte de son expertise financi\u00e8re et de sa connaissance des outils de gestion patrimoniale et de planification successorale, Baloise Vie Luxembourg S.A., filiale du Groupe suisse Baloise, propose des solutions d&rsquo;assurance-vie innovantes et sur-mesure destin\u00e9es \u00e0\u00a0 une client\u00e8le d&rsquo;investisseurs exigeants et dont l&rsquo;objectif est de combiner la gestion, la pr\u00e9servation et la transmission de&hellip; <a class=\"more-link\" href=\"https:\/\/www.lignebleue.biz\/index.php\/pattenaires\/partenaires-baloise\/\">Continue reading <span class=\"screen-reader-text\">B\u00e2loise international<\/span><\/a><\/p>\n","protected":false},"author":1,"featured_media":0,"parent":419,"menu_order":0,"comment_status":"closed","ping_status":"closed","template":"elementor_header_footer","meta":{"_eb_attr":"","footnotes":""},"class_list":["post-2416","page","type-page","status-publish","hentry","entry"],"_links":{"self":[{"href":"https:\/\/www.lignebleue.biz\/index.php\/wp-json\/wp\/v2\/pages\/2416","targetHints":{"allow":["GET"]}}],"collection":[{"href":"https:\/\/www.lignebleue.biz\/index.php\/wp-json\/wp\/v2\/pages"}],"about":[{"href":"https:\/\/www.lignebleue.biz\/index.php\/wp-json\/wp\/v2\/types\/page"}],"author":[{"embeddable":true,"href":"https:\/\/www.lignebleue.biz\/index.php\/wp-json\/wp\/v2\/users\/1"}],"replies":[{"embeddable":true,"href":"https:\/\/www.lignebleue.biz\/index.php\/wp-json\/wp\/v2\/comments?post=2416"}],"version-history":[{"count":52,"href":"https:\/\/www.lignebleue.biz\/index.php\/wp-json\/wp\/v2\/pages\/2416\/revisions"}],"predecessor-version":[{"id":10702,"href":"https:\/\/www.lignebleue.biz\/index.php\/wp-json\/wp\/v2\/pages\/2416\/revisions\/10702"}],"up":[{"embeddable":true,"href":"https:\/\/www.lignebleue.biz\/index.php\/wp-json\/wp\/v2\/pages\/419"}],"wp:attachment":[{"href":"https:\/\/www.lignebleue.biz\/index.php\/wp-json\/wp\/v2\/media?parent=2416"}],"curies":[{"name":"wp","href":"https:\/\/api.w.org\/{rel}","templated":true}]}}