{"id":2385,"date":"2021-03-03T12:36:34","date_gmt":"2021-03-03T12:36:34","guid":{"rendered":"https:\/\/www.lignebleue.biz\/?page_id=2385"},"modified":"2024-11-25T16:47:50","modified_gmt":"2024-11-25T14:47:50","slug":"partenaires-wilink","status":"publish","type":"page","link":"https:\/\/www.lignebleue.biz\/index.php\/pattenaires\/partenaires-wilink\/","title":{"rendered":"Wilink"},"content":{"rendered":"\t\t<div data-elementor-type=\"wp-page\" data-elementor-id=\"2385\" class=\"elementor elementor-2385\" data-elementor-post-type=\"page\">\n\t\t\t\t\t\t<section class=\"elementor-section elementor-top-section elementor-element elementor-element-62a2b22e elementor-section-full_width elementor-section-height-default elementor-section-height-default\" data-id=\"62a2b22e\" data-element_type=\"section\" data-e-type=\"section\">\n\t\t\t\t\t\t\t<div class=\"elementor-background-overlay\"><\/div>\n\t\t\t\t\t\t\t<div class=\"elementor-container elementor-column-gap-default\">\n\t\t\t\t\t<div class=\"elementor-column elementor-col-50 elementor-top-column elementor-element elementor-element-783c417b\" data-id=\"783c417b\" data-element_type=\"column\" data-e-type=\"column\">\n\t\t\t<div class=\"elementor-widget-wrap elementor-element-populated\">\n\t\t\t\t\t\t<div class=\"elementor-element elementor-element-18c92773 elementor-widget elementor-widget-heading\" data-id=\"18c92773\" data-element_type=\"widget\" data-e-type=\"widget\" data-widget_type=\"heading.default\">\n\t\t\t\t<div class=\"elementor-widget-container\">\n\t\t\t\t\t<h2 class=\"elementor-heading-title elementor-size-default\">Wilink<\/h2>\t\t\t\t<\/div>\n\t\t\t\t<\/div>\n\t\t\t\t<div class=\"elementor-element elementor-element-5f6b77b3 elementor-widget elementor-widget-text-editor\" data-id=\"5f6b77b3\" data-element_type=\"widget\" data-e-type=\"widget\" data-widget_type=\"text-editor.default\">\n\t\t\t\t<div class=\"elementor-widget-container\">\n\t\t\t\t\t\t\t\t\t<p>WILINK est un bureau de courtage de dimension nationale (21 bureaux), issu de la r\u00e9union de plusieurs courtiers ind\u00e9pendants et profitant d\u00e8s lors de comp\u00e9tences multiples mises au profit de particuliers et soci\u00e9t\u00e9s, et proposant des solutions en assurances IARD notamment. C\u2019est une force dans un march\u00e9 devenu l\u00e9galement tr\u00e8s exigeant.<\/p>\t\t\t\t\t\t\t\t<\/div>\n\t\t\t\t<\/div>\n\t\t\t\t\t<\/div>\n\t\t<\/div>\n\t\t\t\t<div class=\"elementor-column elementor-col-50 elementor-top-column elementor-element elementor-element-667643c5\" data-id=\"667643c5\" data-element_type=\"column\" data-e-type=\"column\" data-settings=\"{&quot;background_background&quot;:&quot;classic&quot;}\">\n\t\t\t<div class=\"elementor-widget-wrap\">\n\t\t\t\t\t\t\t<\/div>\n\t\t<\/div>\n\t\t\t\t\t<\/div>\n\t\t<\/section>\n\t\t\t\t<section class=\"elementor-section elementor-top-section elementor-element elementor-element-355bbc61 elementor-section-full_width elementor-section-height-default elementor-section-height-default\" data-id=\"355bbc61\" data-element_type=\"section\" data-e-type=\"section\" data-settings=\"{&quot;background_background&quot;:&quot;classic&quot;}\">\n\t\t\t\t\t\t<div class=\"elementor-container elementor-column-gap-default\">\n\t\t\t\t\t<div class=\"elementor-column elementor-col-100 elementor-top-column elementor-element elementor-element-757f0af7\" data-id=\"757f0af7\" data-element_type=\"column\" data-e-type=\"column\">\n\t\t\t<div class=\"elementor-widget-wrap elementor-element-populated\">\n\t\t\t\t\t\t<section class=\"elementor-section elementor-inner-section elementor-element elementor-element-1184b75d elementor-section-full_width elementor-section-height-default elementor-section-height-default\" data-id=\"1184b75d\" data-element_type=\"section\" data-e-type=\"section\">\n\t\t\t\t\t\t<div class=\"elementor-container elementor-column-gap-default\">\n\t\t\t\t\t<div class=\"elementor-column elementor-col-33 elementor-inner-column elementor-element elementor-element-17016699\" data-id=\"17016699\" data-element_type=\"column\" data-e-type=\"column\">\n\t\t\t<div class=\"elementor-widget-wrap elementor-element-populated\">\n\t\t\t\t\t\t<div class=\"elementor-element elementor-element-25a9cfa elementor-widget elementor-widget-text-editor\" data-id=\"25a9cfa\" data-element_type=\"widget\" data-e-type=\"widget\" data-widget_type=\"text-editor.default\">\n\t\t\t\t<div class=\"elementor-widget-container\">\n\t\t\t\t\t\t\t\t\t<p>IDENTIT\u00c9<\/p><p>Cr\u00e9\u00e9 en\u00a0: 2007 (Belgique)<br \/>Pr\u00e9sente en Belgique depuis\u00a0: 2007<br \/>Si\u00e8ge social belge\u00a0: Louvain-la-Neuve<br \/>Site web\u00a0:\u00a0<a class=\"spip_url spip_out\" href=\"http:\/\/www.wilink.be\/\" target=\"_blank\" rel=\"external nofollow noopener\">www.wilink.be<\/a><br \/>Partenaire Ligne Bleue depuis\u00a0: 2016<br \/>Statut Ligne Bleue\u00a0: Apporteur d\u2019affaires<\/p>\t\t\t\t\t\t\t\t<\/div>\n\t\t\t\t<\/div>\n\t\t\t\t\t<\/div>\n\t\t<\/div>\n\t\t\t\t<div class=\"elementor-column elementor-col-33 elementor-inner-column elementor-element elementor-element-70b73f3a\" data-id=\"70b73f3a\" data-element_type=\"column\" data-e-type=\"column\">\n\t\t\t<div class=\"elementor-widget-wrap elementor-element-populated\">\n\t\t\t\t\t\t<div class=\"elementor-element elementor-element-18279a23 elementor-widget elementor-widget-text-editor\" data-id=\"18279a23\" data-element_type=\"widget\" data-e-type=\"widget\" data-widget_type=\"text-editor.default\">\n\t\t\t\t<div class=\"elementor-widget-container\">\n\t\t\t\t\t\t\t\t\t<p>PRODUIT<\/p><p>Tous contrats IARD et les contrats vie dont nous n\u2019assurons pas la diffusion. Exemples\u00a0:<\/p><ul><li>Incendie<\/li><li>Auto<\/li><li>Vie priv\u00e9e (familiale)<\/li><li>Assistance et Protection juridique<\/li><li>Soins de sant\u00e9<\/li><li>Toutes assurances pour particuliers, entreprises et professionnels<\/li><\/ul>\t\t\t\t\t\t\t\t<\/div>\n\t\t\t\t<\/div>\n\t\t\t\t\t<\/div>\n\t\t<\/div>\n\t\t\t\t<div class=\"elementor-column elementor-col-33 elementor-inner-column elementor-element elementor-element-15ff10ba\" data-id=\"15ff10ba\" data-element_type=\"column\" data-e-type=\"column\">\n\t\t\t<div class=\"elementor-widget-wrap elementor-element-populated\">\n\t\t\t\t\t\t<div class=\"elementor-element elementor-element-75d92007 elementor-widget elementor-widget-text-editor\" data-id=\"75d92007\" data-element_type=\"widget\" data-e-type=\"widget\" data-widget_type=\"text-editor.default\">\n\t\t\t\t<div class=\"elementor-widget-container\">\n\t\t\t\t\t\t\t\t\t<p>LE CHOIX DE LIGNE BLEUE<\/p><p>De nombreux clients nous ont demand\u00e9 de les aider aussi dans leurs assurances incendie, vie priv\u00e9e, auto, etc. Mais\u2026 \u00e0 chacun son m\u00e9tier ! Nous vous recommandons d\u00e8s lors les services de Guillaume Brosteau, notre coll\u00e8gue courtier. Dynamique, s\u00e9rieux et sympathique, Guillaume pourra vous faire une offre sans engagement afin de trouver le(s) produit(s) r\u00e9pondant le mieux \u00e0 vos attentes.<\/p>\t\t\t\t\t\t\t\t<\/div>\n\t\t\t\t<\/div>\n\t\t\t\t\t<\/div>\n\t\t<\/div>\n\t\t\t\t\t<\/div>\n\t\t<\/section>\n\t\t\t\t\t<\/div>\n\t\t<\/div>\n\t\t\t\t\t<\/div>\n\t\t<\/section>\n\t\t\t\t<section class=\"elementor-section elementor-top-section elementor-element elementor-element-3b6139fb elementor-section-content-middle elementor-section-boxed elementor-section-height-default elementor-section-height-default\" data-id=\"3b6139fb\" data-element_type=\"section\" data-e-type=\"section\">\n\t\t\t\t\t\t\t<div class=\"elementor-background-overlay\"><\/div>\n\t\t\t\t\t\t\t<div class=\"elementor-container elementor-column-gap-no\">\n\t\t\t\t\t<div class=\"elementor-column elementor-col-100 elementor-top-column elementor-element elementor-element-6de08d19\" data-id=\"6de08d19\" data-element_type=\"column\" data-e-type=\"column\">\n\t\t\t<div class=\"elementor-widget-wrap elementor-element-populated\">\n\t\t\t\t\t\t<div class=\"elementor-element elementor-element-2bd801f3 elementor-widget elementor-widget-heading\" data-id=\"2bd801f3\" data-element_type=\"widget\" data-e-type=\"widget\" data-widget_type=\"heading.default\">\n\t\t\t\t<div class=\"elementor-widget-container\">\n\t\t\t\t\t<h3 class=\"elementor-heading-title elementor-size-default\">Votre avantage Ligne Bleue<\/h3>\t\t\t\t<\/div>\n\t\t\t\t<\/div>\n\t\t\t\t<div class=\"elementor-element elementor-element-f157dde elementor-widget elementor-widget-text-editor\" data-id=\"f157dde\" data-element_type=\"widget\" data-e-type=\"widget\" data-widget_type=\"text-editor.default\">\n\t\t\t\t<div class=\"elementor-widget-container\">\n\t\t\t\t\t\t\t\t\t<p>Un feed-back sur vos propositions et un suivi sp\u00e9cifique compte tenu de notre contact direct avec ce partenaire.<\/p>\t\t\t\t\t\t\t\t<\/div>\n\t\t\t\t<\/div>\n\t\t\t\t\t<\/div>\n\t\t<\/div>\n\t\t\t\t\t<\/div>\n\t\t<\/section>\n\t\t\t\t<section class=\"elementor-section elementor-top-section elementor-element elementor-element-60438b26 elementor-section-boxed elementor-section-height-default elementor-section-height-default\" data-id=\"60438b26\" data-element_type=\"section\" data-e-type=\"section\" id=\"partenaires\" data-settings=\"{&quot;background_background&quot;:&quot;classic&quot;}\">\n\t\t\t\t\t\t<div class=\"elementor-container elementor-column-gap-default\">\n\t\t\t\t\t<div class=\"elementor-column elementor-col-100 elementor-top-column elementor-element elementor-element-2409f1b6\" data-id=\"2409f1b6\" data-element_type=\"column\" data-e-type=\"column\">\n\t\t\t<div class=\"elementor-widget-wrap elementor-element-populated\">\n\t\t\t\t\t\t<div class=\"elementor-element elementor-element-b854569 elementor-widget elementor-widget-heading\" data-id=\"b854569\" data-element_type=\"widget\" data-e-type=\"widget\" data-widget_type=\"heading.default\">\n\t\t\t\t<div class=\"elementor-widget-container\">\n\t\t\t\t\t<h5 class=\"elementor-heading-title elementor-size-default\">Et si vous d\u00e9couvriez nos autres partenaires ?<\/h5>\t\t\t\t<\/div>\n\t\t\t\t<\/div>\n\t\t\t\t<div class=\"elementor-element elementor-element-7909b5ce elementor-widget-divider--view-line elementor-widget elementor-widget-divider\" data-id=\"7909b5ce\" data-element_type=\"widget\" data-e-type=\"widget\" data-widget_type=\"divider.default\">\n\t\t\t\t<div class=\"elementor-widget-container\">\n\t\t\t\t\t\t\t<div class=\"elementor-divider\">\n\t\t\t<span class=\"elementor-divider-separator\">\n\t\t\t\t\t\t<\/span>\n\t\t<\/div>\n\t\t\t\t\t\t<\/div>\n\t\t\t\t<\/div>\n\t\t\t\t<section class=\"elementor-section elementor-inner-section elementor-element elementor-element-b634fef elementor-section-boxed elementor-section-height-default elementor-section-height-default\" data-id=\"b634fef\" data-element_type=\"section\" data-e-type=\"section\">\n\t\t\t\t\t\t<div class=\"elementor-container elementor-column-gap-default\">\n\t\t\t\t\t<div class=\"elementor-column elementor-col-25 elementor-inner-column elementor-element elementor-element-5742840\" data-id=\"5742840\" data-element_type=\"column\" data-e-type=\"column\">\n\t\t\t<div class=\"elementor-widget-wrap elementor-element-populated\">\n\t\t\t\t\t\t<div class=\"elementor-element elementor-element-dd88642 elementor-widget elementor-widget-image\" data-id=\"dd88642\" data-element_type=\"widget\" data-e-type=\"widget\" data-widget_type=\"image.default\">\n\t\t\t\t<div class=\"elementor-widget-container\">\n\t\t\t\t\t\t\t\t\t\t\t\t\t\t\t\t<a href=\"https:\/\/www.lignebleue.biz\/index.php\/pattenaires\/partenaires-baloise\/\">\n\t\t\t\t\t\t\t<img fetchpriority=\"high\" decoding=\"async\" width=\"1200\" height=\"338\" src=\"https:\/\/www.lignebleue.biz\/wp-content\/uploads\/2021\/02\/1200px-Logo_Baloise_Assurances.svg.png\" class=\"attachment-full size-full wp-image-1770\" alt=\"\" srcset=\"https:\/\/www.lignebleue.biz\/wp-content\/uploads\/2021\/02\/1200px-Logo_Baloise_Assurances.svg.png 1200w, https:\/\/www.lignebleue.biz\/wp-content\/uploads\/2021\/02\/1200px-Logo_Baloise_Assurances.svg-600x169.png 600w, https:\/\/www.lignebleue.biz\/wp-content\/uploads\/2021\/02\/1200px-Logo_Baloise_Assurances.svg-300x85.png 300w, https:\/\/www.lignebleue.biz\/wp-content\/uploads\/2021\/02\/1200px-Logo_Baloise_Assurances.svg-1024x288.png 1024w, https:\/\/www.lignebleue.biz\/wp-content\/uploads\/2021\/02\/1200px-Logo_Baloise_Assurances.svg-768x216.png 768w\" sizes=\"(max-width: 1200px) 100vw, 1200px\" style=\"width:100%;height:28.17%;max-width:1200px\" \/>\t\t\t\t\t\t\t\t<\/a>\n\t\t\t\t\t\t\t\t\t\t\t\t\t\t\t<\/div>\n\t\t\t\t<\/div>\n\t\t\t\t\t<\/div>\n\t\t<\/div>\n\t\t\t\t<div class=\"elementor-column elementor-col-25 elementor-inner-column elementor-element elementor-element-b7ef5de\" data-id=\"b7ef5de\" data-element_type=\"column\" data-e-type=\"column\">\n\t\t\t<div class=\"elementor-widget-wrap elementor-element-populated\">\n\t\t\t\t\t\t<div class=\"elementor-element elementor-element-738b8c3 elementor-widget elementor-widget-image\" data-id=\"738b8c3\" data-element_type=\"widget\" data-e-type=\"widget\" data-widget_type=\"image.default\">\n\t\t\t\t<div class=\"elementor-widget-container\">\n\t\t\t\t\t\t\t\t\t\t\t\t\t\t\t\t<a href=\"https:\/\/www.lignebleue.biz\/index.php\/pattenaires\/partenaire-afer-europe\/\">\n\t\t\t\t\t\t\t<img decoding=\"async\" width=\"2560\" height=\"686\" src=\"https:\/\/www.lignebleue.biz\/wp-content\/uploads\/2024\/11\/Afer-logo-2-scaled.jpg\" class=\"attachment-full size-full wp-image-10674\" alt=\"\" srcset=\"https:\/\/www.lignebleue.biz\/wp-content\/uploads\/2024\/11\/Afer-logo-2-scaled.jpg 2560w, https:\/\/www.lignebleue.biz\/wp-content\/uploads\/2024\/11\/Afer-logo-2-300x80.jpg 300w, https:\/\/www.lignebleue.biz\/wp-content\/uploads\/2024\/11\/Afer-logo-2-1024x274.jpg 1024w, https:\/\/www.lignebleue.biz\/wp-content\/uploads\/2024\/11\/Afer-logo-2-768x206.jpg 768w, https:\/\/www.lignebleue.biz\/wp-content\/uploads\/2024\/11\/Afer-logo-2-1536x412.jpg 1536w, https:\/\/www.lignebleue.biz\/wp-content\/uploads\/2024\/11\/Afer-logo-2-2048x549.jpg 2048w, https:\/\/www.lignebleue.biz\/wp-content\/uploads\/2024\/11\/Afer-logo-2-1568x420.jpg 1568w, https:\/\/www.lignebleue.biz\/wp-content\/uploads\/2024\/11\/Afer-logo-2-600x161.jpg 600w\" sizes=\"(max-width: 2560px) 100vw, 2560px\" style=\"width:100%;height:26.8%;max-width:2560px\" \/>\t\t\t\t\t\t\t\t<\/a>\n\t\t\t\t\t\t\t\t\t\t\t\t\t\t\t<\/div>\n\t\t\t\t<\/div>\n\t\t\t\t\t<\/div>\n\t\t<\/div>\n\t\t\t\t<div class=\"elementor-column elementor-col-25 elementor-inner-column elementor-element elementor-element-b8f4952\" data-id=\"b8f4952\" data-element_type=\"column\" data-e-type=\"column\">\n\t\t\t<div class=\"elementor-widget-wrap elementor-element-populated\">\n\t\t\t\t\t\t<div class=\"elementor-element elementor-element-a6a6da8 elementor-widget elementor-widget-image\" data-id=\"a6a6da8\" data-element_type=\"widget\" data-e-type=\"widget\" data-widget_type=\"image.default\">\n\t\t\t\t<div class=\"elementor-widget-container\">\n\t\t\t\t\t\t\t\t\t\t\t\t\t\t\t\t<a href=\"https:\/\/www.lignebleue.biz\/index.php\/pattenaires\/partenaires-afi-esca\/\" target=\"_blank\">\n\t\t\t\t\t\t\t<img decoding=\"async\" width=\"1000\" height=\"600\" src=\"https:\/\/www.lignebleue.biz\/wp-content\/uploads\/2021\/02\/afiesca.jpg\" class=\"attachment-full size-full wp-image-1767\" alt=\"\" srcset=\"https:\/\/www.lignebleue.biz\/wp-content\/uploads\/2021\/02\/afiesca.jpg 1000w, https:\/\/www.lignebleue.biz\/wp-content\/uploads\/2021\/02\/afiesca-600x360.jpg 600w, https:\/\/www.lignebleue.biz\/wp-content\/uploads\/2021\/02\/afiesca-300x180.jpg 300w, https:\/\/www.lignebleue.biz\/wp-content\/uploads\/2021\/02\/afiesca-768x461.jpg 768w\" sizes=\"(max-width: 1000px) 100vw, 1000px\" style=\"width:100%;height:60%;max-width:1000px\" \/>\t\t\t\t\t\t\t\t<\/a>\n\t\t\t\t\t\t\t\t\t\t\t\t\t\t\t<\/div>\n\t\t\t\t<\/div>\n\t\t\t\t\t<\/div>\n\t\t<\/div>\n\t\t\t\t<div class=\"elementor-column elementor-col-25 elementor-inner-column elementor-element elementor-element-3f65f37\" data-id=\"3f65f37\" data-element_type=\"column\" data-e-type=\"column\">\n\t\t\t<div class=\"elementor-widget-wrap elementor-element-populated\">\n\t\t\t\t\t\t<div class=\"elementor-element elementor-element-36aeb85 elementor-widget elementor-widget-image\" data-id=\"36aeb85\" data-element_type=\"widget\" data-e-type=\"widget\" data-widget_type=\"image.default\">\n\t\t\t\t<div class=\"elementor-widget-container\">\n\t\t\t\t\t\t\t\t\t\t\t\t\t\t\t\t<a href=\"https:\/\/www.lignebleue.biz\/index.php\/pattenaires\/partenaires-athora\/\">\n\t\t\t\t\t\t\t<img loading=\"lazy\" decoding=\"async\" width=\"1024\" height=\"512\" src=\"https:\/\/www.lignebleue.biz\/wp-content\/uploads\/2021\/02\/7417_Athora_logo_RGB_300.jpg\" class=\"attachment-full size-full wp-image-1765\" alt=\"\" srcset=\"https:\/\/www.lignebleue.biz\/wp-content\/uploads\/2021\/02\/7417_Athora_logo_RGB_300.jpg 1024w, https:\/\/www.lignebleue.biz\/wp-content\/uploads\/2021\/02\/7417_Athora_logo_RGB_300-600x300.jpg 600w, https:\/\/www.lignebleue.biz\/wp-content\/uploads\/2021\/02\/7417_Athora_logo_RGB_300-300x150.jpg 300w, https:\/\/www.lignebleue.biz\/wp-content\/uploads\/2021\/02\/7417_Athora_logo_RGB_300-768x384.jpg 768w\" sizes=\"(max-width: 1024px) 100vw, 1024px\" style=\"width:100%;height:50%;max-width:1024px\" \/>\t\t\t\t\t\t\t\t<\/a>\n\t\t\t\t\t\t\t\t\t\t\t\t\t\t\t<\/div>\n\t\t\t\t<\/div>\n\t\t\t\t\t<\/div>\n\t\t<\/div>\n\t\t\t\t\t<\/div>\n\t\t<\/section>\n\t\t\t\t<section class=\"elementor-section elementor-inner-section elementor-element elementor-element-8027367 elementor-section-boxed elementor-section-height-default elementor-section-height-default\" data-id=\"8027367\" data-element_type=\"section\" data-e-type=\"section\">\n\t\t\t\t\t\t<div class=\"elementor-container elementor-column-gap-default\">\n\t\t\t\t\t<div class=\"elementor-column elementor-col-20 elementor-inner-column elementor-element elementor-element-246a779\" data-id=\"246a779\" data-element_type=\"column\" data-e-type=\"column\">\n\t\t\t<div class=\"elementor-widget-wrap\">\n\t\t\t\t\t\t\t<\/div>\n\t\t<\/div>\n\t\t\t\t<div class=\"elementor-column elementor-col-20 elementor-inner-column elementor-element elementor-element-648c318\" data-id=\"648c318\" data-element_type=\"column\" data-e-type=\"column\">\n\t\t\t<div class=\"elementor-widget-wrap elementor-element-populated\">\n\t\t\t\t\t\t<div class=\"elementor-element elementor-element-814ce38 elementor-widget elementor-widget-image\" data-id=\"814ce38\" data-element_type=\"widget\" data-e-type=\"widget\" data-widget_type=\"image.default\">\n\t\t\t\t<div class=\"elementor-widget-container\">\n\t\t\t\t\t\t\t\t\t\t\t\t\t\t\t\t<a href=\"https:\/\/www.lignebleue.biz\/index.php\/pattenaires\/partenaires-cardif\/\">\n\t\t\t\t\t\t\t<img loading=\"lazy\" decoding=\"async\" width=\"600\" height=\"600\" src=\"https:\/\/www.lignebleue.biz\/wp-content\/uploads\/2021\/02\/cardif_600x600.png\" class=\"attachment-full size-full wp-image-1942\" alt=\"\" srcset=\"https:\/\/www.lignebleue.biz\/wp-content\/uploads\/2021\/02\/cardif_600x600.png 600w, https:\/\/www.lignebleue.biz\/wp-content\/uploads\/2021\/02\/cardif_600x600-450x450.png 450w, https:\/\/www.lignebleue.biz\/wp-content\/uploads\/2021\/02\/cardif_600x600-100x100.png 100w, https:\/\/www.lignebleue.biz\/wp-content\/uploads\/2021\/02\/cardif_600x600-300x300.png 300w, https:\/\/www.lignebleue.biz\/wp-content\/uploads\/2021\/02\/cardif_600x600-150x150.png 150w\" sizes=\"(max-width: 600px) 100vw, 600px\" style=\"width:100%;height:100%;max-width:600px\" \/>\t\t\t\t\t\t\t\t<\/a>\n\t\t\t\t\t\t\t\t\t\t\t\t\t\t\t<\/div>\n\t\t\t\t<\/div>\n\t\t\t\t\t<\/div>\n\t\t<\/div>\n\t\t\t\t<div class=\"elementor-column elementor-col-20 elementor-inner-column elementor-element elementor-element-3a1c2bb\" data-id=\"3a1c2bb\" data-element_type=\"column\" data-e-type=\"column\">\n\t\t\t<div class=\"elementor-widget-wrap elementor-element-populated\">\n\t\t\t\t\t\t<div class=\"elementor-element elementor-element-cdf838e elementor-widget elementor-widget-image\" data-id=\"cdf838e\" data-element_type=\"widget\" data-e-type=\"widget\" data-widget_type=\"image.default\">\n\t\t\t\t<div class=\"elementor-widget-container\">\n\t\t\t\t\t\t\t\t\t\t\t\t\t\t\t\t<a href=\"https:\/\/www.lignebleue.biz\/index.php\/pattenaires\/partenaires-patronale-life\/\">\n\t\t\t\t\t\t\t<img loading=\"lazy\" decoding=\"async\" width=\"479\" height=\"105\" src=\"https:\/\/www.lignebleue.biz\/wp-content\/uploads\/2021\/02\/patronal.png\" class=\"attachment-full size-full wp-image-1766\" alt=\"\" srcset=\"https:\/\/www.lignebleue.biz\/wp-content\/uploads\/2021\/02\/patronal.png 479w, https:\/\/www.lignebleue.biz\/wp-content\/uploads\/2021\/02\/patronal-300x66.png 300w\" sizes=\"(max-width: 479px) 100vw, 479px\" style=\"width:100%;height:21.92%;max-width:479px\" \/>\t\t\t\t\t\t\t\t<\/a>\n\t\t\t\t\t\t\t\t\t\t\t\t\t\t\t<\/div>\n\t\t\t\t<\/div>\n\t\t\t\t\t<\/div>\n\t\t<\/div>\n\t\t\t\t<div class=\"elementor-column elementor-col-20 elementor-inner-column elementor-element elementor-element-41afed6\" data-id=\"41afed6\" data-element_type=\"column\" data-e-type=\"column\">\n\t\t\t<div class=\"elementor-widget-wrap elementor-element-populated\">\n\t\t\t\t\t\t<div class=\"elementor-element elementor-element-8f00e80 elementor-widget elementor-widget-image\" data-id=\"8f00e80\" data-element_type=\"widget\" data-e-type=\"widget\" data-widget_type=\"image.default\">\n\t\t\t\t<div class=\"elementor-widget-container\">\n\t\t\t\t\t\t\t\t\t\t\t\t\t\t\t\t<a href=\"https:\/\/www.lignebleue.biz\/index.php\/pattenaires\/allianz\/\">\n\t\t\t\t\t\t\t<img loading=\"lazy\" decoding=\"async\" width=\"129\" height=\"46\" src=\"https:\/\/www.lignebleue.biz\/wp-content\/uploads\/2024\/11\/Allianz-1.jpg\" class=\"attachment-full size-full wp-image-10632\" alt=\"\" style=\"width:100%;height:35.66%;max-width:129px\" \/>\t\t\t\t\t\t\t\t<\/a>\n\t\t\t\t\t\t\t\t\t\t\t\t\t\t\t<\/div>\n\t\t\t\t<\/div>\n\t\t\t\t\t<\/div>\n\t\t<\/div>\n\t\t\t\t<div class=\"elementor-column elementor-col-20 elementor-inner-column elementor-element elementor-element-a90706c\" data-id=\"a90706c\" data-element_type=\"column\" data-e-type=\"column\">\n\t\t\t<div class=\"elementor-widget-wrap\">\n\t\t\t\t\t\t\t<\/div>\n\t\t<\/div>\n\t\t\t\t\t<\/div>\n\t\t<\/section>\n\t\t\t\t\t<\/div>\n\t\t<\/div>\n\t\t\t\t\t<\/div>\n\t\t<\/section>\n\t\t\t\t<\/div>\n\t\t","protected":false},"excerpt":{"rendered":"<p>Wilink WILINK est un bureau de courtage de dimension nationale (21 bureaux), issu de la r\u00e9union de plusieurs courtiers ind\u00e9pendants et profitant d\u00e8s lors de comp\u00e9tences multiples mises au profit de particuliers et soci\u00e9t\u00e9s, et proposant des solutions en assurances IARD notamment. C&rsquo;est une force dans un march\u00e9 devenu l\u00e9galement tr\u00e8s exigeant. IDENTIT\u00e0\u2030 Cr\u00e9\u00e9 en\u00a0:&hellip; <a class=\"more-link\" href=\"https:\/\/www.lignebleue.biz\/index.php\/pattenaires\/partenaires-wilink\/\">Continue reading <span class=\"screen-reader-text\">Wilink<\/span><\/a><\/p>\n","protected":false},"author":1,"featured_media":0,"parent":419,"menu_order":0,"comment_status":"closed","ping_status":"closed","template":"elementor_header_footer","meta":{"_eb_attr":"","footnotes":""},"class_list":["post-2385","page","type-page","status-publish","hentry","entry"],"_links":{"self":[{"href":"https:\/\/www.lignebleue.biz\/index.php\/wp-json\/wp\/v2\/pages\/2385","targetHints":{"allow":["GET"]}}],"collection":[{"href":"https:\/\/www.lignebleue.biz\/index.php\/wp-json\/wp\/v2\/pages"}],"about":[{"href":"https:\/\/www.lignebleue.biz\/index.php\/wp-json\/wp\/v2\/types\/page"}],"author":[{"embeddable":true,"href":"https:\/\/www.lignebleue.biz\/index.php\/wp-json\/wp\/v2\/users\/1"}],"replies":[{"embeddable":true,"href":"https:\/\/www.lignebleue.biz\/index.php\/wp-json\/wp\/v2\/comments?post=2385"}],"version-history":[{"count":44,"href":"https:\/\/www.lignebleue.biz\/index.php\/wp-json\/wp\/v2\/pages\/2385\/revisions"}],"predecessor-version":[{"id":10699,"href":"https:\/\/www.lignebleue.biz\/index.php\/wp-json\/wp\/v2\/pages\/2385\/revisions\/10699"}],"up":[{"embeddable":true,"href":"https:\/\/www.lignebleue.biz\/index.php\/wp-json\/wp\/v2\/pages\/419"}],"wp:attachment":[{"href":"https:\/\/www.lignebleue.biz\/index.php\/wp-json\/wp\/v2\/media?parent=2385"}],"curies":[{"name":"wp","href":"https:\/\/api.w.org\/{rel}","templated":true}]}}