{"id":2375,"date":"2021-03-03T12:25:03","date_gmt":"2021-03-03T12:25:03","guid":{"rendered":"https:\/\/www.lignebleue.biz\/?page_id=2375"},"modified":"2021-05-13T07:03:53","modified_gmt":"2021-05-13T07:03:53","slug":"partenaires-triodos","status":"publish","type":"page","link":"https:\/\/www.lignebleue.biz\/index.php\/pattenaires\/partenaires-triodos\/","title":{"rendered":"Banque Triodos"},"content":{"rendered":"\t\t<div data-elementor-type=\"wp-page\" data-elementor-id=\"2375\" class=\"elementor elementor-2375\" data-elementor-post-type=\"page\">\n\t\t\t\t\t\t<section class=\"elementor-section elementor-top-section elementor-element elementor-element-6dfa8c7 elementor-section-full_width elementor-section-height-default elementor-section-height-default\" data-id=\"6dfa8c7\" data-element_type=\"section\" data-e-type=\"section\" data-settings=\"{&quot;background_background&quot;:&quot;classic&quot;}\">\n\t\t\t\t\t\t<div class=\"elementor-container elementor-column-gap-default\">\n\t\t\t\t\t<div class=\"elementor-column elementor-col-50 elementor-top-column elementor-element elementor-element-1bab603d\" data-id=\"1bab603d\" data-element_type=\"column\" data-e-type=\"column\">\n\t\t\t<div class=\"elementor-widget-wrap elementor-element-populated\">\n\t\t\t\t\t\t<div class=\"elementor-element elementor-element-14798002 elementor-widget elementor-widget-heading\" data-id=\"14798002\" data-element_type=\"widget\" data-e-type=\"widget\" data-widget_type=\"heading.default\">\n\t\t\t\t<div class=\"elementor-widget-container\">\n\t\t\t\t\t<h2 class=\"elementor-heading-title elementor-size-default\">Banque Triodos<\/h2>\t\t\t\t<\/div>\n\t\t\t\t<\/div>\n\t\t\t\t<div class=\"elementor-element elementor-element-46d86688 elementor-widget elementor-widget-text-editor\" data-id=\"46d86688\" data-element_type=\"widget\" data-e-type=\"widget\" data-widget_type=\"text-editor.default\">\n\t\t\t\t<div class=\"elementor-widget-container\">\n\t\t\t\t\t\t\t\t\t<p>Notre bureau est l\u2019agent d\u00e9l\u00e9gu\u00e9 de la Banque Triodos depuis 1995. Notre service est gratuit et s\u2019ajoute \u00e0 celui que la Banque vous offre en direct.<\/p><p>\u00a0<\/p><p>La Banque Triodos n\u2019investit que dans des organisations respectueuses de l\u2019homme et de l\u2019environnement. D\u00e9couvrez tous les projets en cours de financement <a href=\"https:\/\/www.triodos.be\/fr\/a-quoi-sert-votre-argent\" target=\"_blank\" rel=\"noopener\">en cliquant ici<\/a>.\u00a0<\/p>\t\t\t\t\t\t\t\t<\/div>\n\t\t\t\t<\/div>\n\t\t\t\t\t<\/div>\n\t\t<\/div>\n\t\t\t\t<div class=\"elementor-column elementor-col-50 elementor-top-column elementor-element elementor-element-5936285a\" data-id=\"5936285a\" data-element_type=\"column\" data-e-type=\"column\" data-settings=\"{&quot;background_background&quot;:&quot;classic&quot;}\">\n\t\t\t<div class=\"elementor-widget-wrap\">\n\t\t\t\t\t\t\t<\/div>\n\t\t<\/div>\n\t\t\t\t\t<\/div>\n\t\t<\/section>\n\t\t\t\t<section class=\"elementor-section elementor-top-section elementor-element elementor-element-1a35eb05 elementor-section-boxed elementor-section-height-default elementor-section-height-default\" data-id=\"1a35eb05\" data-element_type=\"section\" data-e-type=\"section\" data-settings=\"{&quot;background_background&quot;:&quot;classic&quot;}\">\n\t\t\t\t\t\t<div class=\"elementor-container elementor-column-gap-default\">\n\t\t\t\t\t<div class=\"elementor-column elementor-col-100 elementor-top-column elementor-element elementor-element-26acfe\" data-id=\"26acfe\" data-element_type=\"column\" data-e-type=\"column\">\n\t\t\t<div class=\"elementor-widget-wrap elementor-element-populated\">\n\t\t\t\t\t\t<section class=\"elementor-section elementor-inner-section elementor-element elementor-element-77131b83 elementor-section-boxed elementor-section-height-default elementor-section-height-default\" data-id=\"77131b83\" data-element_type=\"section\" data-e-type=\"section\">\n\t\t\t\t\t\t<div class=\"elementor-container elementor-column-gap-default\">\n\t\t\t\t\t<div class=\"elementor-column elementor-col-33 elementor-inner-column elementor-element elementor-element-4462111a\" data-id=\"4462111a\" data-element_type=\"column\" data-e-type=\"column\">\n\t\t\t<div class=\"elementor-widget-wrap elementor-element-populated\">\n\t\t\t\t\t\t<div class=\"elementor-element elementor-element-558de122 elementor-widget elementor-widget-text-editor\" data-id=\"558de122\" data-element_type=\"widget\" data-e-type=\"widget\" data-widget_type=\"text-editor.default\">\n\t\t\t\t<div class=\"elementor-widget-container\">\n\t\t\t\t\t\t\t\t\t<p>Sans proposer de compte \u00e0 vue pour les particuliers, elle offre des produits et services vari\u00e9s, accessibles \u00e0 tous. Pour en prendre connaissance et t\u00e9l\u00e9charger les documents d\u2019informations officiels, cliquez sur les liens suivants :<\/p><ul><li><span style=\"text-decoration: underline;\"><a class=\"spip_out\" href=\"https:\/\/www.triodos.be\/fr\/epargner\" target=\"_blank\" rel=\"external noopener\">Epargne<\/a><\/span><\/li><li><span style=\"text-decoration: underline;\"><a class=\"spip_out\" href=\"https:\/\/www.triodos.be\/fr\/investir\" target=\"_blank\" rel=\"external noopener\">Placements<\/a><\/span><\/li><\/ul>\t\t\t\t\t\t\t\t<\/div>\n\t\t\t\t<\/div>\n\t\t\t\t\t<\/div>\n\t\t<\/div>\n\t\t\t\t<div class=\"elementor-column elementor-col-33 elementor-inner-column elementor-element elementor-element-3bb9ad93\" data-id=\"3bb9ad93\" data-element_type=\"column\" data-e-type=\"column\">\n\t\t\t<div class=\"elementor-widget-wrap\">\n\t\t\t\t\t\t\t<\/div>\n\t\t<\/div>\n\t\t\t\t<div class=\"elementor-column elementor-col-33 elementor-inner-column elementor-element elementor-element-3a2177bb\" data-id=\"3a2177bb\" data-element_type=\"column\" data-e-type=\"column\">\n\t\t\t<div class=\"elementor-widget-wrap elementor-element-populated\">\n\t\t\t\t\t\t<div class=\"elementor-element elementor-element-f523825 elementor-widget elementor-widget-text-editor\" data-id=\"f523825\" data-element_type=\"widget\" data-e-type=\"widget\" data-widget_type=\"text-editor.default\">\n\t\t\t\t<div class=\"elementor-widget-container\">\n\t\t\t\t\t\t\t\t\t<p><strong>Information, contact et ouverture de compte<\/strong><\/p><p>Pour toutes les mati\u00e8res li\u00e9es aux produits et services list\u00e9s ci-contre, en ce compris les souscriptions, nous sommes \u00e0 votre service par t\u00e9l\u00e9phone, mail ou rendez-vous, sur place \u00e0 notre bureau de Bouge ou chez vous, suivant la demande (Wallonie \/ Bruxelles).<\/p><p>En ce qui concerne les cr\u00e9dits professionnels, nous ne sommes pas habilit\u00e9s \u00e0 les traiter et nous vous renvoyons donc vers <span style=\"text-decoration: underline;\"><a href=\"https:\/\/www.triodos.be\/fr\/credit-professionnel\" target=\"_blank\" rel=\"noopener\">la partie d\u00e9di\u00e9e du site de la Banque<\/a><\/span>.<\/p><p>M\u00eame chose en ce qui concerne les <a href=\"https:\/\/www.triodos.be\/fr\/credit-habitation\" target=\"_blank\" rel=\"noopener\"><span style=\"text-decoration: underline;\">pr\u00eats hypoth\u00e9caires<\/span><\/a>, \u00e0 la diff\u00e9rence qu&rsquo;ici, nous pourrons vous aider pour la partie assurance, que ce soit en<span style=\"text-decoration: underline;\"> <a href=\"https:\/\/www.lignebleue.biz\/index.php\/assurance-solde-restant-du\/\">solde restant d\u00fb<\/a><\/span> ou en <span style=\"text-decoration: underline;\"><a href=\"https:\/\/www.lignebleue.biz\/index.php\/pattenaires\/partenaires-wilink\/\">incendie<\/a><\/span>.<\/p><p><strong>Contactez-nous \u00e0 votre meilleure convenance : <span style=\"text-decoration: underline;\"><a href=\"tel:+3281\/733534\">081 73 35 34<\/a><\/span> ou <a href=\"tel:+32494725753\"><span style=\"text-decoration: underline;\">0494 72 57 53<\/span><\/a>\u00a0!<\/strong><\/p>\t\t\t\t\t\t\t\t<\/div>\n\t\t\t\t<\/div>\n\t\t\t\t\t<\/div>\n\t\t<\/div>\n\t\t\t\t\t<\/div>\n\t\t<\/section>\n\t\t\t\t\t<\/div>\n\t\t<\/div>\n\t\t\t\t\t<\/div>\n\t\t<\/section>\n\t\t\t\t<section class=\"elementor-section elementor-top-section elementor-element elementor-element-23f97a1f elementor-section-content-middle elementor-section-boxed elementor-section-height-default elementor-section-height-default\" data-id=\"23f97a1f\" data-element_type=\"section\" data-e-type=\"section\">\n\t\t\t\t\t\t\t<div class=\"elementor-background-overlay\"><\/div>\n\t\t\t\t\t\t\t<div class=\"elementor-container elementor-column-gap-no\">\n\t\t\t\t\t<div class=\"elementor-column elementor-col-100 elementor-top-column elementor-element elementor-element-1497ef97\" data-id=\"1497ef97\" data-element_type=\"column\" data-e-type=\"column\">\n\t\t\t<div class=\"elementor-widget-wrap elementor-element-populated\">\n\t\t\t\t\t\t<div class=\"elementor-element elementor-element-22bf65aa elementor-widget elementor-widget-heading\" data-id=\"22bf65aa\" data-element_type=\"widget\" data-e-type=\"widget\" data-widget_type=\"heading.default\">\n\t\t\t\t<div class=\"elementor-widget-container\">\n\t\t\t\t\t<h3 class=\"elementor-heading-title elementor-size-default\">Pourquoi ouvrir votre compte par Ligne Bleue ?<\/h3>\t\t\t\t<\/div>\n\t\t\t\t<\/div>\n\t\t\t\t<div class=\"elementor-element elementor-element-ebbdfcd elementor-widget elementor-widget-text-editor\" data-id=\"ebbdfcd\" data-element_type=\"widget\" data-e-type=\"widget\" data-widget_type=\"text-editor.default\">\n\t\t\t\t<div class=\"elementor-widget-container\">\n\t\t\t\t\t\t\t\t\t<p>Contact de premi\u00e8re ligne<\/p><p>Interm\u00e9diation gratuite<\/p><p><span style=\"color: var( --e-global-color-primary ); font-size: inherit; letter-spacing: -0.015em; text-align: inherit;\">Service de proximit\u00e9 \u00e0 taille humaine<\/span><\/p><p><span style=\"font-size: inherit; text-align: inherit; color: var( --e-global-color-primary ); letter-spacing: -0.015em;\">Accessibilit\u00e9 \u00e9tendue<\/span><\/p><p>Exp\u00e9rience de plus de 30 ans comme agent d\u00e9l\u00e9gu\u00e9 de la Banque<\/p><p><span style=\"font-size: inherit; text-align: inherit; color: var( --e-global-color-primary ); letter-spacing: -0.015em;\">\u00a0<\/span><\/p>\t\t\t\t\t\t\t\t<\/div>\n\t\t\t\t<\/div>\n\t\t\t\t\t<\/div>\n\t\t<\/div>\n\t\t\t\t\t<\/div>\n\t\t<\/section>\n\t\t\t\t<section class=\"elementor-section elementor-top-section elementor-element elementor-element-12c3de3a elementor-section-boxed elementor-section-height-default elementor-section-height-default\" data-id=\"12c3de3a\" data-element_type=\"section\" data-e-type=\"section\" id=\"partenaires\" data-settings=\"{&quot;background_background&quot;:&quot;classic&quot;}\">\n\t\t\t\t\t\t<div class=\"elementor-container elementor-column-gap-default\">\n\t\t\t\t\t<div class=\"elementor-column elementor-col-100 elementor-top-column elementor-element elementor-element-63a89b3d\" data-id=\"63a89b3d\" data-element_type=\"column\" data-e-type=\"column\">\n\t\t\t<div class=\"elementor-widget-wrap elementor-element-populated\">\n\t\t\t\t\t\t<div class=\"elementor-element elementor-element-3809008a elementor-widget elementor-widget-heading\" data-id=\"3809008a\" data-element_type=\"widget\" data-e-type=\"widget\" data-widget_type=\"heading.default\">\n\t\t\t\t<div class=\"elementor-widget-container\">\n\t\t\t\t\t<h5 class=\"elementor-heading-title elementor-size-default\">Et si vous d\u00e9couvriez nos autres partenaires ?<\/h5>\t\t\t\t<\/div>\n\t\t\t\t<\/div>\n\t\t\t\t<div class=\"elementor-element elementor-element-386aac44 elementor-widget-divider--view-line elementor-widget elementor-widget-divider\" data-id=\"386aac44\" data-element_type=\"widget\" data-e-type=\"widget\" data-widget_type=\"divider.default\">\n\t\t\t\t<div class=\"elementor-widget-container\">\n\t\t\t\t\t\t\t<div class=\"elementor-divider\">\n\t\t\t<span class=\"elementor-divider-separator\">\n\t\t\t\t\t\t<\/span>\n\t\t<\/div>\n\t\t\t\t\t\t<\/div>\n\t\t\t\t<\/div>\n\t\t\t\t\t<\/div>\n\t\t<\/div>\n\t\t\t\t\t<\/div>\n\t\t<\/section>\n\t\t\t\t<section class=\"elementor-section elementor-inner-section elementor-element elementor-element-87914ad elementor-section-boxed elementor-section-height-default elementor-section-height-default\" data-id=\"87914ad\" data-element_type=\"section\" data-e-type=\"section\">\n\t\t\t\t\t\t<div class=\"elementor-container elementor-column-gap-default\">\n\t\t\t\t\t<div class=\"elementor-column elementor-col-25 elementor-inner-column elementor-element elementor-element-a0fec6b\" data-id=\"a0fec6b\" data-element_type=\"column\" data-e-type=\"column\">\n\t\t\t<div class=\"elementor-widget-wrap elementor-element-populated\">\n\t\t\t\t\t\t<div class=\"elementor-element elementor-element-bd17933 elementor-widget elementor-widget-image\" data-id=\"bd17933\" data-element_type=\"widget\" data-e-type=\"widget\" data-widget_type=\"image.default\">\n\t\t\t\t<div class=\"elementor-widget-container\">\n\t\t\t\t\t\t\t\t\t\t\t\t\t\t\t\t<a href=\"https:\/\/www.lignebleue.biz\/index.php\/pattenaires\/partenaires-triodos\/\">\n\t\t\t\t\t\t\t<img fetchpriority=\"high\" decoding=\"async\" width=\"503\" height=\"100\" src=\"https:\/\/www.lignebleue.biz\/wp-content\/uploads\/2021\/02\/triodos.png\" class=\"attachment-full size-full wp-image-1762\" alt=\"\" srcset=\"https:\/\/www.lignebleue.biz\/wp-content\/uploads\/2021\/02\/triodos.png 503w, https:\/\/www.lignebleue.biz\/wp-content\/uploads\/2021\/02\/triodos-300x60.png 300w\" sizes=\"(max-width: 503px) 100vw, 503px\" style=\"width:100%;height:19.88%;max-width:503px\" \/>\t\t\t\t\t\t\t\t<\/a>\n\t\t\t\t\t\t\t\t\t\t\t\t\t\t\t<\/div>\n\t\t\t\t<\/div>\n\t\t\t\t<div class=\"elementor-element elementor-element-d20db39 elementor-widget elementor-widget-image\" data-id=\"d20db39\" data-element_type=\"widget\" data-e-type=\"widget\" data-widget_type=\"image.default\">\n\t\t\t\t<div class=\"elementor-widget-container\">\n\t\t\t\t\t\t\t\t\t\t\t\t\t\t\t\t<a href=\"https:\/\/www.lignebleue.biz\/index.php\/pattenaires\/partenaires-baloise\/\">\n\t\t\t\t\t\t\t<img decoding=\"async\" width=\"1200\" height=\"338\" src=\"https:\/\/www.lignebleue.biz\/wp-content\/uploads\/2021\/02\/1200px-Logo_Baloise_Assurances.svg.png\" class=\"attachment-full size-full wp-image-1770\" alt=\"\" srcset=\"https:\/\/www.lignebleue.biz\/wp-content\/uploads\/2021\/02\/1200px-Logo_Baloise_Assurances.svg.png 1200w, https:\/\/www.lignebleue.biz\/wp-content\/uploads\/2021\/02\/1200px-Logo_Baloise_Assurances.svg-600x169.png 600w, https:\/\/www.lignebleue.biz\/wp-content\/uploads\/2021\/02\/1200px-Logo_Baloise_Assurances.svg-300x85.png 300w, https:\/\/www.lignebleue.biz\/wp-content\/uploads\/2021\/02\/1200px-Logo_Baloise_Assurances.svg-1024x288.png 1024w, https:\/\/www.lignebleue.biz\/wp-content\/uploads\/2021\/02\/1200px-Logo_Baloise_Assurances.svg-768x216.png 768w\" sizes=\"(max-width: 1200px) 100vw, 1200px\" style=\"width:100%;height:28.17%;max-width:1200px\" \/>\t\t\t\t\t\t\t\t<\/a>\n\t\t\t\t\t\t\t\t\t\t\t\t\t\t\t<\/div>\n\t\t\t\t<\/div>\n\t\t\t\t\t<\/div>\n\t\t<\/div>\n\t\t\t\t<div class=\"elementor-column elementor-col-25 elementor-inner-column elementor-element elementor-element-896681c\" data-id=\"896681c\" data-element_type=\"column\" data-e-type=\"column\">\n\t\t\t<div class=\"elementor-widget-wrap elementor-element-populated\">\n\t\t\t\t\t\t<div class=\"elementor-element elementor-element-371180d elementor-widget elementor-widget-image\" data-id=\"371180d\" data-element_type=\"widget\" data-e-type=\"widget\" data-widget_type=\"image.default\">\n\t\t\t\t<div class=\"elementor-widget-container\">\n\t\t\t\t\t\t\t\t\t\t\t\t\t\t\t\t<a href=\"https:\/\/www.lignebleue.biz\/index.php\/pattenaires\/partenaire-afer-europe\/\">\n\t\t\t\t\t\t\t<img decoding=\"async\" src=\"https:\/\/www.lignebleue.biz\/wp-content\/uploads\/2021\/02\/afer_europe.png\" title=\"\" alt=\"\" loading=\"lazy\" \/>\t\t\t\t\t\t\t\t<\/a>\n\t\t\t\t\t\t\t\t\t\t\t\t\t\t\t<\/div>\n\t\t\t\t<\/div>\n\t\t\t\t<div class=\"elementor-element elementor-element-0f0a2f6 elementor-widget elementor-widget-image\" data-id=\"0f0a2f6\" data-element_type=\"widget\" data-e-type=\"widget\" data-widget_type=\"image.default\">\n\t\t\t\t<div class=\"elementor-widget-container\">\n\t\t\t\t\t\t\t\t\t\t\t\t\t\t\t\t<a href=\"https:\/\/www.lignebleue.biz\/index.php\/pattenaires\/partenaires-cardif\/\">\n\t\t\t\t\t\t\t<img decoding=\"async\" width=\"600\" height=\"600\" src=\"https:\/\/www.lignebleue.biz\/wp-content\/uploads\/2021\/02\/cardif_600x600.png\" class=\"attachment-full size-full wp-image-1942\" alt=\"\" srcset=\"https:\/\/www.lignebleue.biz\/wp-content\/uploads\/2021\/02\/cardif_600x600.png 600w, https:\/\/www.lignebleue.biz\/wp-content\/uploads\/2021\/02\/cardif_600x600-450x450.png 450w, https:\/\/www.lignebleue.biz\/wp-content\/uploads\/2021\/02\/cardif_600x600-100x100.png 100w, https:\/\/www.lignebleue.biz\/wp-content\/uploads\/2021\/02\/cardif_600x600-300x300.png 300w, https:\/\/www.lignebleue.biz\/wp-content\/uploads\/2021\/02\/cardif_600x600-150x150.png 150w\" sizes=\"(max-width: 600px) 100vw, 600px\" style=\"width:100%;height:100%;max-width:600px\" \/>\t\t\t\t\t\t\t\t<\/a>\n\t\t\t\t\t\t\t\t\t\t\t\t\t\t\t<\/div>\n\t\t\t\t<\/div>\n\t\t\t\t\t<\/div>\n\t\t<\/div>\n\t\t\t\t<div class=\"elementor-column elementor-col-25 elementor-inner-column elementor-element elementor-element-b8e8f50\" data-id=\"b8e8f50\" data-element_type=\"column\" data-e-type=\"column\">\n\t\t\t<div class=\"elementor-widget-wrap elementor-element-populated\">\n\t\t\t\t\t\t<div class=\"elementor-element elementor-element-4fa9c7f elementor-widget elementor-widget-image\" data-id=\"4fa9c7f\" data-element_type=\"widget\" data-e-type=\"widget\" data-widget_type=\"image.default\">\n\t\t\t\t<div class=\"elementor-widget-container\">\n\t\t\t\t\t\t\t\t\t\t\t\t\t\t\t\t<a href=\"https:\/\/www.lignebleue.biz\/index.php\/pattenaires\/partenaires-afi-esca\/\" target=\"_blank\">\n\t\t\t\t\t\t\t<img loading=\"lazy\" decoding=\"async\" width=\"1000\" height=\"600\" src=\"https:\/\/www.lignebleue.biz\/wp-content\/uploads\/2021\/02\/afiesca.jpg\" class=\"attachment-full size-full wp-image-1767\" alt=\"\" srcset=\"https:\/\/www.lignebleue.biz\/wp-content\/uploads\/2021\/02\/afiesca.jpg 1000w, https:\/\/www.lignebleue.biz\/wp-content\/uploads\/2021\/02\/afiesca-600x360.jpg 600w, https:\/\/www.lignebleue.biz\/wp-content\/uploads\/2021\/02\/afiesca-300x180.jpg 300w, https:\/\/www.lignebleue.biz\/wp-content\/uploads\/2021\/02\/afiesca-768x461.jpg 768w\" sizes=\"(max-width: 1000px) 100vw, 1000px\" style=\"width:100%;height:60%;max-width:1000px\" \/>\t\t\t\t\t\t\t\t<\/a>\n\t\t\t\t\t\t\t\t\t\t\t\t\t\t\t<\/div>\n\t\t\t\t<\/div>\n\t\t\t\t<div class=\"elementor-element elementor-element-120c61c elementor-widget elementor-widget-image\" data-id=\"120c61c\" data-element_type=\"widget\" data-e-type=\"widget\" data-widget_type=\"image.default\">\n\t\t\t\t<div class=\"elementor-widget-container\">\n\t\t\t\t\t\t\t\t\t\t\t\t\t\t\t\t<a href=\"https:\/\/www.lignebleue.biz\/index.php\/pattenaires\/partenaires-patronale-life\/\">\n\t\t\t\t\t\t\t<img loading=\"lazy\" decoding=\"async\" width=\"479\" height=\"105\" src=\"https:\/\/www.lignebleue.biz\/wp-content\/uploads\/2021\/02\/patronal.png\" class=\"attachment-full size-full wp-image-1766\" alt=\"\" srcset=\"https:\/\/www.lignebleue.biz\/wp-content\/uploads\/2021\/02\/patronal.png 479w, https:\/\/www.lignebleue.biz\/wp-content\/uploads\/2021\/02\/patronal-300x66.png 300w\" sizes=\"(max-width: 479px) 100vw, 479px\" style=\"width:100%;height:21.92%;max-width:479px\" \/>\t\t\t\t\t\t\t\t<\/a>\n\t\t\t\t\t\t\t\t\t\t\t\t\t\t\t<\/div>\n\t\t\t\t<\/div>\n\t\t\t\t\t<\/div>\n\t\t<\/div>\n\t\t\t\t<div class=\"elementor-column elementor-col-25 elementor-inner-column elementor-element elementor-element-dc75d10\" data-id=\"dc75d10\" data-element_type=\"column\" data-e-type=\"column\">\n\t\t\t<div class=\"elementor-widget-wrap elementor-element-populated\">\n\t\t\t\t\t\t<div class=\"elementor-element elementor-element-d50cec3 elementor-widget elementor-widget-image\" data-id=\"d50cec3\" data-element_type=\"widget\" data-e-type=\"widget\" data-widget_type=\"image.default\">\n\t\t\t\t<div class=\"elementor-widget-container\">\n\t\t\t\t\t\t\t\t\t\t\t\t\t\t\t\t<a href=\"https:\/\/www.lignebleue.biz\/index.php\/pattenaires\/partenaires-athora\/\">\n\t\t\t\t\t\t\t<img loading=\"lazy\" decoding=\"async\" width=\"1024\" height=\"512\" src=\"https:\/\/www.lignebleue.biz\/wp-content\/uploads\/2021\/02\/7417_Athora_logo_RGB_300.jpg\" class=\"attachment-full size-full wp-image-1765\" alt=\"\" srcset=\"https:\/\/www.lignebleue.biz\/wp-content\/uploads\/2021\/02\/7417_Athora_logo_RGB_300.jpg 1024w, https:\/\/www.lignebleue.biz\/wp-content\/uploads\/2021\/02\/7417_Athora_logo_RGB_300-600x300.jpg 600w, https:\/\/www.lignebleue.biz\/wp-content\/uploads\/2021\/02\/7417_Athora_logo_RGB_300-300x150.jpg 300w, https:\/\/www.lignebleue.biz\/wp-content\/uploads\/2021\/02\/7417_Athora_logo_RGB_300-768x384.jpg 768w\" sizes=\"(max-width: 1024px) 100vw, 1024px\" style=\"width:100%;height:50%;max-width:1024px\" \/>\t\t\t\t\t\t\t\t<\/a>\n\t\t\t\t\t\t\t\t\t\t\t\t\t\t\t<\/div>\n\t\t\t\t<\/div>\n\t\t\t\t<div class=\"elementor-element elementor-element-8b1fa90 elementor-widget elementor-widget-image\" data-id=\"8b1fa90\" data-element_type=\"widget\" data-e-type=\"widget\" data-widget_type=\"image.default\">\n\t\t\t\t<div class=\"elementor-widget-container\">\n\t\t\t\t\t\t\t\t\t\t\t\t\t\t\t\t<a href=\"https:\/\/www.lignebleue.biz\/index.php\/pattenaires\/partenaires-wilink\/\">\n\t\t\t\t\t\t\t<img loading=\"lazy\" decoding=\"async\" width=\"512\" height=\"137\" src=\"https:\/\/www.lignebleue.biz\/wp-content\/uploads\/2021\/02\/wilink.jpg\" class=\"attachment-full size-full wp-image-1769\" alt=\"\" srcset=\"https:\/\/www.lignebleue.biz\/wp-content\/uploads\/2021\/02\/wilink.jpg 512w, https:\/\/www.lignebleue.biz\/wp-content\/uploads\/2021\/02\/wilink-300x80.jpg 300w\" sizes=\"(max-width: 512px) 100vw, 512px\" style=\"width:100%;height:26.76%;max-width:512px\" \/>\t\t\t\t\t\t\t\t<\/a>\n\t\t\t\t\t\t\t\t\t\t\t\t\t\t\t<\/div>\n\t\t\t\t<\/div>\n\t\t\t\t\t<\/div>\n\t\t<\/div>\n\t\t\t\t\t<\/div>\n\t\t<\/section>\n\t\t\t\t<\/div>\n\t\t","protected":false},"excerpt":{"rendered":"<p>Banque Triodos Notre bureau est l&rsquo;agent d\u00e9l\u00e9gu\u00e9 de la Banque Triodos depuis 1995. Notre service est gratuit et s&rsquo;ajoute \u00e0\u00a0 celui que la Banque vous offre en direct. La Banque Triodos n&rsquo;investit que dans des organisations respectueuses de l&rsquo;homme et de l&rsquo;environnement. D\u00e9couvrez tous les projets en cours de financement en cliquant ici.&nbsp; Sans proposer&hellip; <a class=\"more-link\" href=\"https:\/\/www.lignebleue.biz\/index.php\/pattenaires\/partenaires-triodos\/\">Continue reading <span class=\"screen-reader-text\">Banque Triodos<\/span><\/a><\/p>\n","protected":false},"author":1,"featured_media":0,"parent":419,"menu_order":0,"comment_status":"closed","ping_status":"closed","template":"elementor_header_footer","meta":{"_eb_attr":"","footnotes":""},"class_list":["post-2375","page","type-page","status-publish","hentry","entry"],"_links":{"self":[{"href":"https:\/\/www.lignebleue.biz\/index.php\/wp-json\/wp\/v2\/pages\/2375","targetHints":{"allow":["GET"]}}],"collection":[{"href":"https:\/\/www.lignebleue.biz\/index.php\/wp-json\/wp\/v2\/pages"}],"about":[{"href":"https:\/\/www.lignebleue.biz\/index.php\/wp-json\/wp\/v2\/types\/page"}],"author":[{"embeddable":true,"href":"https:\/\/www.lignebleue.biz\/index.php\/wp-json\/wp\/v2\/users\/1"}],"replies":[{"embeddable":true,"href":"https:\/\/www.lignebleue.biz\/index.php\/wp-json\/wp\/v2\/comments?post=2375"}],"version-history":[{"count":111,"href":"https:\/\/www.lignebleue.biz\/index.php\/wp-json\/wp\/v2\/pages\/2375\/revisions"}],"predecessor-version":[{"id":5602,"href":"https:\/\/www.lignebleue.biz\/index.php\/wp-json\/wp\/v2\/pages\/2375\/revisions\/5602"}],"up":[{"embeddable":true,"href":"https:\/\/www.lignebleue.biz\/index.php\/wp-json\/wp\/v2\/pages\/419"}],"wp:attachment":[{"href":"https:\/\/www.lignebleue.biz\/index.php\/wp-json\/wp\/v2\/media?parent=2375"}],"curies":[{"name":"wp","href":"https:\/\/api.w.org\/{rel}","templated":true}]}}