{"id":2129,"date":"2021-03-01T11:18:08","date_gmt":"2021-03-01T11:18:08","guid":{"rendered":"https:\/\/www.lignebleue.biz\/?page_id=2129"},"modified":"2024-11-25T16:42:33","modified_gmt":"2024-11-25T14:42:33","slug":"partenaire-afer-europe","status":"publish","type":"page","link":"https:\/\/www.lignebleue.biz\/index.php\/pattenaires\/partenaire-afer-europe\/","title":{"rendered":"AFER Europe"},"content":{"rendered":"\t\t<div data-elementor-type=\"wp-page\" data-elementor-id=\"2129\" class=\"elementor elementor-2129\" data-elementor-post-type=\"page\">\n\t\t\t\t\t\t<section class=\"elementor-section elementor-top-section elementor-element elementor-element-4677b245 elementor-section-boxed elementor-section-height-default elementor-section-height-default\" data-id=\"4677b245\" data-element_type=\"section\" data-e-type=\"section\" data-settings=\"{&quot;background_background&quot;:&quot;classic&quot;}\">\n\t\t\t\t\t\t<div class=\"elementor-container elementor-column-gap-default\">\n\t\t\t\t\t<div class=\"elementor-column elementor-col-50 elementor-top-column elementor-element elementor-element-3231d2dc\" data-id=\"3231d2dc\" data-element_type=\"column\" data-e-type=\"column\">\n\t\t\t<div class=\"elementor-widget-wrap elementor-element-populated\">\n\t\t\t\t\t\t<div class=\"elementor-element elementor-element-185dc3a elementor-widget elementor-widget-heading\" data-id=\"185dc3a\" data-element_type=\"widget\" data-e-type=\"widget\" data-widget_type=\"heading.default\">\n\t\t\t\t<div class=\"elementor-widget-container\">\n\t\t\t\t\t<h2 class=\"elementor-heading-title elementor-size-default\">AFER Europe<\/h2>\t\t\t\t<\/div>\n\t\t\t\t<\/div>\n\t\t\t\t<div class=\"elementor-element elementor-element-58efcb4 elementor-widget elementor-widget-text-editor\" data-id=\"58efcb4\" data-element_type=\"widget\" data-e-type=\"widget\" data-widget_type=\"text-editor.default\">\n\t\t\t\t<div class=\"elementor-widget-container\">\n\t\t\t\t\t\t\t\t\t<p>AFER Europe + est une association d\u2019\u00e9pargnants ind\u00e9pendante dont l\u2019objectif est de permettre \u00e0 ses adh\u00e9rents de se constituer une \u00e9pargne dans le meilleur cadre fiscal, juridique et financier possible. Elle les d\u00e9fend dans le cadre du partenariat \u00e9tabli avec l\u2019assureur Abeille assurances (ex-Aviva) et vis-\u00e0-vis des pouvoirs publics.<\/p>\t\t\t\t\t\t\t\t<\/div>\n\t\t\t\t<\/div>\n\t\t\t\t\t<\/div>\n\t\t<\/div>\n\t\t\t\t<div class=\"elementor-column elementor-col-50 elementor-top-column elementor-element elementor-element-99cc12b\" data-id=\"99cc12b\" data-element_type=\"column\" data-e-type=\"column\" data-settings=\"{&quot;background_background&quot;:&quot;classic&quot;}\">\n\t\t\t<div class=\"elementor-widget-wrap\">\n\t\t\t\t\t\t\t<\/div>\n\t\t<\/div>\n\t\t\t\t\t<\/div>\n\t\t<\/section>\n\t\t\t\t<section class=\"elementor-section elementor-top-section elementor-element elementor-element-208af96 elementor-section-boxed elementor-section-height-default elementor-section-height-default\" data-id=\"208af96\" data-element_type=\"section\" data-e-type=\"section\" data-settings=\"{&quot;background_background&quot;:&quot;classic&quot;}\">\n\t\t\t\t\t\t<div class=\"elementor-container elementor-column-gap-default\">\n\t\t\t\t\t<div class=\"elementor-column elementor-col-100 elementor-top-column elementor-element elementor-element-3f400a8\" data-id=\"3f400a8\" data-element_type=\"column\" data-e-type=\"column\">\n\t\t\t<div class=\"elementor-widget-wrap elementor-element-populated\">\n\t\t\t\t\t\t<section class=\"elementor-section elementor-inner-section elementor-element elementor-element-3ba685b elementor-section-boxed elementor-section-height-default elementor-section-height-default\" data-id=\"3ba685b\" data-element_type=\"section\" data-e-type=\"section\">\n\t\t\t\t\t\t<div class=\"elementor-container elementor-column-gap-default\">\n\t\t\t\t\t<div class=\"elementor-column elementor-col-33 elementor-inner-column elementor-element elementor-element-d54ba94\" data-id=\"d54ba94\" data-element_type=\"column\" data-e-type=\"column\">\n\t\t\t<div class=\"elementor-widget-wrap elementor-element-populated\">\n\t\t\t\t\t\t<div class=\"elementor-element elementor-element-7e75b52f elementor-widget elementor-widget-text-editor\" data-id=\"7e75b52f\" data-element_type=\"widget\" data-e-type=\"widget\" data-widget_type=\"text-editor.default\">\n\t\t\t\t<div class=\"elementor-widget-container\">\n\t\t\t\t\t\t\t\t\t<p>IDENTIT\u00c9<\/p><p>Cr\u00e9\u00e9 en\u00a0: 1976 (France)<br \/>Pr\u00e9sente en Belgique depuis\u00a0: 1989<br \/>Si\u00e8ge social belge\u00a0: Bruxelles<br \/>Site web\u00a0:\u00a0<a class=\"spip_url spip_out\" href=\"http:\/\/www.afer-europe.com\/\" target=\"_blank\" rel=\"external nofollow noopener\">www.afer-europe.com<\/a><br \/>Partenaire Ligne Bleue depuis\u00a0: 1990<br \/>Statut Ligne Bleue\u00a0: Courtier<\/p>\t\t\t\t\t\t\t\t<\/div>\n\t\t\t\t<\/div>\n\t\t\t\t\t<\/div>\n\t\t<\/div>\n\t\t\t\t<div class=\"elementor-column elementor-col-33 elementor-inner-column elementor-element elementor-element-4de114b\" data-id=\"4de114b\" data-element_type=\"column\" data-e-type=\"column\">\n\t\t\t<div class=\"elementor-widget-wrap elementor-element-populated\">\n\t\t\t\t\t\t<div class=\"elementor-element elementor-element-c851c19 elementor-widget elementor-widget-text-editor\" data-id=\"c851c19\" data-element_type=\"widget\" data-e-type=\"widget\" data-widget_type=\"text-editor.default\">\n\t\t\t\t<div class=\"elementor-widget-container\">\n\t\t\t\t\t\t\t\t\t<p>PRODUIT : Assurance-vie de branche 21 et 23<\/p><p><i>Ce contrat est ferm\u00e9 aux nouvelles souscriptions depuis le 27 novembre 2015. Les contrats existants sont par contre toujours actifs et peuvent \u00eatre pleinement utilis\u00e9s par leur titulaire. C\u2019est pourquoi Ligne Bleue continue d\u2019assurer le service aux adh\u00e9rents ayant souscrit par son interm\u00e9diaire. A d\u00e9faut, un mandat peut lui \u00eatre confi\u00e9. Cette d\u00e9marche n\u2019occasionne aucun frais.<\/i><\/p>\t\t\t\t\t\t\t\t<\/div>\n\t\t\t\t<\/div>\n\t\t\t\t\t<\/div>\n\t\t<\/div>\n\t\t\t\t<div class=\"elementor-column elementor-col-33 elementor-inner-column elementor-element elementor-element-f740e9e\" data-id=\"f740e9e\" data-element_type=\"column\" data-e-type=\"column\">\n\t\t\t<div class=\"elementor-widget-wrap elementor-element-populated\">\n\t\t\t\t\t\t<div class=\"elementor-element elementor-element-559090a2 elementor-widget elementor-widget-text-editor\" data-id=\"559090a2\" data-element_type=\"widget\" data-e-type=\"widget\" data-widget_type=\"text-editor.default\">\n\t\t\t\t<div class=\"elementor-widget-container\">\n\t\t\t\t\t\t\t\t\t<p>LE CHOIX DE LIGNE BLEUE<\/p><p>Souplesse, transparence, mode associatif, rendement, cr\u00e9ativit\u00e9 ont toujours \u00e9t\u00e9 les atouts de ce contrat unique.<\/p><p>VOTRE AVANTAGE LIGNE BLEUE<\/p><p>Lors de la commercialisation, une r\u00e9duction des frais sur versements \u00e9tait appliqu\u00e9e par notre bureau. Depuis 2015, la compagnie n\u2019accepte malheureusement plus de modification de frais sur les contrats existants.<\/p>\t\t\t\t\t\t\t\t<\/div>\n\t\t\t\t<\/div>\n\t\t\t\t\t<\/div>\n\t\t<\/div>\n\t\t\t\t\t<\/div>\n\t\t<\/section>\n\t\t\t\t\t<\/div>\n\t\t<\/div>\n\t\t\t\t\t<\/div>\n\t\t<\/section>\n\t\t\t\t<section class=\"elementor-section elementor-top-section elementor-element elementor-element-3d1baceb elementor-section-content-middle elementor-section-boxed elementor-section-height-default elementor-section-height-default\" data-id=\"3d1baceb\" data-element_type=\"section\" data-e-type=\"section\">\n\t\t\t\t\t\t\t<div class=\"elementor-background-overlay\"><\/div>\n\t\t\t\t\t\t\t<div class=\"elementor-container elementor-column-gap-no\">\n\t\t\t\t\t<div class=\"elementor-column elementor-col-33 elementor-top-column elementor-element elementor-element-59a40306\" data-id=\"59a40306\" data-element_type=\"column\" data-e-type=\"column\">\n\t\t\t<div class=\"elementor-widget-wrap elementor-element-populated\">\n\t\t\t\t\t\t<div class=\"elementor-element elementor-element-2003bef2 elementor-widget elementor-widget-image\" data-id=\"2003bef2\" data-element_type=\"widget\" data-e-type=\"widget\" data-widget_type=\"image.default\">\n\t\t\t\t<div class=\"elementor-widget-container\">\n\t\t\t\t\t\t\t\t\t\t\t\t\t\t\t<img fetchpriority=\"high\" decoding=\"async\" width=\"587\" height=\"825\" src=\"https:\/\/www.lignebleue.biz\/wp-content\/uploads\/2021\/03\/toute_une_affaire.png\" class=\"elementor-animation-grow attachment-full size-full wp-image-2149\" alt=\"\" srcset=\"https:\/\/www.lignebleue.biz\/wp-content\/uploads\/2021\/03\/toute_une_affaire.png 587w, https:\/\/www.lignebleue.biz\/wp-content\/uploads\/2021\/03\/toute_une_affaire-213x300.png 213w\" sizes=\"(max-width: 587px) 100vw, 587px\" style=\"width:100%;height:140.55%;max-width:587px\" \/>\t\t\t\t\t\t\t\t\t\t\t\t\t\t\t<\/div>\n\t\t\t\t<\/div>\n\t\t\t\t\t<\/div>\n\t\t<\/div>\n\t\t\t\t<div class=\"elementor-column elementor-col-33 elementor-top-column elementor-element elementor-element-4792a80c\" data-id=\"4792a80c\" data-element_type=\"column\" data-e-type=\"column\">\n\t\t\t<div class=\"elementor-widget-wrap elementor-element-populated\">\n\t\t\t\t\t\t<div class=\"elementor-element elementor-element-364d545c elementor-widget elementor-widget-heading\" data-id=\"364d545c\" data-element_type=\"widget\" data-e-type=\"widget\" data-widget_type=\"heading.default\">\n\t\t\t\t<div class=\"elementor-widget-container\">\n\t\t\t\t\t<h3 class=\"elementor-heading-title elementor-size-default\">Le livre qui traite du sujet<\/h3>\t\t\t\t<\/div>\n\t\t\t\t<\/div>\n\t\t\t\t<div class=\"elementor-element elementor-element-c518f6e elementor-widget elementor-widget-text-editor\" data-id=\"c518f6e\" data-element_type=\"widget\" data-e-type=\"widget\" data-widget_type=\"text-editor.default\">\n\t\t\t\t<div class=\"elementor-widget-container\">\n\t\t\t\t\t\t\t\t\t<p>Toute une affaire, par l&rsquo;abb\u00e9 C\u00e9daire<\/p>\t\t\t\t\t\t\t\t<\/div>\n\t\t\t\t<\/div>\n\t\t\t\t<div class=\"elementor-element elementor-element-76f2259b elementor-widget__width-inherit elementor-align-left elementor-invisible elementor-widget elementor-widget-button\" data-id=\"76f2259b\" data-element_type=\"widget\" data-e-type=\"widget\" data-settings=\"{&quot;_animation&quot;:&quot;fadeIn&quot;,&quot;_animation_delay&quot;:&quot;200&quot;}\" data-widget_type=\"button.default\">\n\t\t\t\t<div class=\"elementor-widget-container\">\n\t\t\t\t\t\t\t\t\t<div class=\"elementor-button-wrapper\">\n\t\t\t\t\t<a class=\"elementor-button elementor-button-link elementor-size-sm\" href=\"https:\/\/www.lignebleue.biz\/index.php\/librairie\/toute-une-affaire\/\" target=\"_blank\">\n\t\t\t\t\t\t<span class=\"elementor-button-content-wrapper\">\n\t\t\t\t\t\t\t\t\t<span class=\"elementor-button-text\">En savoir plus<\/span>\n\t\t\t\t\t<\/span>\n\t\t\t\t\t<\/a>\n\t\t\t\t<\/div>\n\t\t\t\t\t\t\t\t<\/div>\n\t\t\t\t<\/div>\n\t\t\t\t\t<\/div>\n\t\t<\/div>\n\t\t\t\t<div class=\"elementor-column elementor-col-33 elementor-top-column elementor-element elementor-element-233f099a\" data-id=\"233f099a\" data-element_type=\"column\" data-e-type=\"column\">\n\t\t\t<div class=\"elementor-widget-wrap\">\n\t\t\t\t\t\t\t<\/div>\n\t\t<\/div>\n\t\t\t\t\t<\/div>\n\t\t<\/section>\n\t\t\t\t<section class=\"elementor-section elementor-top-section elementor-element elementor-element-26ac37d4 elementor-section-boxed elementor-section-height-default elementor-section-height-default\" data-id=\"26ac37d4\" data-element_type=\"section\" data-e-type=\"section\" id=\"partenaires\" data-settings=\"{&quot;background_background&quot;:&quot;classic&quot;}\">\n\t\t\t\t\t\t<div class=\"elementor-container elementor-column-gap-default\">\n\t\t\t\t\t<div class=\"elementor-column elementor-col-100 elementor-top-column elementor-element elementor-element-7259200c\" data-id=\"7259200c\" data-element_type=\"column\" data-e-type=\"column\">\n\t\t\t<div class=\"elementor-widget-wrap elementor-element-populated\">\n\t\t\t\t\t\t<div class=\"elementor-element elementor-element-e0a979b elementor-widget elementor-widget-heading\" data-id=\"e0a979b\" data-element_type=\"widget\" data-e-type=\"widget\" data-widget_type=\"heading.default\">\n\t\t\t\t<div class=\"elementor-widget-container\">\n\t\t\t\t\t<h5 class=\"elementor-heading-title elementor-size-default\">Et si vous d\u00e9couvriez nos autres partenaires ?<\/h5>\t\t\t\t<\/div>\n\t\t\t\t<\/div>\n\t\t\t\t<div class=\"elementor-element elementor-element-2601a5d elementor-widget-divider--view-line elementor-widget elementor-widget-divider\" data-id=\"2601a5d\" data-element_type=\"widget\" data-e-type=\"widget\" data-widget_type=\"divider.default\">\n\t\t\t\t<div class=\"elementor-widget-container\">\n\t\t\t\t\t\t\t<div class=\"elementor-divider\">\n\t\t\t<span class=\"elementor-divider-separator\">\n\t\t\t\t\t\t<\/span>\n\t\t<\/div>\n\t\t\t\t\t\t<\/div>\n\t\t\t\t<\/div>\n\t\t\t\t\t<\/div>\n\t\t<\/div>\n\t\t\t\t\t<\/div>\n\t\t<\/section>\n\t\t\t\t<section class=\"elementor-section elementor-inner-section elementor-element elementor-element-7c75a68 elementor-section-boxed elementor-section-height-default elementor-section-height-default\" data-id=\"7c75a68\" data-element_type=\"section\" data-e-type=\"section\">\n\t\t\t\t\t\t<div class=\"elementor-container elementor-column-gap-default\">\n\t\t\t\t\t<div class=\"elementor-column elementor-col-25 elementor-inner-column elementor-element elementor-element-d693d62\" data-id=\"d693d62\" data-element_type=\"column\" data-e-type=\"column\">\n\t\t\t<div class=\"elementor-widget-wrap elementor-element-populated\">\n\t\t\t\t\t\t<div class=\"elementor-element elementor-element-27550dc elementor-widget elementor-widget-image\" data-id=\"27550dc\" data-element_type=\"widget\" data-e-type=\"widget\" data-widget_type=\"image.default\">\n\t\t\t\t<div class=\"elementor-widget-container\">\n\t\t\t\t\t\t\t\t\t\t\t\t\t\t\t\t<a href=\"https:\/\/www.lignebleue.biz\/index.php\/pattenaires\/partenaires-baloise\/\">\n\t\t\t\t\t\t\t<img decoding=\"async\" width=\"1200\" height=\"338\" src=\"https:\/\/www.lignebleue.biz\/wp-content\/uploads\/2021\/02\/1200px-Logo_Baloise_Assurances.svg.png\" class=\"attachment-full size-full wp-image-1770\" alt=\"\" srcset=\"https:\/\/www.lignebleue.biz\/wp-content\/uploads\/2021\/02\/1200px-Logo_Baloise_Assurances.svg.png 1200w, https:\/\/www.lignebleue.biz\/wp-content\/uploads\/2021\/02\/1200px-Logo_Baloise_Assurances.svg-600x169.png 600w, https:\/\/www.lignebleue.biz\/wp-content\/uploads\/2021\/02\/1200px-Logo_Baloise_Assurances.svg-300x85.png 300w, https:\/\/www.lignebleue.biz\/wp-content\/uploads\/2021\/02\/1200px-Logo_Baloise_Assurances.svg-1024x288.png 1024w, https:\/\/www.lignebleue.biz\/wp-content\/uploads\/2021\/02\/1200px-Logo_Baloise_Assurances.svg-768x216.png 768w\" sizes=\"(max-width: 1200px) 100vw, 1200px\" style=\"width:100%;height:28.17%;max-width:1200px\" \/>\t\t\t\t\t\t\t\t<\/a>\n\t\t\t\t\t\t\t\t\t\t\t\t\t\t\t<\/div>\n\t\t\t\t<\/div>\n\t\t\t\t\t<\/div>\n\t\t<\/div>\n\t\t\t\t<div class=\"elementor-column elementor-col-25 elementor-inner-column elementor-element elementor-element-e5617fa\" data-id=\"e5617fa\" data-element_type=\"column\" data-e-type=\"column\">\n\t\t\t<div class=\"elementor-widget-wrap elementor-element-populated\">\n\t\t\t\t\t\t<div class=\"elementor-element elementor-element-b8363cf elementor-widget elementor-widget-image\" data-id=\"b8363cf\" data-element_type=\"widget\" data-e-type=\"widget\" data-widget_type=\"image.default\">\n\t\t\t\t<div class=\"elementor-widget-container\">\n\t\t\t\t\t\t\t\t\t\t\t\t\t\t\t\t<a href=\"https:\/\/www.lignebleue.biz\/index.php\/pattenaires\/allianz\/\">\n\t\t\t\t\t\t\t<img decoding=\"async\" width=\"129\" height=\"46\" src=\"https:\/\/www.lignebleue.biz\/wp-content\/uploads\/2024\/11\/Allianz-1.jpg\" class=\"attachment-full size-full wp-image-10632\" alt=\"\" style=\"width:100%;height:35.66%;max-width:129px\" \/>\t\t\t\t\t\t\t\t<\/a>\n\t\t\t\t\t\t\t\t\t\t\t\t\t\t\t<\/div>\n\t\t\t\t<\/div>\n\t\t\t\t\t<\/div>\n\t\t<\/div>\n\t\t\t\t<div class=\"elementor-column elementor-col-25 elementor-inner-column elementor-element elementor-element-3cc9f98\" data-id=\"3cc9f98\" data-element_type=\"column\" data-e-type=\"column\">\n\t\t\t<div class=\"elementor-widget-wrap elementor-element-populated\">\n\t\t\t\t\t\t<div class=\"elementor-element elementor-element-6748363 elementor-widget elementor-widget-image\" data-id=\"6748363\" data-element_type=\"widget\" data-e-type=\"widget\" data-widget_type=\"image.default\">\n\t\t\t\t<div class=\"elementor-widget-container\">\n\t\t\t\t\t\t\t\t\t\t\t\t\t\t\t\t<a href=\"https:\/\/www.lignebleue.biz\/index.php\/pattenaires\/partenaires-afi-esca\/\" target=\"_blank\">\n\t\t\t\t\t\t\t<img loading=\"lazy\" decoding=\"async\" width=\"1000\" height=\"600\" src=\"https:\/\/www.lignebleue.biz\/wp-content\/uploads\/2021\/02\/afiesca.jpg\" class=\"attachment-full size-full wp-image-1767\" alt=\"\" srcset=\"https:\/\/www.lignebleue.biz\/wp-content\/uploads\/2021\/02\/afiesca.jpg 1000w, https:\/\/www.lignebleue.biz\/wp-content\/uploads\/2021\/02\/afiesca-600x360.jpg 600w, https:\/\/www.lignebleue.biz\/wp-content\/uploads\/2021\/02\/afiesca-300x180.jpg 300w, https:\/\/www.lignebleue.biz\/wp-content\/uploads\/2021\/02\/afiesca-768x461.jpg 768w\" sizes=\"(max-width: 1000px) 100vw, 1000px\" style=\"width:100%;height:60%;max-width:1000px\" \/>\t\t\t\t\t\t\t\t<\/a>\n\t\t\t\t\t\t\t\t\t\t\t\t\t\t\t<\/div>\n\t\t\t\t<\/div>\n\t\t\t\t\t<\/div>\n\t\t<\/div>\n\t\t\t\t<div class=\"elementor-column elementor-col-25 elementor-inner-column elementor-element elementor-element-3ffcd5f\" data-id=\"3ffcd5f\" data-element_type=\"column\" data-e-type=\"column\">\n\t\t\t<div class=\"elementor-widget-wrap elementor-element-populated\">\n\t\t\t\t\t\t<div class=\"elementor-element elementor-element-f37594d elementor-widget elementor-widget-image\" data-id=\"f37594d\" data-element_type=\"widget\" data-e-type=\"widget\" data-widget_type=\"image.default\">\n\t\t\t\t<div class=\"elementor-widget-container\">\n\t\t\t\t\t\t\t\t\t\t\t\t\t\t\t\t<a href=\"https:\/\/www.lignebleue.biz\/index.php\/pattenaires\/partenaires-athora\/\">\n\t\t\t\t\t\t\t<img loading=\"lazy\" decoding=\"async\" width=\"1024\" height=\"512\" src=\"https:\/\/www.lignebleue.biz\/wp-content\/uploads\/2021\/02\/7417_Athora_logo_RGB_300.jpg\" class=\"attachment-full size-full wp-image-1765\" alt=\"\" srcset=\"https:\/\/www.lignebleue.biz\/wp-content\/uploads\/2021\/02\/7417_Athora_logo_RGB_300.jpg 1024w, https:\/\/www.lignebleue.biz\/wp-content\/uploads\/2021\/02\/7417_Athora_logo_RGB_300-600x300.jpg 600w, https:\/\/www.lignebleue.biz\/wp-content\/uploads\/2021\/02\/7417_Athora_logo_RGB_300-300x150.jpg 300w, https:\/\/www.lignebleue.biz\/wp-content\/uploads\/2021\/02\/7417_Athora_logo_RGB_300-768x384.jpg 768w\" sizes=\"(max-width: 1024px) 100vw, 1024px\" style=\"width:100%;height:50%;max-width:1024px\" \/>\t\t\t\t\t\t\t\t<\/a>\n\t\t\t\t\t\t\t\t\t\t\t\t\t\t\t<\/div>\n\t\t\t\t<\/div>\n\t\t\t\t\t<\/div>\n\t\t<\/div>\n\t\t\t\t\t<\/div>\n\t\t<\/section>\n\t\t\t\t<section class=\"elementor-section elementor-inner-section elementor-element elementor-element-b5fa1c4 elementor-section-boxed elementor-section-height-default elementor-section-height-default\" data-id=\"b5fa1c4\" data-element_type=\"section\" data-e-type=\"section\">\n\t\t\t\t\t\t<div class=\"elementor-container elementor-column-gap-default\">\n\t\t\t\t\t<div class=\"elementor-column elementor-col-20 elementor-inner-column elementor-element elementor-element-d7c95ee\" data-id=\"d7c95ee\" data-element_type=\"column\" data-e-type=\"column\">\n\t\t\t<div class=\"elementor-widget-wrap\">\n\t\t\t\t\t\t\t<\/div>\n\t\t<\/div>\n\t\t\t\t<div class=\"elementor-column elementor-col-20 elementor-inner-column elementor-element elementor-element-cf4ae55\" data-id=\"cf4ae55\" data-element_type=\"column\" data-e-type=\"column\">\n\t\t\t<div class=\"elementor-widget-wrap elementor-element-populated\">\n\t\t\t\t\t\t<div class=\"elementor-element elementor-element-605ce6f elementor-widget elementor-widget-image\" data-id=\"605ce6f\" data-element_type=\"widget\" data-e-type=\"widget\" data-widget_type=\"image.default\">\n\t\t\t\t<div class=\"elementor-widget-container\">\n\t\t\t\t\t\t\t\t\t\t\t\t\t\t\t\t<a href=\"https:\/\/www.lignebleue.biz\/index.php\/pattenaires\/partenaires-cardif\/\">\n\t\t\t\t\t\t\t<img loading=\"lazy\" decoding=\"async\" width=\"600\" height=\"600\" src=\"https:\/\/www.lignebleue.biz\/wp-content\/uploads\/2021\/02\/cardif_600x600.png\" class=\"attachment-full size-full wp-image-1942\" alt=\"\" srcset=\"https:\/\/www.lignebleue.biz\/wp-content\/uploads\/2021\/02\/cardif_600x600.png 600w, https:\/\/www.lignebleue.biz\/wp-content\/uploads\/2021\/02\/cardif_600x600-450x450.png 450w, https:\/\/www.lignebleue.biz\/wp-content\/uploads\/2021\/02\/cardif_600x600-100x100.png 100w, https:\/\/www.lignebleue.biz\/wp-content\/uploads\/2021\/02\/cardif_600x600-300x300.png 300w, https:\/\/www.lignebleue.biz\/wp-content\/uploads\/2021\/02\/cardif_600x600-150x150.png 150w\" sizes=\"(max-width: 600px) 100vw, 600px\" style=\"width:100%;height:100%;max-width:600px\" \/>\t\t\t\t\t\t\t\t<\/a>\n\t\t\t\t\t\t\t\t\t\t\t\t\t\t\t<\/div>\n\t\t\t\t<\/div>\n\t\t\t\t\t<\/div>\n\t\t<\/div>\n\t\t\t\t<div class=\"elementor-column elementor-col-20 elementor-inner-column elementor-element elementor-element-246a411\" data-id=\"246a411\" data-element_type=\"column\" data-e-type=\"column\">\n\t\t\t<div class=\"elementor-widget-wrap elementor-element-populated\">\n\t\t\t\t\t\t<div class=\"elementor-element elementor-element-00a1348 elementor-widget elementor-widget-image\" data-id=\"00a1348\" data-element_type=\"widget\" data-e-type=\"widget\" data-widget_type=\"image.default\">\n\t\t\t\t<div class=\"elementor-widget-container\">\n\t\t\t\t\t\t\t\t\t\t\t\t\t\t\t\t<a href=\"https:\/\/www.lignebleue.biz\/index.php\/pattenaires\/partenaires-patronale-life\/\">\n\t\t\t\t\t\t\t<img loading=\"lazy\" decoding=\"async\" width=\"479\" height=\"105\" src=\"https:\/\/www.lignebleue.biz\/wp-content\/uploads\/2021\/02\/patronal.png\" class=\"attachment-full size-full wp-image-1766\" alt=\"\" srcset=\"https:\/\/www.lignebleue.biz\/wp-content\/uploads\/2021\/02\/patronal.png 479w, https:\/\/www.lignebleue.biz\/wp-content\/uploads\/2021\/02\/patronal-300x66.png 300w\" sizes=\"(max-width: 479px) 100vw, 479px\" style=\"width:100%;height:21.92%;max-width:479px\" \/>\t\t\t\t\t\t\t\t<\/a>\n\t\t\t\t\t\t\t\t\t\t\t\t\t\t\t<\/div>\n\t\t\t\t<\/div>\n\t\t\t\t\t<\/div>\n\t\t<\/div>\n\t\t\t\t<div class=\"elementor-column elementor-col-20 elementor-inner-column elementor-element elementor-element-f1bc5ba\" data-id=\"f1bc5ba\" data-element_type=\"column\" data-e-type=\"column\">\n\t\t\t<div class=\"elementor-widget-wrap elementor-element-populated\">\n\t\t\t\t\t\t<div class=\"elementor-element elementor-element-31d0358 elementor-widget elementor-widget-image\" data-id=\"31d0358\" data-element_type=\"widget\" data-e-type=\"widget\" data-widget_type=\"image.default\">\n\t\t\t\t<div class=\"elementor-widget-container\">\n\t\t\t\t\t\t\t\t\t\t\t\t\t\t\t\t<a href=\"https:\/\/www.lignebleue.biz\/index.php\/pattenaires\/partenaires-wilink\/\">\n\t\t\t\t\t\t\t<img loading=\"lazy\" decoding=\"async\" width=\"512\" height=\"137\" src=\"https:\/\/www.lignebleue.biz\/wp-content\/uploads\/2021\/02\/wilink.jpg\" class=\"attachment-full size-full wp-image-1769\" alt=\"\" srcset=\"https:\/\/www.lignebleue.biz\/wp-content\/uploads\/2021\/02\/wilink.jpg 512w, https:\/\/www.lignebleue.biz\/wp-content\/uploads\/2021\/02\/wilink-300x80.jpg 300w\" sizes=\"(max-width: 512px) 100vw, 512px\" style=\"width:100%;height:26.76%;max-width:512px\" \/>\t\t\t\t\t\t\t\t<\/a>\n\t\t\t\t\t\t\t\t\t\t\t\t\t\t\t<\/div>\n\t\t\t\t<\/div>\n\t\t\t\t\t<\/div>\n\t\t<\/div>\n\t\t\t\t<div class=\"elementor-column elementor-col-20 elementor-inner-column elementor-element elementor-element-901f92a\" data-id=\"901f92a\" data-element_type=\"column\" data-e-type=\"column\">\n\t\t\t<div class=\"elementor-widget-wrap\">\n\t\t\t\t\t\t\t<\/div>\n\t\t<\/div>\n\t\t\t\t\t<\/div>\n\t\t<\/section>\n\t\t\t\t<\/div>\n\t\t","protected":false},"excerpt":{"rendered":"<p>AFER Europe AFER Europe + est une association d&rsquo;\u00e9pargnants ind\u00e9pendante dont l&rsquo;objectif est de permettre \u00e0\u00a0 ses adh\u00e9rents de se constituer une \u00e9pargne dans le meilleur cadre fiscal, juridique et financier possible. Elle les d\u00e9fend dans le cadre du partenariat \u00e9tabli avec l&rsquo;assureur Abeille assurances (ex-Aviva) et vis-\u00e0\u00a0-vis des pouvoirs publics. IDENTIT\u00e0\u2030 Cr\u00e9\u00e9 en\u00a0: 1976&hellip; <a class=\"more-link\" href=\"https:\/\/www.lignebleue.biz\/index.php\/pattenaires\/partenaire-afer-europe\/\">Continue reading <span class=\"screen-reader-text\">AFER Europe<\/span><\/a><\/p>\n","protected":false},"author":1,"featured_media":0,"parent":419,"menu_order":0,"comment_status":"closed","ping_status":"closed","template":"elementor_header_footer","meta":{"_eb_attr":"","footnotes":""},"class_list":["post-2129","page","type-page","status-publish","hentry","entry"],"_links":{"self":[{"href":"https:\/\/www.lignebleue.biz\/index.php\/wp-json\/wp\/v2\/pages\/2129","targetHints":{"allow":["GET"]}}],"collection":[{"href":"https:\/\/www.lignebleue.biz\/index.php\/wp-json\/wp\/v2\/pages"}],"about":[{"href":"https:\/\/www.lignebleue.biz\/index.php\/wp-json\/wp\/v2\/types\/page"}],"author":[{"embeddable":true,"href":"https:\/\/www.lignebleue.biz\/index.php\/wp-json\/wp\/v2\/users\/1"}],"replies":[{"embeddable":true,"href":"https:\/\/www.lignebleue.biz\/index.php\/wp-json\/wp\/v2\/comments?post=2129"}],"version-history":[{"count":223,"href":"https:\/\/www.lignebleue.biz\/index.php\/wp-json\/wp\/v2\/pages\/2129\/revisions"}],"predecessor-version":[{"id":10684,"href":"https:\/\/www.lignebleue.biz\/index.php\/wp-json\/wp\/v2\/pages\/2129\/revisions\/10684"}],"up":[{"embeddable":true,"href":"https:\/\/www.lignebleue.biz\/index.php\/wp-json\/wp\/v2\/pages\/419"}],"wp:attachment":[{"href":"https:\/\/www.lignebleue.biz\/index.php\/wp-json\/wp\/v2\/media?parent=2129"}],"curies":[{"name":"wp","href":"https:\/\/api.w.org\/{rel}","templated":true}]}}